{"id":4838,"date":"2026-04-13T17:27:14","date_gmt":"2026-04-13T09:27:14","guid":{"rendered":"https:\/\/www.campgolfcart.com\/?post_type=product&#038;p=4838"},"modified":"2026-04-13T17:59:22","modified_gmt":"2026-04-13T09:59:22","slug":"carrinho-de-golfe-eletrico-personalizado-2-10-lugares-brasil-exportacao-ce","status":"publish","type":"product","link":"https:\/\/www.campgolfcart.com\/es\/product\/carrinho-de-golfe-eletrico-personalizado-2-10-lugares-brasil-exportacao-ce\/","title":{"rendered":"Carrinho de Golfe El\u00e9trico Personalizado de 2 a 10 Lugares | Fabricante para Brasil e Am\u00e9rica do Sul | Exporta\u00e7\u00e3o Global com Certifica\u00e7\u00e3o CE"},"content":{"rendered":"","protected":false},"excerpt":{"rendered":"<p>Model: 4-seater electric golf cart<br \/>\nMaximum Speed: 30-50Km\/h<br \/>\nElectronic Control: 5KW AC Intelligent Electronic Control<br \/>\nMotor: 3\/4\/5KW AC Motor<\/p>\n<p>This is a 4-seater golf cart from Brazil. The entire cart features a sophisticated and durable matte gray finish, with a simple, beautiful, and eye-catching design. Color, materials, seat, battery capacity, pedals, and rain guards are all customized to customer requirements. We provide portable services tailored to individual needs, meeting Brazil National Course Vehicle Standards. Our golf cart equipment is exported globally and holds multiple certifications, including CE. With superior product quality and excellent service, we offer personalized customization services to meet diverse customer needs, earning widespread acclaim. Currently, our golf carts are in use in over 200 countries worldwide, and can be seen everywhere in golf driving ranges, parks, communities, scenic streets, and factories. Our excellent after-sales service team is available 24\/7 to resolve any after-sales issues or emergencies.<\/p>\n<p>Application scene: special for golf practice places. Also, you can drive it in parks, communities, scenic streets, factories, etc. It is also suitable for major theme parks, scenic spots, amusement parks, etc.<br \/>\nCustomization options:<br \/>\nThe body and seat colors can be customized, and you can also add other accessories. If you are interested, please don\u2019t hesitate to contact us now!<\/p>","protected":false},"featured_media":4841,"template":"","meta":{"site-sidebar-layout":"no-sidebar","site-content-layout":"page-builder","ast-global-header-display":"","ast-banner-title-visibility":"","ast-main-header-display":"","ast-hfb-above-header-display":"","ast-hfb-below-header-display":"","ast-hfb-mobile-header-display":"","site-post-title":"disabled","ast-breadcrumbs-content":"","ast-featured-img":"disabled","footer-sml-layout":"","theme-transparent-header-meta":"default","adv-header-id-meta":"","stick-header-meta":"","header-above-stick-meta":"","header-main-stick-meta":"","header-below-stick-meta":""},"product_brand":[],"product_cat":[33],"product_tag":[74,260,261,72,131,73,78,423,405,87,381,380,389,383,378,387,388,384,425,390,419,395,393,392,394,391,379,386,420,432,430,401,411,409,410,435,414,398,421,399,427,426,65,66,51,382,424,417,416,418,429,113,293,43,99,408,407,422,396,413,403,402,431,433,434,428,412,404,415,400,397,385,406],"class_list":{"0":"post-4838","1":"product","2":"type-product","3":"status-publish","4":"has-post-thumbnail","6":"product_cat-product","7":"product_tag-10-passenger-golf-cart","8":"product_tag-2-seat-golf-cart","9":"product_tag-4-seat-golf-cart","10":"product_tag-6-passenger-golf-cart","11":"product_tag-6-seat-golf-cart","12":"product_tag-8-passenger-golf-cart","13":"product_tag-airport-shuttle-cart","14":"product_tag-atacado-carrinho-de-golfe","15":"product_tag-buggy-eletrico","16":"product_tag-campus-electric-vehicle","17":"product_tag-carrinho-de-golfe-4-lugares","18":"product_tag-carrinho-de-golfe-6-lugares","19":"product_tag-carrinho-de-golfe-bateria-litio","20":"product_tag-carrinho-de-golfe-china-fornecedor","21":"product_tag-carrinho-de-golfe-eletrico","22":"product_tag-carrinho-de-golfe-exportacao","23":"product_tag-carrinho-de-golfe-homologado-ce","24":"product_tag-carrinho-de-golfe-importacao-brasil","25":"product_tag-carrinho-de-golfe-marca-propria","26":"product_tag-carrinho-de-golfe-novo-para-venda","27":"product_tag-carrinho-de-golfe-oem","28":"product_tag-carrinho-de-golfe-para-aeroporto","29":"product_tag-carrinho-de-golfe-para-condominio","30":"product_tag-carrinho-de-golfe-para-hotel","31":"product_tag-carrinho-de-golfe-para-parque","32":"product_tag-carrinho-de-golfe-para-resort","33":"product_tag-carrinho-de-golfe-personalizado","34":"product_tag-carrinho-de-golfe-preco-atacado","35":"product_tag-carrinho-de-golfe-sob-medida","36":"product_tag-carrinho-de-limpeza-eletrica","37":"product_tag-carrinho-de-manutencao-eletrico","38":"product_tag-carrinho-de-passeio-turistico-eletrico","39":"product_tag-carrinho-eletrico-10-lugares","40":"product_tag-carrinho-eletrico-2-lugares","41":"product_tag-carrinho-eletrico-8-lugares","42":"product_tag-carrinho-eletrico-industrial","43":"product_tag-carrinho-off-road-eletrico","44":"product_tag-carrinho-para-campo-de-golfe","45":"product_tag-carrinho-personalizado-fabrica","46":"product_tag-carrinho-transporte-interno-fabrica","47":"product_tag-carro-eletrico-pequeno","48":"product_tag-custom-golf-cart-factory","49":"product_tag-custom-golf-cart-manufacturer","50":"product_tag-custom-golf-cart-supplier","51":"product_tag-electric-golf-cart","52":"product_tag-electric-golf-cart-manufacturer","53":"product_tag-exportador-de-veiculos-eletricos","54":"product_tag-fabrica-de-carrinho-de-golfe-china","55":"product_tag-fabricante-de-carrinho-de-golfe","56":"product_tag-fornecedor-de-veiculo-eletrico","57":"product_tag-golf-buggy-eletrico","58":"product_tag-golf-cart-batteries","59":"product_tag-golf-cart-for-sale","60":"product_tag-golf-cart-manufacturer","61":"product_tag-golf-cart-price","62":"product_tag-mini-onibus-eletrico","63":"product_tag-onibus-eletrico-pequeno","64":"product_tag-producao-carrinho-eletrico","65":"product_tag-shuttle-eletrico-aeroporto","66":"product_tag-transporte-eletrico-ecologico","67":"product_tag-transporte-interno-hospital","68":"product_tag-veiculo-de-seguranca-campus","69":"product_tag-veiculo-de-servico-eletrico","70":"product_tag-veiculo-eletrico-campus","71":"product_tag-veiculo-eletrico-condominio","72":"product_tag-veiculo-eletrico-de-baixa-velocidade","73":"product_tag-veiculo-eletrico-de-passageiros","74":"product_tag-veiculo-eletrico-leve","75":"product_tag-veiculo-eletrico-multifuncional","76":"product_tag-veiculo-eletrico-para-industria","77":"product_tag-veiculo-eletrico-para-turismo","78":"product_tag-veiculo-eletrico-utilitario-leve","79":"product_tag-veiculo-utilitario-eletrico","80":"desktop-align-left","81":"tablet-align-left","82":"mobile-align-left","84":"first","85":"instock","86":"shipping-taxable","87":"product-type-simple"},"yoast_head":"<!-- This site is optimized with the Yoast SEO Premium plugin v27.3 (Yoast SEO v27.3) - https:\/\/yoast.com\/product\/yoast-seo-premium-wordpress\/ -->\n<title>Carrinho de Golfe El\u00e9trico Personalizado de 2 a 10 Lugares | F\u00e1brica Exportadora para o Brasil e 192 Pa\u00edses | CE Certificado<\/title>\n<meta name=\"description\" content=\"Carrinho de golfe el\u00e9trico personalizado de 2 a 10 lugares, fabricado para uso em resorts, hot\u00e9is, condom\u00ednios, parques, f\u00e1bricas e campos de golfe. Oferecemos personaliza\u00e7\u00e3o completa de cor, assentos, bateria e acess\u00f3rios. Exporta\u00e7\u00e3o global para mais de 192 pa\u00edses com certifica\u00e7\u00e3o CE. Ideal para o mercado do Brasil e Am\u00e9rica do Sul, com alta durabilidade, design moderno e suporte p\u00f3s-venda 24h. Solicite seu or\u00e7amento agora.\" \/>\n<meta name=\"robots\" content=\"index, follow, max-snippet:-1, max-image-preview:large, max-video-preview:-1\" \/>\n<link rel=\"canonical\" href=\"https:\/\/www.campgolfcart.com\/es\/product\/carrinho-de-golfe-eletrico-personalizado-2-10-lugares-brasil-exportacao-ce\/\" \/>\n<meta property=\"og:locale\" content=\"es_ES\" \/>\n<meta property=\"og:type\" content=\"article\" \/>\n<meta property=\"og:title\" content=\"Carrinho de Golfe El\u00e9trico Personalizado de 2 a 10 Lugares | Fabricante para Brasil e Am\u00e9rica do Sul | Exporta\u00e7\u00e3o Global com Certifica\u00e7\u00e3o CE\" \/>\n<meta property=\"og:description\" content=\"Carrinho de golfe el\u00e9trico personalizado de 2 a 10 lugares, fabricado para uso em resorts, hot\u00e9is, condom\u00ednios, parques, f\u00e1bricas e campos de golfe. Oferecemos personaliza\u00e7\u00e3o completa de cor, assentos, bateria e acess\u00f3rios. Exporta\u00e7\u00e3o global para mais de 192 pa\u00edses com certifica\u00e7\u00e3o CE. Ideal para o mercado do Brasil e Am\u00e9rica do Sul, com alta durabilidade, design moderno e suporte p\u00f3s-venda 24h. Solicite seu or\u00e7amento agora.\" \/>\n<meta property=\"og:url\" content=\"https:\/\/www.campgolfcart.com\/es\/product\/carrinho-de-golfe-eletrico-personalizado-2-10-lugares-brasil-exportacao-ce\/\" \/>\n<meta property=\"og:site_name\" content=\"Golf Carts Export Worldwide\" \/>\n<meta property=\"article:modified_time\" content=\"2026-04-13T09:59:22+00:00\" \/>\n<meta property=\"og:image\" content=\"https:\/\/www.campgolfcart.com\/wp-content\/uploads\/2026\/04\/\u4e3b\u56fe-3-1-1024x1024.png\" \/>\n\t<meta property=\"og:image:width\" content=\"1024\" \/>\n\t<meta property=\"og:image:height\" content=\"1024\" \/>\n\t<meta property=\"og:image:type\" content=\"image\/png\" \/>\n<meta name=\"twitter:card\" content=\"summary_large_image\" \/>\n<meta name=\"twitter:label1\" content=\"Est. reading time\" \/>\n\t<meta name=\"twitter:data1\" content=\"1 minuto\" \/>\n<script type=\"application\/ld+json\" class=\"yoast-schema-graph\">{\"@context\":\"https:\\\/\\\/schema.org\",\"@graph\":[{\"@type\":\"WebPage\",\"@id\":\"https:\\\/\\\/www.campgolfcart.com\\\/product\\\/carrinho-de-golfe-eletrico-personalizado-2-10-lugares-brasil-exportacao-ce\\\/\",\"url\":\"https:\\\/\\\/www.campgolfcart.com\\\/product\\\/carrinho-de-golfe-eletrico-personalizado-2-10-lugares-brasil-exportacao-ce\\\/\",\"name\":\"Carrinho de Golfe El\u00e9trico Personalizado de 2 a 10 Lugares | F\u00e1brica Exportadora para o Brasil e 192 Pa\u00edses | CE Certificado\",\"isPartOf\":{\"@id\":\"https:\\\/\\\/www.campgolfcart.com\\\/#website\"},\"primaryImageOfPage\":{\"@id\":\"https:\\\/\\\/www.campgolfcart.com\\\/product\\\/carrinho-de-golfe-eletrico-personalizado-2-10-lugares-brasil-exportacao-ce\\\/#primaryimage\"},\"image\":{\"@id\":\"https:\\\/\\\/www.campgolfcart.com\\\/product\\\/carrinho-de-golfe-eletrico-personalizado-2-10-lugares-brasil-exportacao-ce\\\/#primaryimage\"},\"thumbnailUrl\":\"https:\\\/\\\/www.campgolfcart.com\\\/wp-content\\\/uploads\\\/2026\\\/04\\\/\u4e3b\u56fe-3-1.png\",\"datePublished\":\"2026-04-13T09:27:14+00:00\",\"dateModified\":\"2026-04-13T09:59:22+00:00\",\"description\":\"Carrinho de golfe el\u00e9trico personalizado de 2 a 10 lugares, fabricado para uso em resorts, hot\u00e9is, condom\u00ednios, parques, f\u00e1bricas e campos de golfe. Oferecemos personaliza\u00e7\u00e3o completa de cor, assentos, bateria e acess\u00f3rios. Exporta\u00e7\u00e3o global para mais de 192 pa\u00edses com certifica\u00e7\u00e3o CE. Ideal para o mercado do Brasil e Am\u00e9rica do Sul, com alta durabilidade, design moderno e suporte p\u00f3s-venda 24h. Solicite seu or\u00e7amento agora.\",\"breadcrumb\":{\"@id\":\"https:\\\/\\\/www.campgolfcart.com\\\/product\\\/carrinho-de-golfe-eletrico-personalizado-2-10-lugares-brasil-exportacao-ce\\\/#breadcrumb\"},\"inLanguage\":\"es\",\"potentialAction\":[{\"@type\":\"ReadAction\",\"target\":[\"https:\\\/\\\/www.campgolfcart.com\\\/product\\\/carrinho-de-golfe-eletrico-personalizado-2-10-lugares-brasil-exportacao-ce\\\/\"]}]},{\"@type\":\"ImageObject\",\"inLanguage\":\"es\",\"@id\":\"https:\\\/\\\/www.campgolfcart.com\\\/product\\\/carrinho-de-golfe-eletrico-personalizado-2-10-lugares-brasil-exportacao-ce\\\/#primaryimage\",\"url\":\"https:\\\/\\\/www.campgolfcart.com\\\/wp-content\\\/uploads\\\/2026\\\/04\\\/\u4e3b\u56fe-3-1.png\",\"contentUrl\":\"https:\\\/\\\/www.campgolfcart.com\\\/wp-content\\\/uploads\\\/2026\\\/04\\\/\u4e3b\u56fe-3-1.png\",\"width\":1200,\"height\":1200},{\"@type\":\"BreadcrumbList\",\"@id\":\"https:\\\/\\\/www.campgolfcart.com\\\/product\\\/carrinho-de-golfe-eletrico-personalizado-2-10-lugares-brasil-exportacao-ce\\\/#breadcrumb\",\"itemListElement\":[{\"@type\":\"ListItem\",\"position\":1,\"name\":\"Home\",\"item\":\"https:\\\/\\\/www.campgolfcart.com\\\/\"},{\"@type\":\"ListItem\",\"position\":2,\"name\":\"\u5546\u5e97\",\"item\":\"https:\\\/\\\/www.campgolfcart.com\\\/shop\\\/\"},{\"@type\":\"ListItem\",\"position\":3,\"name\":\"Carrinho de Golfe El\u00e9trico Personalizado de 2 a 10 Lugares | Fabricante para Brasil e Am\u00e9rica do Sul | Exporta\u00e7\u00e3o Global com Certifica\u00e7\u00e3o CE\"}]},{\"@type\":\"WebSite\",\"@id\":\"https:\\\/\\\/www.campgolfcart.com\\\/#website\",\"url\":\"https:\\\/\\\/www.campgolfcart.com\\\/\",\"name\":\"Camp golfcart\",\"description\":\"\",\"publisher\":{\"@id\":\"https:\\\/\\\/www.campgolfcart.com\\\/#organization\"},\"potentialAction\":[{\"@type\":\"SearchAction\",\"target\":{\"@type\":\"EntryPoint\",\"urlTemplate\":\"https:\\\/\\\/www.campgolfcart.com\\\/?s={search_term_string}\"},\"query-input\":{\"@type\":\"PropertyValueSpecification\",\"valueRequired\":true,\"valueName\":\"search_term_string\"}}],\"inLanguage\":\"es\"},{\"@type\":[\"Organization\",\"Place\"],\"@id\":\"https:\\\/\\\/www.campgolfcart.com\\\/#organization\",\"name\":\"Camp golfcart\",\"url\":\"https:\\\/\\\/www.campgolfcart.com\\\/\",\"logo\":{\"@id\":\"https:\\\/\\\/www.campgolfcart.com\\\/product\\\/carrinho-de-golfe-eletrico-personalizado-2-10-lugares-brasil-exportacao-ce\\\/#local-main-organization-logo\"},\"image\":{\"@id\":\"https:\\\/\\\/www.campgolfcart.com\\\/product\\\/carrinho-de-golfe-eletrico-personalizado-2-10-lugares-brasil-exportacao-ce\\\/#local-main-organization-logo\"},\"telephone\":[],\"openingHoursSpecification\":[{\"@type\":\"OpeningHoursSpecification\",\"dayOfWeek\":[\"Monday\",\"Tuesday\",\"Wednesday\",\"Thursday\",\"Friday\",\"Saturday\",\"Sunday\"],\"opens\":\"09:00\",\"closes\":\"17:00\"}]},{\"@type\":\"ImageObject\",\"inLanguage\":\"es\",\"@id\":\"https:\\\/\\\/www.campgolfcart.com\\\/product\\\/carrinho-de-golfe-eletrico-personalizado-2-10-lugares-brasil-exportacao-ce\\\/#local-main-organization-logo\",\"url\":\"https:\\\/\\\/www.campgolfcart.com\\\/wp-content\\\/uploads\\\/2024\\\/11\\\/henan-camp-logo.png\",\"contentUrl\":\"https:\\\/\\\/www.campgolfcart.com\\\/wp-content\\\/uploads\\\/2024\\\/11\\\/henan-camp-logo.png\",\"width\":50,\"height\":48,\"caption\":\"Camp golfcart\"}]}<\/script>\n<!-- \/ Yoast SEO Premium plugin. -->","yoast_head_json":{"title":"Carrinho de Golfe El\u00e9trico Personalizado de 2 a 10 Lugares | F\u00e1brica Exportadora para o Brasil e 192 Pa\u00edses | CE Certificado","description":"Carrinho de golfe el\u00e9trico personalizado de 2 a 10 lugares, fabricado para uso em resorts, hot\u00e9is, condom\u00ednios, parques, f\u00e1bricas e campos de golfe. Oferecemos personaliza\u00e7\u00e3o completa de cor, assentos, bateria e acess\u00f3rios. Exporta\u00e7\u00e3o global para mais de 192 pa\u00edses com certifica\u00e7\u00e3o CE. Ideal para o mercado do Brasil e Am\u00e9rica do Sul, com alta durabilidade, design moderno e suporte p\u00f3s-venda 24h. Solicite seu or\u00e7amento agora.","robots":{"index":"index","follow":"follow","max-snippet":"max-snippet:-1","max-image-preview":"max-image-preview:large","max-video-preview":"max-video-preview:-1"},"canonical":"https:\/\/www.campgolfcart.com\/es\/product\/carrinho-de-golfe-eletrico-personalizado-2-10-lugares-brasil-exportacao-ce\/","og_locale":"es_ES","og_type":"article","og_title":"Carrinho de Golfe El\u00e9trico Personalizado de 2 a 10 Lugares | Fabricante para Brasil e Am\u00e9rica do Sul | Exporta\u00e7\u00e3o Global com Certifica\u00e7\u00e3o CE","og_description":"Carrinho de golfe el\u00e9trico personalizado de 2 a 10 lugares, fabricado para uso em resorts, hot\u00e9is, condom\u00ednios, parques, f\u00e1bricas e campos de golfe. Oferecemos personaliza\u00e7\u00e3o completa de cor, assentos, bateria e acess\u00f3rios. Exporta\u00e7\u00e3o global para mais de 192 pa\u00edses com certifica\u00e7\u00e3o CE. Ideal para o mercado do Brasil e Am\u00e9rica do Sul, com alta durabilidade, design moderno e suporte p\u00f3s-venda 24h. Solicite seu or\u00e7amento agora.","og_url":"https:\/\/www.campgolfcart.com\/es\/product\/carrinho-de-golfe-eletrico-personalizado-2-10-lugares-brasil-exportacao-ce\/","og_site_name":"Golf Carts Export Worldwide","article_modified_time":"2026-04-13T09:59:22+00:00","og_image":[{"width":1024,"height":1024,"url":"https:\/\/www.campgolfcart.com\/wp-content\/uploads\/2026\/04\/\u4e3b\u56fe-3-1-1024x1024.png","type":"image\/png"}],"twitter_card":"summary_large_image","twitter_misc":{"Est. reading time":"1 minuto"},"schema":{"@context":"https:\/\/schema.org","@graph":[{"@type":"WebPage","@id":"https:\/\/www.campgolfcart.com\/product\/carrinho-de-golfe-eletrico-personalizado-2-10-lugares-brasil-exportacao-ce\/","url":"https:\/\/www.campgolfcart.com\/product\/carrinho-de-golfe-eletrico-personalizado-2-10-lugares-brasil-exportacao-ce\/","name":"Carrinho de Golfe El\u00e9trico Personalizado de 2 a 10 Lugares | F\u00e1brica Exportadora para o Brasil e 192 Pa\u00edses | CE Certificado","isPartOf":{"@id":"https:\/\/www.campgolfcart.com\/#website"},"primaryImageOfPage":{"@id":"https:\/\/www.campgolfcart.com\/product\/carrinho-de-golfe-eletrico-personalizado-2-10-lugares-brasil-exportacao-ce\/#primaryimage"},"image":{"@id":"https:\/\/www.campgolfcart.com\/product\/carrinho-de-golfe-eletrico-personalizado-2-10-lugares-brasil-exportacao-ce\/#primaryimage"},"thumbnailUrl":"https:\/\/www.campgolfcart.com\/wp-content\/uploads\/2026\/04\/\u4e3b\u56fe-3-1.png","datePublished":"2026-04-13T09:27:14+00:00","dateModified":"2026-04-13T09:59:22+00:00","description":"Carrinho de golfe el\u00e9trico personalizado de 2 a 10 lugares, fabricado para uso em resorts, hot\u00e9is, condom\u00ednios, parques, f\u00e1bricas e campos de golfe. Oferecemos personaliza\u00e7\u00e3o completa de cor, assentos, bateria e acess\u00f3rios. Exporta\u00e7\u00e3o global para mais de 192 pa\u00edses com certifica\u00e7\u00e3o CE. Ideal para o mercado do Brasil e Am\u00e9rica do Sul, com alta durabilidade, design moderno e suporte p\u00f3s-venda 24h. Solicite seu or\u00e7amento agora.","breadcrumb":{"@id":"https:\/\/www.campgolfcart.com\/product\/carrinho-de-golfe-eletrico-personalizado-2-10-lugares-brasil-exportacao-ce\/#breadcrumb"},"inLanguage":"es","potentialAction":[{"@type":"ReadAction","target":["https:\/\/www.campgolfcart.com\/product\/carrinho-de-golfe-eletrico-personalizado-2-10-lugares-brasil-exportacao-ce\/"]}]},{"@type":"ImageObject","inLanguage":"es","@id":"https:\/\/www.campgolfcart.com\/product\/carrinho-de-golfe-eletrico-personalizado-2-10-lugares-brasil-exportacao-ce\/#primaryimage","url":"https:\/\/www.campgolfcart.com\/wp-content\/uploads\/2026\/04\/\u4e3b\u56fe-3-1.png","contentUrl":"https:\/\/www.campgolfcart.com\/wp-content\/uploads\/2026\/04\/\u4e3b\u56fe-3-1.png","width":1200,"height":1200},{"@type":"BreadcrumbList","@id":"https:\/\/www.campgolfcart.com\/product\/carrinho-de-golfe-eletrico-personalizado-2-10-lugares-brasil-exportacao-ce\/#breadcrumb","itemListElement":[{"@type":"ListItem","position":1,"name":"Home","item":"https:\/\/www.campgolfcart.com\/"},{"@type":"ListItem","position":2,"name":"\u5546\u5e97","item":"https:\/\/www.campgolfcart.com\/shop\/"},{"@type":"ListItem","position":3,"name":"Carrinho de Golfe El\u00e9trico Personalizado de 2 a 10 Lugares | Fabricante para Brasil e Am\u00e9rica do Sul | Exporta\u00e7\u00e3o Global com Certifica\u00e7\u00e3o CE"}]},{"@type":"WebSite","@id":"https:\/\/www.campgolfcart.com\/#website","url":"https:\/\/www.campgolfcart.com\/","name":"Camp golfcart","description":"","publisher":{"@id":"https:\/\/www.campgolfcart.com\/#organization"},"potentialAction":[{"@type":"SearchAction","target":{"@type":"EntryPoint","urlTemplate":"https:\/\/www.campgolfcart.com\/?s={search_term_string}"},"query-input":{"@type":"PropertyValueSpecification","valueRequired":true,"valueName":"search_term_string"}}],"inLanguage":"es"},{"@type":["Organization","Place"],"@id":"https:\/\/www.campgolfcart.com\/#organization","name":"Camp golfcart","url":"https:\/\/www.campgolfcart.com\/","logo":{"@id":"https:\/\/www.campgolfcart.com\/product\/carrinho-de-golfe-eletrico-personalizado-2-10-lugares-brasil-exportacao-ce\/#local-main-organization-logo"},"image":{"@id":"https:\/\/www.campgolfcart.com\/product\/carrinho-de-golfe-eletrico-personalizado-2-10-lugares-brasil-exportacao-ce\/#local-main-organization-logo"},"telephone":[],"openingHoursSpecification":[{"@type":"OpeningHoursSpecification","dayOfWeek":["Monday","Tuesday","Wednesday","Thursday","Friday","Saturday","Sunday"],"opens":"09:00","closes":"17:00"}]},{"@type":"ImageObject","inLanguage":"es","@id":"https:\/\/www.campgolfcart.com\/product\/carrinho-de-golfe-eletrico-personalizado-2-10-lugares-brasil-exportacao-ce\/#local-main-organization-logo","url":"https:\/\/www.campgolfcart.com\/wp-content\/uploads\/2024\/11\/henan-camp-logo.png","contentUrl":"https:\/\/www.campgolfcart.com\/wp-content\/uploads\/2024\/11\/henan-camp-logo.png","width":50,"height":48,"caption":"Camp golfcart"}]}},"jetpack_sharing_enabled":true,"_links":{"self":[{"href":"https:\/\/www.campgolfcart.com\/es\/wp-json\/wp\/v2\/product\/4838","targetHints":{"allow":["GET"]}}],"collection":[{"href":"https:\/\/www.campgolfcart.com\/es\/wp-json\/wp\/v2\/product"}],"about":[{"href":"https:\/\/www.campgolfcart.com\/es\/wp-json\/wp\/v2\/types\/product"}],"version-history":[{"count":3,"href":"https:\/\/www.campgolfcart.com\/es\/wp-json\/wp\/v2\/product\/4838\/revisions"}],"predecessor-version":[{"id":4864,"href":"https:\/\/www.campgolfcart.com\/es\/wp-json\/wp\/v2\/product\/4838\/revisions\/4864"}],"wp:featuredmedia":[{"embeddable":true,"href":"https:\/\/www.campgolfcart.com\/es\/wp-json\/wp\/v2\/media\/4841"}],"wp:attachment":[{"href":"https:\/\/www.campgolfcart.com\/es\/wp-json\/wp\/v2\/media?parent=4838"}],"wp:term":[{"taxonomy":"product_brand","embeddable":true,"href":"https:\/\/www.campgolfcart.com\/es\/wp-json\/wp\/v2\/product_brand?post=4838"},{"taxonomy":"product_cat","embeddable":true,"href":"https:\/\/www.campgolfcart.com\/es\/wp-json\/wp\/v2\/product_cat?post=4838"},{"taxonomy":"product_tag","embeddable":true,"href":"https:\/\/www.campgolfcart.com\/es\/wp-json\/wp\/v2\/product_tag?post=4838"}],"curies":[{"name":"wp","href":"https:\/\/api.w.org\/{rel}","templated":true}]}}