{"id":4866,"date":"2026-04-16T11:47:00","date_gmt":"2026-04-16T03:47:00","guid":{"rendered":"https:\/\/www.campgolfcart.com\/?post_type=product&#038;p=4866"},"modified":"2026-04-16T17:43:52","modified_gmt":"2026-04-16T09:43:52","slug":"custom-electric-golf-carts-for-sale-in-spain-42-seater-street-legal-fully-customizable","status":"publish","type":"product","link":"https:\/\/www.campgolfcart.com\/es\/producto\/custom-electric-golf-carts-for-sale-in-spain-42-seater-street-legal-fully-customizable\/","title":{"rendered":"Carrito de Golf El\u00e9ctrico 4+2 Plazas para Campos de Golf en Espa\u00f1a"},"content":{"rendered":"","protected":false},"excerpt":{"rendered":"<p>Modelo: Carrito de golf el\u00e9ctrico de 4 plazas<br \/>\nVelocidad m\u00e1xima: 30-50 km\/h<br \/>\nControl electr\u00f3nico: Control electr\u00f3nico inteligente de CA de 5 kW<br \/>\nMotor: Motor de CA de 3\/4\/5 kW<\/p>\n<p>This is a 4-seater golf cart from Spain. The entire cart features a sophisticated and durable matte gray finish, with a simple, beautiful, and eye-catching design. Color, materials, seat, battery capacity, pedals, and rain guards are all customized to customer requirements. We provide portable services tailored to individual needs, meeting Spain National Course Vehicle Standards. Our golf cart equipment is exported globally and holds multiple certifications, including CE. With superior product quality and excellent service, we offer personalized customization services to meet diverse customer needs, earning widespread acclaim. Currently, our golf carts are in use in over 200 countries worldwide, and can be seen everywhere in golf driving ranges, parks, communities, scenic streets, and factories. Our excellent after-sales service team is available 24\/7 to resolve any after-sales issues or emergencies.<\/p>\n<p>\u00c1mbito de aplicaci\u00f3n: ideal para campos de pr\u00e1ctica de golf. Tambi\u00e9n se puede utilizar en parques, urbanizaciones, calles con encanto, f\u00e1bricas, etc. Es adecuado para grandes parques tem\u00e1ticos, parajes naturales, parques de atracciones, etc.<br \/>\nOpciones de personalizaci\u00f3n:<br \/>\nPuedes personalizar el color de la carrocer\u00eda y los asientos, y tambi\u00e9n a\u00f1adir otros accesorios. Si te interesa, \u00a1no dudes en contactarnos!<\/p>","protected":false},"featured_media":4870,"template":"","meta":{"site-sidebar-layout":"no-sidebar","site-content-layout":"page-builder","ast-global-header-display":"","ast-banner-title-visibility":"","ast-main-header-display":"","ast-hfb-above-header-display":"","ast-hfb-below-header-display":"","ast-hfb-mobile-header-display":"","site-post-title":"disabled","ast-breadcrumbs-content":"","ast-featured-img":"disabled","footer-sml-layout":"","theme-transparent-header-meta":"default","adv-header-id-meta":"","stick-header-meta":"","header-above-stick-meta":"","header-main-stick-meta":"","header-below-stick-meta":""},"product_brand":[376],"product_cat":[33],"product_tag":[438,482,231,450,444,240,508,506,501,507,437,483,484,485,487,436,449,445,446,447,448,452,451,453,439,486,496,504,491,499,492,495,502,469,454,457,458,459,456,460,455,470,463,466,490,498,500,475,488,505,473,503,465,440,479,480,443,477,481,442,476,493,468,497,472,474,471,462,467,489,494,461,464,441,478],"class_list":{"0":"post-4866","1":"product","2":"type-product","3":"status-publish","4":"has-post-thumbnail","6":"product_brand-camp","7":"product_cat-product","8":"product_tag-buggy-de-golf-electrico","9":"product_tag-buggy-electrico","10":"product_tag-carrito-de-golf-electrico","11":"product_tag-carrito-de-golf-electrico-42-plazas","12":"product_tag-carrito-de-golf-electrico-espana","13":"product_tag-carrito-de-golf-electrico-personalizado","14":"product_tag-carrito-de-golf-fabricante","15":"product_tag-carrito-de-golf-oem","16":"product_tag-carrito-de-golf-profesional","17":"product_tag-carrito-de-golf-proveedor","18":"product_tag-carro-de-golf-electrico","19":"product_tag-coche-de-golf-4-plazas","20":"product_tag-coche-de-golf-6-plazas","21":"product_tag-coche-de-golf-8-plazas","22":"product_tag-coche-de-golf-bateria-litio","23":"product_tag-coche-de-golf-electrico","24":"product_tag-coche-de-golf-electrico-10-plazas","25":"product_tag-coche-de-golf-electrico-2-plazas","26":"product_tag-coche-de-golf-electrico-4-plazas","27":"product_tag-coche-de-golf-electrico-6-plazas","28":"product_tag-coche-de-golf-electrico-8-plazas","29":"product_tag-coche-de-golf-electrico-bateria-larga-duracion","30":"product_tag-coche-de-golf-electrico-bateria-litio","31":"product_tag-coche-de-golf-electrico-personalizado","32":"product_tag-coche-de-golf-electrico-precio","33":"product_tag-coche-de-golf-personalizado","34":"product_tag-coche-electrico-aeropuerto","35":"product_tag-coche-electrico-baja-velocidad","36":"product_tag-coche-electrico-comunidad","37":"product_tag-coche-electrico-ecologico","38":"product_tag-coche-electrico-fabrica","39":"product_tag-coche-electrico-hotel","40":"product_tag-coche-electrico-industrial","41":"product_tag-coche-electrico-para-atracciones","42":"product_tag-coche-electrico-para-campo-de-golf","43":"product_tag-coche-electrico-para-comunidad","44":"product_tag-coche-electrico-para-fabrica","45":"product_tag-coche-electrico-para-hotel","46":"product_tag-coche-electrico-para-parque","47":"product_tag-coche-electrico-para-parque-tematico","48":"product_tag-coche-electrico-para-resort","49":"product_tag-coche-electrico-para-resorts","50":"product_tag-coche-electrico-para-transporte-interno","51":"product_tag-coche-electrico-para-turismo","52":"product_tag-coche-electrico-parque","53":"product_tag-coche-electrico-parque-tematico","54":"product_tag-coche-electrico-personalizado","55":"product_tag-coche-electrico-sin-emisiones","56":"product_tag-coche-electrico-turistico","57":"product_tag-coche-electrico-turistico-resort","58":"product_tag-coche-electrico-urbano-pequeno","59":"product_tag-coche-electrico-utilitario","60":"product_tag-coche-turistico-electrico","61":"product_tag-comprar-coche-de-golf-electrico","62":"product_tag-comprar-coche-electrico-para-campo-de-golf","63":"product_tag-distribuidor-de-coches-electricos-para-resorts","64":"product_tag-fabricante-coche-de-golf-electrico","65":"product_tag-fabricante-de-carritos-de-golf-electricos","66":"product_tag-oem-carrito-de-golf-electrico","67":"product_tag-proveedor-coche-de-golf-electrico","68":"product_tag-proveedor-de-coches-de-golf-electricos","69":"product_tag-shuttle-electrico","70":"product_tag-tren-turistico-electrico","71":"product_tag-vehiculo-electrico-campus","72":"product_tag-vehiculo-electrico-de-baja-velocidad","73":"product_tag-vehiculo-electrico-ecologico","74":"product_tag-vehiculo-electrico-ligero","75":"product_tag-vehiculo-electrico-para-campus","76":"product_tag-vehiculo-electrico-para-parques-turisticos","77":"product_tag-vehiculo-electrico-resort","78":"product_tag-vehiculo-electrico-transporte","79":"product_tag-vehiculo-electrico-turistico","80":"product_tag-vehiculo-turistico-electrico","81":"product_tag-venta-coche-de-golf-electrico","82":"product_tag-venta-de-vehiculos-electricos-turisticos","83":"desktop-align-left","84":"tablet-align-left","85":"mobile-align-left","87":"first","88":"instock","89":"shipping-taxable","90":"product-type-simple"},"yoast_head":"<!-- This site is optimized with the Yoast SEO Premium plugin v27.3 (Yoast SEO v27.3) - https:\/\/yoast.com\/product\/yoast-seo-premium-wordpress\/ -->\n<title>Coche de Golf El\u00e9ctrico 4+2 Plazas Personalizado | Certificaci\u00f3n CE para Espa\u00f1a<\/title>\n<meta name=\"description\" content=\"Looking for electric golf carts for sale in Spain? We offer fully customizable 2\u2013to 10-seater golf carts with custom seats, colors, battery capacity, and accessories. Ideal for golf courses, parks, resorts, communities, and commercial use. Street-legal options available. 24\/7 after-sales support. Get a quote today\" \/>\n<meta name=\"robots\" content=\"index, follow, max-snippet:-1, max-image-preview:large, max-video-preview:-1\" \/>\n<link rel=\"canonical\" href=\"https:\/\/www.campgolfcart.com\/es\/producto\/custom-electric-golf-carts-for-sale-in-spain-42-seater-street-legal-fully-customizable\/\" \/>\n<meta property=\"og:locale\" content=\"es_ES\" \/>\n<meta property=\"og:type\" content=\"article\" \/>\n<meta property=\"og:title\" content=\"Carrito de Golf El\u00e9ctrico 4+2 Plazas para Campos de Golf en Espa\u00f1a\" \/>\n<meta property=\"og:description\" content=\"Looking for electric golf carts for sale in Spain? We offer fully customizable 2\u2013to 10-seater golf carts with custom seats, colors, battery capacity, and accessories. Ideal for golf courses, parks, resorts, communities, and commercial use. Street-legal options available. 24\/7 after-sales support. Get a quote today\" \/>\n<meta property=\"og:url\" content=\"https:\/\/www.campgolfcart.com\/es\/producto\/custom-electric-golf-carts-for-sale-in-spain-42-seater-street-legal-fully-customizable\/\" \/>\n<meta property=\"og:site_name\" content=\"Golf Carts Export Worldwide\" \/>\n<meta property=\"article:modified_time\" content=\"2026-04-16T09:43:52+00:00\" \/>\n<meta property=\"og:image\" content=\"https:\/\/www.campgolfcart.com\/wp-content\/uploads\/2026\/04\/\u4e3b\u56fe-\u62f7\u8d1d-2-2.jpg\" \/>\n\t<meta property=\"og:image:width\" content=\"800\" \/>\n\t<meta property=\"og:image:height\" content=\"800\" \/>\n\t<meta property=\"og:image:type\" content=\"image\/jpeg\" \/>\n<meta name=\"twitter:card\" content=\"summary_large_image\" \/>\n<meta name=\"twitter:label1\" content=\"Tiempo de lectura\" \/>\n\t<meta name=\"twitter:data1\" content=\"1 minuto\" \/>\n<script type=\"application\/ld+json\" class=\"yoast-schema-graph\">{\"@context\":\"https:\\\/\\\/schema.org\",\"@graph\":[{\"@type\":\"WebPage\",\"@id\":\"https:\\\/\\\/www.campgolfcart.com\\\/product\\\/custom-electric-golf-carts-for-sale-in-spain-42-seater-street-legal-fully-customizable\\\/\",\"url\":\"https:\\\/\\\/www.campgolfcart.com\\\/product\\\/custom-electric-golf-carts-for-sale-in-spain-42-seater-street-legal-fully-customizable\\\/\",\"name\":\"Coche de Golf El\u00e9ctrico 4+2 Plazas Personalizado | Certificaci\u00f3n CE para Espa\u00f1a\",\"isPartOf\":{\"@id\":\"https:\\\/\\\/www.campgolfcart.com\\\/#website\"},\"primaryImageOfPage\":{\"@id\":\"https:\\\/\\\/www.campgolfcart.com\\\/product\\\/custom-electric-golf-carts-for-sale-in-spain-42-seater-street-legal-fully-customizable\\\/#primaryimage\"},\"image\":{\"@id\":\"https:\\\/\\\/www.campgolfcart.com\\\/product\\\/custom-electric-golf-carts-for-sale-in-spain-42-seater-street-legal-fully-customizable\\\/#primaryimage\"},\"thumbnailUrl\":\"https:\\\/\\\/www.campgolfcart.com\\\/wp-content\\\/uploads\\\/2026\\\/04\\\/\u4e3b\u56fe-\u62f7\u8d1d-2-2.jpg\",\"datePublished\":\"2026-04-16T03:47:00+00:00\",\"dateModified\":\"2026-04-16T09:43:52+00:00\",\"description\":\"Looking for electric golf carts for sale in Spain? We offer fully customizable 2\u2013to 10-seater golf carts with custom seats, colors, battery capacity, and accessories. Ideal for golf courses, parks, resorts, communities, and commercial use. Street-legal options available. 24\\\/7 after-sales support. Get a quote today\",\"breadcrumb\":{\"@id\":\"https:\\\/\\\/www.campgolfcart.com\\\/product\\\/custom-electric-golf-carts-for-sale-in-spain-42-seater-street-legal-fully-customizable\\\/#breadcrumb\"},\"inLanguage\":\"es\",\"potentialAction\":[{\"@type\":\"ReadAction\",\"target\":[\"https:\\\/\\\/www.campgolfcart.com\\\/product\\\/custom-electric-golf-carts-for-sale-in-spain-42-seater-street-legal-fully-customizable\\\/\"]}]},{\"@type\":\"ImageObject\",\"inLanguage\":\"es\",\"@id\":\"https:\\\/\\\/www.campgolfcart.com\\\/product\\\/custom-electric-golf-carts-for-sale-in-spain-42-seater-street-legal-fully-customizable\\\/#primaryimage\",\"url\":\"https:\\\/\\\/www.campgolfcart.com\\\/wp-content\\\/uploads\\\/2026\\\/04\\\/\u4e3b\u56fe-\u62f7\u8d1d-2-2.jpg\",\"contentUrl\":\"https:\\\/\\\/www.campgolfcart.com\\\/wp-content\\\/uploads\\\/2026\\\/04\\\/\u4e3b\u56fe-\u62f7\u8d1d-2-2.jpg\",\"width\":800,\"height\":800},{\"@type\":\"BreadcrumbList\",\"@id\":\"https:\\\/\\\/www.campgolfcart.com\\\/product\\\/custom-electric-golf-carts-for-sale-in-spain-42-seater-street-legal-fully-customizable\\\/#breadcrumb\",\"itemListElement\":[{\"@type\":\"ListItem\",\"position\":1,\"name\":\"Home\",\"item\":\"https:\\\/\\\/www.campgolfcart.com\\\/\"},{\"@type\":\"ListItem\",\"position\":2,\"name\":\"\u5546\u5e97\",\"item\":\"https:\\\/\\\/www.campgolfcart.com\\\/shop\\\/\"},{\"@type\":\"ListItem\",\"position\":3,\"name\":\"Carrito de Golf El\u00e9ctrico 4+2 Plazas para Campos de Golf en Espa\u00f1a\"}]},{\"@type\":\"WebSite\",\"@id\":\"https:\\\/\\\/www.campgolfcart.com\\\/#website\",\"url\":\"https:\\\/\\\/www.campgolfcart.com\\\/\",\"name\":\"Camp golfcart\",\"description\":\"\",\"publisher\":{\"@id\":\"https:\\\/\\\/www.campgolfcart.com\\\/#organization\"},\"potentialAction\":[{\"@type\":\"SearchAction\",\"target\":{\"@type\":\"EntryPoint\",\"urlTemplate\":\"https:\\\/\\\/www.campgolfcart.com\\\/?s={search_term_string}\"},\"query-input\":{\"@type\":\"PropertyValueSpecification\",\"valueRequired\":true,\"valueName\":\"search_term_string\"}}],\"inLanguage\":\"es\"},{\"@type\":[\"Organization\",\"Place\"],\"@id\":\"https:\\\/\\\/www.campgolfcart.com\\\/#organization\",\"name\":\"Camp golfcart\",\"url\":\"https:\\\/\\\/www.campgolfcart.com\\\/\",\"logo\":{\"@id\":\"https:\\\/\\\/www.campgolfcart.com\\\/product\\\/custom-electric-golf-carts-for-sale-in-spain-42-seater-street-legal-fully-customizable\\\/#local-main-organization-logo\"},\"image\":{\"@id\":\"https:\\\/\\\/www.campgolfcart.com\\\/product\\\/custom-electric-golf-carts-for-sale-in-spain-42-seater-street-legal-fully-customizable\\\/#local-main-organization-logo\"},\"telephone\":[],\"openingHoursSpecification\":[{\"@type\":\"OpeningHoursSpecification\",\"dayOfWeek\":[\"Monday\",\"Tuesday\",\"Wednesday\",\"Thursday\",\"Friday\",\"Saturday\",\"Sunday\"],\"opens\":\"09:00\",\"closes\":\"17:00\"}]},{\"@type\":\"ImageObject\",\"inLanguage\":\"es\",\"@id\":\"https:\\\/\\\/www.campgolfcart.com\\\/product\\\/custom-electric-golf-carts-for-sale-in-spain-42-seater-street-legal-fully-customizable\\\/#local-main-organization-logo\",\"url\":\"https:\\\/\\\/www.campgolfcart.com\\\/wp-content\\\/uploads\\\/2024\\\/11\\\/henan-camp-logo.png\",\"contentUrl\":\"https:\\\/\\\/www.campgolfcart.com\\\/wp-content\\\/uploads\\\/2024\\\/11\\\/henan-camp-logo.png\",\"width\":50,\"height\":48,\"caption\":\"Camp golfcart\"}]}<\/script>\n<!-- \/ Yoast SEO Premium plugin. -->","yoast_head_json":{"title":"Coche de Golf El\u00e9ctrico 4+2 Plazas Personalizado | Certificaci\u00f3n CE para Espa\u00f1a","description":"Looking for electric golf carts for sale in Spain? We offer fully customizable 2\u2013to 10-seater golf carts with custom seats, colors, battery capacity, and accessories. Ideal for golf courses, parks, resorts, communities, and commercial use. Street-legal options available. 24\/7 after-sales support. Get a quote today","robots":{"index":"index","follow":"follow","max-snippet":"max-snippet:-1","max-image-preview":"max-image-preview:large","max-video-preview":"max-video-preview:-1"},"canonical":"https:\/\/www.campgolfcart.com\/es\/producto\/custom-electric-golf-carts-for-sale-in-spain-42-seater-street-legal-fully-customizable\/","og_locale":"es_ES","og_type":"article","og_title":"Carrito de Golf El\u00e9ctrico 4+2 Plazas para Campos de Golf en Espa\u00f1a","og_description":"Looking for electric golf carts for sale in Spain? We offer fully customizable 2\u2013to 10-seater golf carts with custom seats, colors, battery capacity, and accessories. Ideal for golf courses, parks, resorts, communities, and commercial use. Street-legal options available. 24\/7 after-sales support. Get a quote today","og_url":"https:\/\/www.campgolfcart.com\/es\/producto\/custom-electric-golf-carts-for-sale-in-spain-42-seater-street-legal-fully-customizable\/","og_site_name":"Golf Carts Export Worldwide","article_modified_time":"2026-04-16T09:43:52+00:00","og_image":[{"width":800,"height":800,"url":"https:\/\/www.campgolfcart.com\/wp-content\/uploads\/2026\/04\/\u4e3b\u56fe-\u62f7\u8d1d-2-2.jpg","type":"image\/jpeg"}],"twitter_card":"summary_large_image","twitter_misc":{"Tiempo de lectura":"1 minuto"},"schema":{"@context":"https:\/\/schema.org","@graph":[{"@type":"WebPage","@id":"https:\/\/www.campgolfcart.com\/product\/custom-electric-golf-carts-for-sale-in-spain-42-seater-street-legal-fully-customizable\/","url":"https:\/\/www.campgolfcart.com\/product\/custom-electric-golf-carts-for-sale-in-spain-42-seater-street-legal-fully-customizable\/","name":"Coche de Golf El\u00e9ctrico 4+2 Plazas Personalizado | Certificaci\u00f3n CE para Espa\u00f1a","isPartOf":{"@id":"https:\/\/www.campgolfcart.com\/#website"},"primaryImageOfPage":{"@id":"https:\/\/www.campgolfcart.com\/product\/custom-electric-golf-carts-for-sale-in-spain-42-seater-street-legal-fully-customizable\/#primaryimage"},"image":{"@id":"https:\/\/www.campgolfcart.com\/product\/custom-electric-golf-carts-for-sale-in-spain-42-seater-street-legal-fully-customizable\/#primaryimage"},"thumbnailUrl":"https:\/\/www.campgolfcart.com\/wp-content\/uploads\/2026\/04\/\u4e3b\u56fe-\u62f7\u8d1d-2-2.jpg","datePublished":"2026-04-16T03:47:00+00:00","dateModified":"2026-04-16T09:43:52+00:00","description":"Looking for electric golf carts for sale in Spain? We offer fully customizable 2\u2013to 10-seater golf carts with custom seats, colors, battery capacity, and accessories. Ideal for golf courses, parks, resorts, communities, and commercial use. Street-legal options available. 24\/7 after-sales support. Get a quote today","breadcrumb":{"@id":"https:\/\/www.campgolfcart.com\/product\/custom-electric-golf-carts-for-sale-in-spain-42-seater-street-legal-fully-customizable\/#breadcrumb"},"inLanguage":"es","potentialAction":[{"@type":"ReadAction","target":["https:\/\/www.campgolfcart.com\/product\/custom-electric-golf-carts-for-sale-in-spain-42-seater-street-legal-fully-customizable\/"]}]},{"@type":"ImageObject","inLanguage":"es","@id":"https:\/\/www.campgolfcart.com\/product\/custom-electric-golf-carts-for-sale-in-spain-42-seater-street-legal-fully-customizable\/#primaryimage","url":"https:\/\/www.campgolfcart.com\/wp-content\/uploads\/2026\/04\/\u4e3b\u56fe-\u62f7\u8d1d-2-2.jpg","contentUrl":"https:\/\/www.campgolfcart.com\/wp-content\/uploads\/2026\/04\/\u4e3b\u56fe-\u62f7\u8d1d-2-2.jpg","width":800,"height":800},{"@type":"BreadcrumbList","@id":"https:\/\/www.campgolfcart.com\/product\/custom-electric-golf-carts-for-sale-in-spain-42-seater-street-legal-fully-customizable\/#breadcrumb","itemListElement":[{"@type":"ListItem","position":1,"name":"Home","item":"https:\/\/www.campgolfcart.com\/"},{"@type":"ListItem","position":2,"name":"\u5546\u5e97","item":"https:\/\/www.campgolfcart.com\/shop\/"},{"@type":"ListItem","position":3,"name":"Carrito de Golf El\u00e9ctrico 4+2 Plazas para Campos de Golf en Espa\u00f1a"}]},{"@type":"WebSite","@id":"https:\/\/www.campgolfcart.com\/#website","url":"https:\/\/www.campgolfcart.com\/","name":"Camp golfcart","description":"","publisher":{"@id":"https:\/\/www.campgolfcart.com\/#organization"},"potentialAction":[{"@type":"SearchAction","target":{"@type":"EntryPoint","urlTemplate":"https:\/\/www.campgolfcart.com\/?s={search_term_string}"},"query-input":{"@type":"PropertyValueSpecification","valueRequired":true,"valueName":"search_term_string"}}],"inLanguage":"es"},{"@type":["Organization","Place"],"@id":"https:\/\/www.campgolfcart.com\/#organization","name":"Camp golfcart","url":"https:\/\/www.campgolfcart.com\/","logo":{"@id":"https:\/\/www.campgolfcart.com\/product\/custom-electric-golf-carts-for-sale-in-spain-42-seater-street-legal-fully-customizable\/#local-main-organization-logo"},"image":{"@id":"https:\/\/www.campgolfcart.com\/product\/custom-electric-golf-carts-for-sale-in-spain-42-seater-street-legal-fully-customizable\/#local-main-organization-logo"},"telephone":[],"openingHoursSpecification":[{"@type":"OpeningHoursSpecification","dayOfWeek":["Monday","Tuesday","Wednesday","Thursday","Friday","Saturday","Sunday"],"opens":"09:00","closes":"17:00"}]},{"@type":"ImageObject","inLanguage":"es","@id":"https:\/\/www.campgolfcart.com\/product\/custom-electric-golf-carts-for-sale-in-spain-42-seater-street-legal-fully-customizable\/#local-main-organization-logo","url":"https:\/\/www.campgolfcart.com\/wp-content\/uploads\/2024\/11\/henan-camp-logo.png","contentUrl":"https:\/\/www.campgolfcart.com\/wp-content\/uploads\/2024\/11\/henan-camp-logo.png","width":50,"height":48,"caption":"Camp golfcart"}]}},"jetpack_sharing_enabled":true,"_links":{"self":[{"href":"https:\/\/www.campgolfcart.com\/es\/wp-json\/wp\/v2\/product\/4866","targetHints":{"allow":["GET"]}}],"collection":[{"href":"https:\/\/www.campgolfcart.com\/es\/wp-json\/wp\/v2\/product"}],"about":[{"href":"https:\/\/www.campgolfcart.com\/es\/wp-json\/wp\/v2\/types\/product"}],"version-history":[{"count":2,"href":"https:\/\/www.campgolfcart.com\/es\/wp-json\/wp\/v2\/product\/4866\/revisions"}],"predecessor-version":[{"id":4897,"href":"https:\/\/www.campgolfcart.com\/es\/wp-json\/wp\/v2\/product\/4866\/revisions\/4897"}],"wp:featuredmedia":[{"embeddable":true,"href":"https:\/\/www.campgolfcart.com\/es\/wp-json\/wp\/v2\/media\/4870"}],"wp:attachment":[{"href":"https:\/\/www.campgolfcart.com\/es\/wp-json\/wp\/v2\/media?parent=4866"}],"wp:term":[{"taxonomy":"product_brand","embeddable":true,"href":"https:\/\/www.campgolfcart.com\/es\/wp-json\/wp\/v2\/product_brand?post=4866"},{"taxonomy":"product_cat","embeddable":true,"href":"https:\/\/www.campgolfcart.com\/es\/wp-json\/wp\/v2\/product_cat?post=4866"},{"taxonomy":"product_tag","embeddable":true,"href":"https:\/\/www.campgolfcart.com\/es\/wp-json\/wp\/v2\/product_tag?post=4866"}],"curies":[{"name":"wp","href":"https:\/\/api.w.org\/{rel}","templated":true}]}}