{"id":4899,"date":"2026-04-20T16:46:36","date_gmt":"2026-04-20T08:46:36","guid":{"rendered":"https:\/\/www.campgolfcart.com\/?post_type=product&#038;p=4899"},"modified":"2026-04-20T17:58:05","modified_gmt":"2026-04-20T09:58:05","slug":"custom-electric-golf-carts-argentina-2-seat-golf-cart-manufacturer-camp","status":"publish","type":"product","link":"https:\/\/www.campgolfcart.com\/es\/producto\/custom-electric-golf-carts-argentina-2-seat-golf-cart-manufacturer-camp\/","title":{"rendered":"Custom Electric Golf Carts Argentina | 2 Seat Golf Cart Manufacturer"},"content":{"rendered":"","protected":false},"excerpt":{"rendered":"<p>Model: 2-seater electric golf cart<br \/>\nVelocidad m\u00e1xima: 30-50 km\/h<br \/>\nControl electr\u00f3nico: Control electr\u00f3nico inteligente de CA de 5 kW<br \/>\nMotor: Motor de CA de 3\/4\/5 kW<\/p>\n<p>&nbsp;<\/p>\n<p>This is a 4-seater golf cart from Argentina. The entire cart features a sophisticated and durable matte gray finish, with a simple, beautiful, and eye-catching design. Color, materials, seat, battery capacity, pedals, and rain guards are all customized to customer requirements. We provide portable services tailored to individual needs, meeting the Argentina National Course Vehicle Standards. Our golf cart equipment is exported globally and holds multiple certifications, including CE. With superior product quality and excellent service, we offer personalized customization services to meet diverse customer needs, earning widespread acclaim. Currently, our golf carts are in use in over 200 countries worldwide, and can be seen everywhere in golf driving ranges, parks, communities, scenic streets, and factories. Our excellent after-sales service team is available 24\/7 to resolve any after-sales issues or emergencies.<\/p>\n<p>\u00c1mbito de aplicaci\u00f3n: ideal para campos de pr\u00e1ctica de golf. Tambi\u00e9n se puede utilizar en parques, urbanizaciones, calles con encanto, f\u00e1bricas, etc. Es adecuado para grandes parques tem\u00e1ticos, parajes naturales, parques de atracciones, etc.<br \/>\nOpciones de personalizaci\u00f3n:<br \/>\nPuedes personalizar el color de la carrocer\u00eda y los asientos, y tambi\u00e9n a\u00f1adir otros accesorios. Si te interesa, \u00a1no dudes en contactarnos!<\/p>","protected":false},"featured_media":4903,"template":"","meta":{"site-sidebar-layout":"no-sidebar","site-content-layout":"page-builder","ast-global-header-display":"","ast-banner-title-visibility":"","ast-main-header-display":"","ast-hfb-above-header-display":"","ast-hfb-below-header-display":"","ast-hfb-mobile-header-display":"","site-post-title":"disabled","ast-breadcrumbs-content":"","ast-featured-img":"disabled","footer-sml-layout":"","theme-transparent-header-meta":"default","adv-header-id-meta":"","stick-header-meta":"","header-above-stick-meta":"","header-main-stick-meta":"","header-below-stick-meta":""},"product_brand":[],"product_cat":[33],"product_tag":[74,260,261,72,131,73,516,509,540,512,513,231,238,520,521,437,515,531,525,536,534,65,541,51,57,292,527,54,526,539,523,113,511,532,519,99,533,528,299,75,76,530,529,161,542,524,518,535,538,510,472,522,514,474,517,537,543],"class_list":{"0":"post-4899","1":"product","2":"type-product","3":"status-publish","4":"has-post-thumbnail","6":"product_cat-product","7":"product_tag-10-passenger-golf-cart","8":"product_tag-2-seat-golf-cart","9":"product_tag-4-seat-golf-cart","10":"product_tag-6-passenger-golf-cart","11":"product_tag-6-seat-golf-cart","12":"product_tag-8-passenger-golf-cart","13":"product_tag-auto-electrico-pequeno","14":"product_tag-buggy-de-golf","15":"product_tag-bulk-order-golf-cart","16":"product_tag-carrito-de-golf-2-plazas","17":"product_tag-carrito-de-golf-4-plazas","18":"product_tag-carrito-de-golf-electrico","19":"product_tag-carrito-de-golf-para-campo-de-golf","20":"product_tag-carrito-electrico-a-medida","21":"product_tag-carrito-electrico-de-nueva-energia","22":"product_tag-carro-de-golf-electrico","23":"product_tag-carro-electrico-turistico","24":"product_tag-cart-para-campo-de-golf-argentina","25":"product_tag-cero-emisiones-vehiculo-electrico","26":"product_tag-comprar-carrito-de-golf-electrico","27":"product_tag-cotizacion-carrito-de-golf-electrico","28":"product_tag-custom-golf-cart-manufacturer","29":"product_tag-distributor-electric-golf-cart","30":"product_tag-electric-golf-cart","31":"product_tag-electric-shuttle-vehicle","32":"product_tag-electric-sightseeing-cart","33":"product_tag-electric-transport-buggy","34":"product_tag-electric-utility-vehicle","35":"product_tag-ev-golf-cart","36":"product_tag-factory-direct-price-ev-vehicle","37":"product_tag-golf-cart-bateria-de-litio","38":"product_tag-golf-cart-batteries","39":"product_tag-golf-cart-electrico-argentina","40":"product_tag-golf-cart-fleet","41":"product_tag-golf-cart-personalizado","42":"product_tag-golf-cart-price","43":"product_tag-golf-club-transportation-vehicle","44":"product_tag-golf-club-vehicle","45":"product_tag-golf-course-cart","46":"product_tag-golf-course-golf-cart","47":"product_tag-golf-driving-range-cart","48":"product_tag-golf-fairway-cart","49":"product_tag-golf-resort-cart","50":"product_tag-golf-training-cart","51":"product_tag-import-electric-vehicle-china-argentina","52":"product_tag-low-speed-electric-vehicle-lsv","53":"product_tag-movilidad-electrica-argentina","54":"product_tag-precio-carrito-de-golf-argentina","55":"product_tag-supplier-golf-cart-china","56":"product_tag-vehiculo-de-golf-electrico","57":"product_tag-vehiculo-electrico-de-baja-velocidad","58":"product_tag-vehiculo-electrico-de-litio","59":"product_tag-vehiculo-electrico-de-transporte","60":"product_tag-vehiculo-electrico-ecologico","61":"product_tag-vehiculo-electrico-utilitario","62":"product_tag-venta-directa-fabrica","63":"product_tag-wholesale-golf-cart-supplier","64":"desktop-align-left","65":"tablet-align-left","66":"mobile-align-left","68":"first","69":"instock","70":"shipping-taxable","71":"product-type-simple"},"yoast_head":"<!-- This site is optimized with the Yoast SEO Premium plugin v27.4 (Yoast SEO v27.4) - https:\/\/yoast.com\/product\/yoast-seo-premium-wordpress\/ -->\n<title>Carrito de Golf El\u00e9ctrico Personalizado en Argentina | Cotizaci\u00f3n y Oferta de F\u00e1brica<\/title>\n<meta name=\"description\" content=\"Carrito de golf el\u00e9ctrico personalizado de f\u00e1brica, disponible en 2 a 10 plazas. Veh\u00edculo de nueva energ\u00eda con bater\u00eda de litio, certificaci\u00f3n CE y env\u00edo global a Argentina. Ideal para campos de golf, resorts, parques y uso industrial. Dise\u00f1o, color y configuraci\u00f3n totalmente personalizables. Solicite cotizaci\u00f3n ahora y obtenga precio directo de f\u00e1brica con servicio 24\/7.\" \/>\n<meta name=\"robots\" content=\"index, follow, max-snippet:-1, max-image-preview:large, max-video-preview:-1\" \/>\n<link rel=\"canonical\" href=\"https:\/\/www.campgolfcart.com\/es\/producto\/custom-electric-golf-carts-argentina-2-seat-golf-cart-manufacturer-camp\/\" \/>\n<meta property=\"og:locale\" content=\"es_ES\" \/>\n<meta property=\"og:type\" content=\"article\" \/>\n<meta property=\"og:title\" content=\"Custom Electric Golf Carts Argentina | 2 Seat Golf Cart Manufacturer\" \/>\n<meta property=\"og:description\" content=\"Carrito de golf el\u00e9ctrico personalizado de f\u00e1brica, disponible en 2 a 10 plazas. Veh\u00edculo de nueva energ\u00eda con bater\u00eda de litio, certificaci\u00f3n CE y env\u00edo global a Argentina. Ideal para campos de golf, resorts, parques y uso industrial. Dise\u00f1o, color y configuraci\u00f3n totalmente personalizables. Solicite cotizaci\u00f3n ahora y obtenga precio directo de f\u00e1brica con servicio 24\/7.\" \/>\n<meta property=\"og:url\" content=\"https:\/\/www.campgolfcart.com\/es\/producto\/custom-electric-golf-carts-argentina-2-seat-golf-cart-manufacturer-camp\/\" \/>\n<meta property=\"og:site_name\" content=\"Golf Carts Export Worldwide\" \/>\n<meta property=\"article:modified_time\" content=\"2026-04-20T09:58:05+00:00\" \/>\n<meta property=\"og:image\" content=\"https:\/\/www.campgolfcart.com\/wp-content\/uploads\/2026\/04\/\u4e3b\u56fe-\u62f7\u8d1d-11.jpg\" \/>\n\t<meta property=\"og:image:width\" content=\"800\" \/>\n\t<meta property=\"og:image:height\" content=\"800\" \/>\n\t<meta property=\"og:image:type\" content=\"image\/jpeg\" \/>\n<meta name=\"twitter:card\" content=\"summary_large_image\" \/>\n<meta name=\"twitter:label1\" content=\"Tiempo de lectura\" \/>\n\t<meta name=\"twitter:data1\" content=\"1 minuto\" \/>\n<script type=\"application\/ld+json\" class=\"yoast-schema-graph\">{\"@context\":\"https:\\\/\\\/schema.org\",\"@graph\":[{\"@type\":\"WebPage\",\"@id\":\"https:\\\/\\\/www.campgolfcart.com\\\/product\\\/custom-electric-golf-carts-argentina-2-seat-golf-cart-manufacturer-camp\\\/\",\"url\":\"https:\\\/\\\/www.campgolfcart.com\\\/product\\\/custom-electric-golf-carts-argentina-2-seat-golf-cart-manufacturer-camp\\\/\",\"name\":\"Carrito de Golf El\u00e9ctrico Personalizado en Argentina | Cotizaci\u00f3n y Oferta de F\u00e1brica\",\"isPartOf\":{\"@id\":\"https:\\\/\\\/www.campgolfcart.com\\\/#website\"},\"primaryImageOfPage\":{\"@id\":\"https:\\\/\\\/www.campgolfcart.com\\\/product\\\/custom-electric-golf-carts-argentina-2-seat-golf-cart-manufacturer-camp\\\/#primaryimage\"},\"image\":{\"@id\":\"https:\\\/\\\/www.campgolfcart.com\\\/product\\\/custom-electric-golf-carts-argentina-2-seat-golf-cart-manufacturer-camp\\\/#primaryimage\"},\"thumbnailUrl\":\"https:\\\/\\\/www.campgolfcart.com\\\/wp-content\\\/uploads\\\/2026\\\/04\\\/\u4e3b\u56fe-\u62f7\u8d1d-11.jpg\",\"datePublished\":\"2026-04-20T08:46:36+00:00\",\"dateModified\":\"2026-04-20T09:58:05+00:00\",\"description\":\"Carrito de golf el\u00e9ctrico personalizado de f\u00e1brica, disponible en 2 a 10 plazas. Veh\u00edculo de nueva energ\u00eda con bater\u00eda de litio, certificaci\u00f3n CE y env\u00edo global a Argentina. Ideal para campos de golf, resorts, parques y uso industrial. Dise\u00f1o, color y configuraci\u00f3n totalmente personalizables. Solicite cotizaci\u00f3n ahora y obtenga precio directo de f\u00e1brica con servicio 24\\\/7.\",\"breadcrumb\":{\"@id\":\"https:\\\/\\\/www.campgolfcart.com\\\/product\\\/custom-electric-golf-carts-argentina-2-seat-golf-cart-manufacturer-camp\\\/#breadcrumb\"},\"inLanguage\":\"es\",\"potentialAction\":[{\"@type\":\"ReadAction\",\"target\":[\"https:\\\/\\\/www.campgolfcart.com\\\/product\\\/custom-electric-golf-carts-argentina-2-seat-golf-cart-manufacturer-camp\\\/\"]}]},{\"@type\":\"ImageObject\",\"inLanguage\":\"es\",\"@id\":\"https:\\\/\\\/www.campgolfcart.com\\\/product\\\/custom-electric-golf-carts-argentina-2-seat-golf-cart-manufacturer-camp\\\/#primaryimage\",\"url\":\"https:\\\/\\\/www.campgolfcart.com\\\/wp-content\\\/uploads\\\/2026\\\/04\\\/\u4e3b\u56fe-\u62f7\u8d1d-11.jpg\",\"contentUrl\":\"https:\\\/\\\/www.campgolfcart.com\\\/wp-content\\\/uploads\\\/2026\\\/04\\\/\u4e3b\u56fe-\u62f7\u8d1d-11.jpg\",\"width\":800,\"height\":800},{\"@type\":\"BreadcrumbList\",\"@id\":\"https:\\\/\\\/www.campgolfcart.com\\\/product\\\/custom-electric-golf-carts-argentina-2-seat-golf-cart-manufacturer-camp\\\/#breadcrumb\",\"itemListElement\":[{\"@type\":\"ListItem\",\"position\":1,\"name\":\"Home\",\"item\":\"https:\\\/\\\/www.campgolfcart.com\\\/\"},{\"@type\":\"ListItem\",\"position\":2,\"name\":\"\u5546\u5e97\",\"item\":\"https:\\\/\\\/www.campgolfcart.com\\\/shop\\\/\"},{\"@type\":\"ListItem\",\"position\":3,\"name\":\"Custom Electric Golf Carts Argentina | 2 Seat Golf Cart Manufacturer\"}]},{\"@type\":\"WebSite\",\"@id\":\"https:\\\/\\\/www.campgolfcart.com\\\/#website\",\"url\":\"https:\\\/\\\/www.campgolfcart.com\\\/\",\"name\":\"Camp golfcart\",\"description\":\"\",\"publisher\":{\"@id\":\"https:\\\/\\\/www.campgolfcart.com\\\/#organization\"},\"potentialAction\":[{\"@type\":\"SearchAction\",\"target\":{\"@type\":\"EntryPoint\",\"urlTemplate\":\"https:\\\/\\\/www.campgolfcart.com\\\/?s={search_term_string}\"},\"query-input\":{\"@type\":\"PropertyValueSpecification\",\"valueRequired\":true,\"valueName\":\"search_term_string\"}}],\"inLanguage\":\"es\"},{\"@type\":[\"Organization\",\"Place\"],\"@id\":\"https:\\\/\\\/www.campgolfcart.com\\\/#organization\",\"name\":\"Camp golfcart\",\"url\":\"https:\\\/\\\/www.campgolfcart.com\\\/\",\"logo\":{\"@id\":\"https:\\\/\\\/www.campgolfcart.com\\\/product\\\/custom-electric-golf-carts-argentina-2-seat-golf-cart-manufacturer-camp\\\/#local-main-organization-logo\"},\"image\":{\"@id\":\"https:\\\/\\\/www.campgolfcart.com\\\/product\\\/custom-electric-golf-carts-argentina-2-seat-golf-cart-manufacturer-camp\\\/#local-main-organization-logo\"},\"telephone\":[],\"openingHoursSpecification\":[{\"@type\":\"OpeningHoursSpecification\",\"dayOfWeek\":[\"Monday\",\"Tuesday\",\"Wednesday\",\"Thursday\",\"Friday\",\"Saturday\",\"Sunday\"],\"opens\":\"09:00\",\"closes\":\"17:00\"}]},{\"@type\":\"ImageObject\",\"inLanguage\":\"es\",\"@id\":\"https:\\\/\\\/www.campgolfcart.com\\\/product\\\/custom-electric-golf-carts-argentina-2-seat-golf-cart-manufacturer-camp\\\/#local-main-organization-logo\",\"url\":\"https:\\\/\\\/www.campgolfcart.com\\\/wp-content\\\/uploads\\\/2024\\\/11\\\/henan-camp-logo.png\",\"contentUrl\":\"https:\\\/\\\/www.campgolfcart.com\\\/wp-content\\\/uploads\\\/2024\\\/11\\\/henan-camp-logo.png\",\"width\":50,\"height\":48,\"caption\":\"Camp golfcart\"}]}<\/script>\n<!-- \/ Yoast SEO Premium plugin. -->","yoast_head_json":{"title":"Carrito de Golf El\u00e9ctrico Personalizado en Argentina | Cotizaci\u00f3n y Oferta de F\u00e1brica","description":"Carrito de golf el\u00e9ctrico personalizado de f\u00e1brica, disponible en 2 a 10 plazas. Veh\u00edculo de nueva energ\u00eda con bater\u00eda de litio, certificaci\u00f3n CE y env\u00edo global a Argentina. Ideal para campos de golf, resorts, parques y uso industrial. Dise\u00f1o, color y configuraci\u00f3n totalmente personalizables. Solicite cotizaci\u00f3n ahora y obtenga precio directo de f\u00e1brica con servicio 24\/7.","robots":{"index":"index","follow":"follow","max-snippet":"max-snippet:-1","max-image-preview":"max-image-preview:large","max-video-preview":"max-video-preview:-1"},"canonical":"https:\/\/www.campgolfcart.com\/es\/producto\/custom-electric-golf-carts-argentina-2-seat-golf-cart-manufacturer-camp\/","og_locale":"es_ES","og_type":"article","og_title":"Custom Electric Golf Carts Argentina | 2 Seat Golf Cart Manufacturer","og_description":"Carrito de golf el\u00e9ctrico personalizado de f\u00e1brica, disponible en 2 a 10 plazas. Veh\u00edculo de nueva energ\u00eda con bater\u00eda de litio, certificaci\u00f3n CE y env\u00edo global a Argentina. Ideal para campos de golf, resorts, parques y uso industrial. Dise\u00f1o, color y configuraci\u00f3n totalmente personalizables. Solicite cotizaci\u00f3n ahora y obtenga precio directo de f\u00e1brica con servicio 24\/7.","og_url":"https:\/\/www.campgolfcart.com\/es\/producto\/custom-electric-golf-carts-argentina-2-seat-golf-cart-manufacturer-camp\/","og_site_name":"Golf Carts Export Worldwide","article_modified_time":"2026-04-20T09:58:05+00:00","og_image":[{"width":800,"height":800,"url":"https:\/\/www.campgolfcart.com\/wp-content\/uploads\/2026\/04\/\u4e3b\u56fe-\u62f7\u8d1d-11.jpg","type":"image\/jpeg"}],"twitter_card":"summary_large_image","twitter_misc":{"Tiempo de lectura":"1 minuto"},"schema":{"@context":"https:\/\/schema.org","@graph":[{"@type":"WebPage","@id":"https:\/\/www.campgolfcart.com\/product\/custom-electric-golf-carts-argentina-2-seat-golf-cart-manufacturer-camp\/","url":"https:\/\/www.campgolfcart.com\/product\/custom-electric-golf-carts-argentina-2-seat-golf-cart-manufacturer-camp\/","name":"Carrito de Golf El\u00e9ctrico Personalizado en Argentina | Cotizaci\u00f3n y Oferta de F\u00e1brica","isPartOf":{"@id":"https:\/\/www.campgolfcart.com\/#website"},"primaryImageOfPage":{"@id":"https:\/\/www.campgolfcart.com\/product\/custom-electric-golf-carts-argentina-2-seat-golf-cart-manufacturer-camp\/#primaryimage"},"image":{"@id":"https:\/\/www.campgolfcart.com\/product\/custom-electric-golf-carts-argentina-2-seat-golf-cart-manufacturer-camp\/#primaryimage"},"thumbnailUrl":"https:\/\/www.campgolfcart.com\/wp-content\/uploads\/2026\/04\/\u4e3b\u56fe-\u62f7\u8d1d-11.jpg","datePublished":"2026-04-20T08:46:36+00:00","dateModified":"2026-04-20T09:58:05+00:00","description":"Carrito de golf el\u00e9ctrico personalizado de f\u00e1brica, disponible en 2 a 10 plazas. Veh\u00edculo de nueva energ\u00eda con bater\u00eda de litio, certificaci\u00f3n CE y env\u00edo global a Argentina. Ideal para campos de golf, resorts, parques y uso industrial. Dise\u00f1o, color y configuraci\u00f3n totalmente personalizables. Solicite cotizaci\u00f3n ahora y obtenga precio directo de f\u00e1brica con servicio 24\/7.","breadcrumb":{"@id":"https:\/\/www.campgolfcart.com\/product\/custom-electric-golf-carts-argentina-2-seat-golf-cart-manufacturer-camp\/#breadcrumb"},"inLanguage":"es","potentialAction":[{"@type":"ReadAction","target":["https:\/\/www.campgolfcart.com\/product\/custom-electric-golf-carts-argentina-2-seat-golf-cart-manufacturer-camp\/"]}]},{"@type":"ImageObject","inLanguage":"es","@id":"https:\/\/www.campgolfcart.com\/product\/custom-electric-golf-carts-argentina-2-seat-golf-cart-manufacturer-camp\/#primaryimage","url":"https:\/\/www.campgolfcart.com\/wp-content\/uploads\/2026\/04\/\u4e3b\u56fe-\u62f7\u8d1d-11.jpg","contentUrl":"https:\/\/www.campgolfcart.com\/wp-content\/uploads\/2026\/04\/\u4e3b\u56fe-\u62f7\u8d1d-11.jpg","width":800,"height":800},{"@type":"BreadcrumbList","@id":"https:\/\/www.campgolfcart.com\/product\/custom-electric-golf-carts-argentina-2-seat-golf-cart-manufacturer-camp\/#breadcrumb","itemListElement":[{"@type":"ListItem","position":1,"name":"Home","item":"https:\/\/www.campgolfcart.com\/"},{"@type":"ListItem","position":2,"name":"\u5546\u5e97","item":"https:\/\/www.campgolfcart.com\/shop\/"},{"@type":"ListItem","position":3,"name":"Custom Electric Golf Carts Argentina | 2 Seat Golf Cart Manufacturer"}]},{"@type":"WebSite","@id":"https:\/\/www.campgolfcart.com\/#website","url":"https:\/\/www.campgolfcart.com\/","name":"Camp golfcart","description":"","publisher":{"@id":"https:\/\/www.campgolfcart.com\/#organization"},"potentialAction":[{"@type":"SearchAction","target":{"@type":"EntryPoint","urlTemplate":"https:\/\/www.campgolfcart.com\/?s={search_term_string}"},"query-input":{"@type":"PropertyValueSpecification","valueRequired":true,"valueName":"search_term_string"}}],"inLanguage":"es"},{"@type":["Organization","Place"],"@id":"https:\/\/www.campgolfcart.com\/#organization","name":"Camp golfcart","url":"https:\/\/www.campgolfcart.com\/","logo":{"@id":"https:\/\/www.campgolfcart.com\/product\/custom-electric-golf-carts-argentina-2-seat-golf-cart-manufacturer-camp\/#local-main-organization-logo"},"image":{"@id":"https:\/\/www.campgolfcart.com\/product\/custom-electric-golf-carts-argentina-2-seat-golf-cart-manufacturer-camp\/#local-main-organization-logo"},"telephone":[],"openingHoursSpecification":[{"@type":"OpeningHoursSpecification","dayOfWeek":["Monday","Tuesday","Wednesday","Thursday","Friday","Saturday","Sunday"],"opens":"09:00","closes":"17:00"}]},{"@type":"ImageObject","inLanguage":"es","@id":"https:\/\/www.campgolfcart.com\/product\/custom-electric-golf-carts-argentina-2-seat-golf-cart-manufacturer-camp\/#local-main-organization-logo","url":"https:\/\/www.campgolfcart.com\/wp-content\/uploads\/2024\/11\/henan-camp-logo.png","contentUrl":"https:\/\/www.campgolfcart.com\/wp-content\/uploads\/2024\/11\/henan-camp-logo.png","width":50,"height":48,"caption":"Camp golfcart"}]}},"jetpack_sharing_enabled":true,"_links":{"self":[{"href":"https:\/\/www.campgolfcart.com\/es\/wp-json\/wp\/v2\/product\/4899","targetHints":{"allow":["GET"]}}],"collection":[{"href":"https:\/\/www.campgolfcart.com\/es\/wp-json\/wp\/v2\/product"}],"about":[{"href":"https:\/\/www.campgolfcart.com\/es\/wp-json\/wp\/v2\/types\/product"}],"version-history":[{"count":3,"href":"https:\/\/www.campgolfcart.com\/es\/wp-json\/wp\/v2\/product\/4899\/revisions"}],"predecessor-version":[{"id":4927,"href":"https:\/\/www.campgolfcart.com\/es\/wp-json\/wp\/v2\/product\/4899\/revisions\/4927"}],"wp:featuredmedia":[{"embeddable":true,"href":"https:\/\/www.campgolfcart.com\/es\/wp-json\/wp\/v2\/media\/4903"}],"wp:attachment":[{"href":"https:\/\/www.campgolfcart.com\/es\/wp-json\/wp\/v2\/media?parent=4899"}],"wp:term":[{"taxonomy":"product_brand","embeddable":true,"href":"https:\/\/www.campgolfcart.com\/es\/wp-json\/wp\/v2\/product_brand?post=4899"},{"taxonomy":"product_cat","embeddable":true,"href":"https:\/\/www.campgolfcart.com\/es\/wp-json\/wp\/v2\/product_cat?post=4899"},{"taxonomy":"product_tag","embeddable":true,"href":"https:\/\/www.campgolfcart.com\/es\/wp-json\/wp\/v2\/product_tag?post=4899"}],"curies":[{"name":"wp","href":"https:\/\/api.w.org\/{rel}","templated":true}]}}