{"id":4928,"date":"2026-04-22T19:20:30","date_gmt":"2026-04-22T11:20:30","guid":{"rendered":"https:\/\/www.campgolfcart.com\/?post_type=product&#038;p=4928"},"modified":"2026-04-22T20:10:39","modified_gmt":"2026-04-22T12:10:39","slug":"6-seat-electric-golf-cart-for-sale-in-usa-from-china-factory-camp","status":"publish","type":"product","link":"https:\/\/www.campgolfcart.com\/es\/producto\/6-seat-electric-golf-cart-for-sale-in-usa-from-china-factory-camp\/","title":{"rendered":"Carritos de golf el\u00e9ctricos personalizados de 6 plazas a la venta en EE. UU."},"content":{"rendered":"","protected":false},"excerpt":{"rendered":"<p>Model: 6-seater electric golf cart<br \/>\nVelocidad m\u00e1xima: 30-50 km\/h<br \/>\nControl electr\u00f3nico: Control electr\u00f3nico inteligente de CA de 5 kW<br \/>\nMotor: Motor de CA de 3\/4\/5 kW<\/p>\n<p>This is a 6-seater golf cart from the USA. The entire cart features a sophisticated and durable matte gray finish, with a simple, beautiful, and eye-catching design. Color, materials, seat, battery capacity, pedals, and rain guards are all customized to customer requirements. We provide portable services tailored to individual needs, meeting USA National Course Vehicle Standards. Our golf cart equipment is exported globally and holds multiple certifications, including CE. With superior product quality and excellent service, we offer personalized customization services to meet diverse customer needs, earning widespread acclaim. Currently, our golf carts are in use in over 200 countries worldwide, and can be seen everywhere in golf driving ranges, parks, communities, scenic streets, and factories. Our excellent after-sales service team is available 24\/7 to resolve any after-sales issues or emergencies.<\/p>\n<p>\u00c1mbito de aplicaci\u00f3n: ideal para campos de pr\u00e1ctica de golf. Tambi\u00e9n se puede utilizar en parques, urbanizaciones, calles con encanto, f\u00e1bricas, etc. Es adecuado para grandes parques tem\u00e1ticos, parajes naturales, parques de atracciones, etc.<br \/>\nOpciones de personalizaci\u00f3n:<br \/>\nPuedes personalizar el color de la carrocer\u00eda y los asientos, y tambi\u00e9n a\u00f1adir otros accesorios. Si te interesa, \u00a1no dudes en contactarnos!<\/p>","protected":false},"featured_media":4932,"template":"","meta":{"site-sidebar-layout":"no-sidebar","site-content-layout":"page-builder","ast-global-header-display":"","ast-banner-title-visibility":"","ast-main-header-display":"","ast-hfb-above-header-display":"","ast-hfb-below-header-display":"","ast-hfb-mobile-header-display":"","site-post-title":"disabled","ast-breadcrumbs-content":"","ast-featured-img":"disabled","footer-sml-layout":"","theme-transparent-header-meta":"default","adv-header-id-meta":"","stick-header-meta":"","header-above-stick-meta":"","header-main-stick-meta":"","header-below-stick-meta":""},"product_brand":[376],"product_cat":[33],"product_tag":[74,553,72,73,78,300,550,546,64,61,65,66,51,551,549,552,84,264,547,230,325,43,296,326,36,266,53,55,341,328,545,544,313,370,307,548,554],"class_list":{"0":"post-4928","1":"product","2":"type-product","3":"status-publish","4":"has-post-thumbnail","6":"product_brand-camp","7":"product_cat-product","8":"product_tag-10-passenger-golf-cart","9":"product_tag-4-passenger-golf-cart","10":"product_tag-6-passenger-golf-cart","11":"product_tag-8-passenger-golf-cart","12":"product_tag-airport-shuttle-cart","13":"product_tag-commercial-golf-cart","14":"product_tag-commercial-golf-cart-supplier","15":"product_tag-community-golf-cart","16":"product_tag-custom-electric-golf-cart","17":"product_tag-custom-golf-cart","18":"product_tag-custom-golf-cart-manufacturer","19":"product_tag-custom-golf-cart-supplier","20":"product_tag-electric-golf-cart","21":"product_tag-electric-golf-cart-for-sale","22":"product_tag-electric-golf-cart-supplier","23":"product_tag-electric-golf-carts-for-sale-near-me","24":"product_tag-electric-utility-cart","25":"product_tag-electric-utility-golf-cart","26":"product_tag-factory-utility-cart","27":"product_tag-golf-cart-export-supplier","28":"product_tag-golf-cart-factory","29":"product_tag-golf-cart-manufacturer","30":"product_tag-golf-cart-supplier","31":"product_tag-golf-cart-wholesale","32":"product_tag-golf-carts-for-sale","33":"product_tag-lithium-battery-golf-cart","34":"product_tag-lithium-golf-cart","35":"product_tag-low-speed-electric-vehicle","36":"product_tag-neighborhood-electric-vehicle","37":"product_tag-oem-golf-cart-manufacturer","38":"product_tag-park-electric-cart","39":"product_tag-passenger-golf-cart","40":"product_tag-resort-golf-cart","41":"product_tag-sightseeing-electric-cart","42":"product_tag-street-legal-golf-cart","43":"product_tag-warehouse-electric-cart","44":"product_tag-wholesale-golf-carts","45":"desktop-align-left","46":"tablet-align-left","47":"mobile-align-left","49":"first","50":"instock","51":"shipping-taxable","52":"product-type-simple"},"yoast_head":"<!-- This site is optimized with the Yoast SEO Premium plugin v27.4 (Yoast SEO v27.4) - https:\/\/yoast.com\/product\/yoast-seo-premium-wordpress\/ -->\n<title>Custom 6 Seat Electric Golf Cart | Golf Carts for Sale USA<\/title>\n<meta name=\"description\" content=\"Custom 6-passenger electric golf cart with lithium battery. Factory direct supply with customizable seats, colors, and battery capacity. Exported to 200+ countries with CE certification and 24\/7 after-sales support.\" \/>\n<meta name=\"robots\" content=\"index, follow, max-snippet:-1, max-image-preview:large, max-video-preview:-1\" \/>\n<link rel=\"canonical\" href=\"https:\/\/www.campgolfcart.com\/es\/producto\/6-seat-electric-golf-cart-for-sale-in-usa-from-china-factory-camp\/\" \/>\n<meta property=\"og:locale\" content=\"es_ES\" \/>\n<meta property=\"og:type\" content=\"article\" \/>\n<meta property=\"og:title\" content=\"Custom 6 Seat Electric Golf Carts for Sale in USA\" \/>\n<meta property=\"og:description\" content=\"Custom 6-passenger electric golf cart with lithium battery. Factory direct supply with customizable seats, colors, and battery capacity. Exported to 200+ countries with CE certification and 24\/7 after-sales support.\" \/>\n<meta property=\"og:url\" content=\"https:\/\/www.campgolfcart.com\/es\/producto\/6-seat-electric-golf-cart-for-sale-in-usa-from-china-factory-camp\/\" \/>\n<meta property=\"og:site_name\" content=\"Golf Carts Export Worldwide\" \/>\n<meta property=\"article:modified_time\" content=\"2026-04-22T12:10:39+00:00\" \/>\n<meta property=\"og:image\" content=\"https:\/\/www.campgolfcart.com\/wp-content\/uploads\/2026\/04\/\u753b\u677f-1-\u62f7\u8d1d-3.jpg\" \/>\n\t<meta property=\"og:image:width\" content=\"800\" \/>\n\t<meta property=\"og:image:height\" content=\"800\" \/>\n\t<meta property=\"og:image:type\" content=\"image\/jpeg\" \/>\n<meta name=\"twitter:card\" content=\"summary_large_image\" \/>\n<meta name=\"twitter:label1\" content=\"Tiempo de lectura\" \/>\n\t<meta name=\"twitter:data1\" content=\"1 minuto\" \/>\n<script type=\"application\/ld+json\" class=\"yoast-schema-graph\">{\"@context\":\"https:\\\/\\\/schema.org\",\"@graph\":[{\"@type\":\"WebPage\",\"@id\":\"https:\\\/\\\/www.campgolfcart.com\\\/product\\\/6-seat-electric-golf-cart-for-sale-in-usa-from-china-factory-camp\\\/\",\"url\":\"https:\\\/\\\/www.campgolfcart.com\\\/product\\\/6-seat-electric-golf-cart-for-sale-in-usa-from-china-factory-camp\\\/\",\"name\":\"Custom 6 Seat Electric Golf Cart | Golf Carts for Sale USA\",\"isPartOf\":{\"@id\":\"https:\\\/\\\/www.campgolfcart.com\\\/#website\"},\"primaryImageOfPage\":{\"@id\":\"https:\\\/\\\/www.campgolfcart.com\\\/product\\\/6-seat-electric-golf-cart-for-sale-in-usa-from-china-factory-camp\\\/#primaryimage\"},\"image\":{\"@id\":\"https:\\\/\\\/www.campgolfcart.com\\\/product\\\/6-seat-electric-golf-cart-for-sale-in-usa-from-china-factory-camp\\\/#primaryimage\"},\"thumbnailUrl\":\"https:\\\/\\\/www.campgolfcart.com\\\/wp-content\\\/uploads\\\/2026\\\/04\\\/\u753b\u677f-1-\u62f7\u8d1d-3.jpg\",\"datePublished\":\"2026-04-22T11:20:30+00:00\",\"dateModified\":\"2026-04-22T12:10:39+00:00\",\"description\":\"Custom 6-passenger electric golf cart with lithium battery. Factory direct supply with customizable seats, colors, and battery capacity. Exported to 200+ countries with CE certification and 24\\\/7 after-sales support.\",\"breadcrumb\":{\"@id\":\"https:\\\/\\\/www.campgolfcart.com\\\/product\\\/6-seat-electric-golf-cart-for-sale-in-usa-from-china-factory-camp\\\/#breadcrumb\"},\"inLanguage\":\"es\",\"potentialAction\":[{\"@type\":\"ReadAction\",\"target\":[\"https:\\\/\\\/www.campgolfcart.com\\\/product\\\/6-seat-electric-golf-cart-for-sale-in-usa-from-china-factory-camp\\\/\"]}]},{\"@type\":\"ImageObject\",\"inLanguage\":\"es\",\"@id\":\"https:\\\/\\\/www.campgolfcart.com\\\/product\\\/6-seat-electric-golf-cart-for-sale-in-usa-from-china-factory-camp\\\/#primaryimage\",\"url\":\"https:\\\/\\\/www.campgolfcart.com\\\/wp-content\\\/uploads\\\/2026\\\/04\\\/\u753b\u677f-1-\u62f7\u8d1d-3.jpg\",\"contentUrl\":\"https:\\\/\\\/www.campgolfcart.com\\\/wp-content\\\/uploads\\\/2026\\\/04\\\/\u753b\u677f-1-\u62f7\u8d1d-3.jpg\",\"width\":800,\"height\":800},{\"@type\":\"BreadcrumbList\",\"@id\":\"https:\\\/\\\/www.campgolfcart.com\\\/product\\\/6-seat-electric-golf-cart-for-sale-in-usa-from-china-factory-camp\\\/#breadcrumb\",\"itemListElement\":[{\"@type\":\"ListItem\",\"position\":1,\"name\":\"Home\",\"item\":\"https:\\\/\\\/www.campgolfcart.com\\\/\"},{\"@type\":\"ListItem\",\"position\":2,\"name\":\"\u5546\u5e97\",\"item\":\"https:\\\/\\\/www.campgolfcart.com\\\/shop\\\/\"},{\"@type\":\"ListItem\",\"position\":3,\"name\":\"Custom 6 Seat Electric Golf Carts for Sale in USA\"}]},{\"@type\":\"WebSite\",\"@id\":\"https:\\\/\\\/www.campgolfcart.com\\\/#website\",\"url\":\"https:\\\/\\\/www.campgolfcart.com\\\/\",\"name\":\"Camp golfcart\",\"description\":\"\",\"publisher\":{\"@id\":\"https:\\\/\\\/www.campgolfcart.com\\\/#organization\"},\"potentialAction\":[{\"@type\":\"SearchAction\",\"target\":{\"@type\":\"EntryPoint\",\"urlTemplate\":\"https:\\\/\\\/www.campgolfcart.com\\\/?s={search_term_string}\"},\"query-input\":{\"@type\":\"PropertyValueSpecification\",\"valueRequired\":true,\"valueName\":\"search_term_string\"}}],\"inLanguage\":\"es\"},{\"@type\":[\"Organization\",\"Place\"],\"@id\":\"https:\\\/\\\/www.campgolfcart.com\\\/#organization\",\"name\":\"Camp golfcart\",\"url\":\"https:\\\/\\\/www.campgolfcart.com\\\/\",\"logo\":{\"@id\":\"https:\\\/\\\/www.campgolfcart.com\\\/product\\\/6-seat-electric-golf-cart-for-sale-in-usa-from-china-factory-camp\\\/#local-main-organization-logo\"},\"image\":{\"@id\":\"https:\\\/\\\/www.campgolfcart.com\\\/product\\\/6-seat-electric-golf-cart-for-sale-in-usa-from-china-factory-camp\\\/#local-main-organization-logo\"},\"telephone\":[],\"openingHoursSpecification\":[{\"@type\":\"OpeningHoursSpecification\",\"dayOfWeek\":[\"Monday\",\"Tuesday\",\"Wednesday\",\"Thursday\",\"Friday\",\"Saturday\",\"Sunday\"],\"opens\":\"09:00\",\"closes\":\"17:00\"}]},{\"@type\":\"ImageObject\",\"inLanguage\":\"es\",\"@id\":\"https:\\\/\\\/www.campgolfcart.com\\\/product\\\/6-seat-electric-golf-cart-for-sale-in-usa-from-china-factory-camp\\\/#local-main-organization-logo\",\"url\":\"https:\\\/\\\/www.campgolfcart.com\\\/wp-content\\\/uploads\\\/2024\\\/11\\\/henan-camp-logo.png\",\"contentUrl\":\"https:\\\/\\\/www.campgolfcart.com\\\/wp-content\\\/uploads\\\/2024\\\/11\\\/henan-camp-logo.png\",\"width\":50,\"height\":48,\"caption\":\"Camp golfcart\"}]}<\/script>\n<!-- \/ Yoast SEO Premium plugin. -->","yoast_head_json":{"title":"Custom 6 Seat Electric Golf Cart | Golf Carts for Sale USA","description":"Custom 6-passenger electric golf cart with lithium battery. Factory direct supply with customizable seats, colors, and battery capacity. Exported to 200+ countries with CE certification and 24\/7 after-sales support.","robots":{"index":"index","follow":"follow","max-snippet":"max-snippet:-1","max-image-preview":"max-image-preview:large","max-video-preview":"max-video-preview:-1"},"canonical":"https:\/\/www.campgolfcart.com\/es\/producto\/6-seat-electric-golf-cart-for-sale-in-usa-from-china-factory-camp\/","og_locale":"es_ES","og_type":"article","og_title":"Custom 6 Seat Electric Golf Carts for Sale in USA","og_description":"Custom 6-passenger electric golf cart with lithium battery. Factory direct supply with customizable seats, colors, and battery capacity. Exported to 200+ countries with CE certification and 24\/7 after-sales support.","og_url":"https:\/\/www.campgolfcart.com\/es\/producto\/6-seat-electric-golf-cart-for-sale-in-usa-from-china-factory-camp\/","og_site_name":"Golf Carts Export Worldwide","article_modified_time":"2026-04-22T12:10:39+00:00","og_image":[{"width":800,"height":800,"url":"https:\/\/www.campgolfcart.com\/wp-content\/uploads\/2026\/04\/\u753b\u677f-1-\u62f7\u8d1d-3.jpg","type":"image\/jpeg"}],"twitter_card":"summary_large_image","twitter_misc":{"Tiempo de lectura":"1 minuto"},"schema":{"@context":"https:\/\/schema.org","@graph":[{"@type":"WebPage","@id":"https:\/\/www.campgolfcart.com\/product\/6-seat-electric-golf-cart-for-sale-in-usa-from-china-factory-camp\/","url":"https:\/\/www.campgolfcart.com\/product\/6-seat-electric-golf-cart-for-sale-in-usa-from-china-factory-camp\/","name":"Custom 6 Seat Electric Golf Cart | Golf Carts for Sale USA","isPartOf":{"@id":"https:\/\/www.campgolfcart.com\/#website"},"primaryImageOfPage":{"@id":"https:\/\/www.campgolfcart.com\/product\/6-seat-electric-golf-cart-for-sale-in-usa-from-china-factory-camp\/#primaryimage"},"image":{"@id":"https:\/\/www.campgolfcart.com\/product\/6-seat-electric-golf-cart-for-sale-in-usa-from-china-factory-camp\/#primaryimage"},"thumbnailUrl":"https:\/\/www.campgolfcart.com\/wp-content\/uploads\/2026\/04\/\u753b\u677f-1-\u62f7\u8d1d-3.jpg","datePublished":"2026-04-22T11:20:30+00:00","dateModified":"2026-04-22T12:10:39+00:00","description":"Custom 6-passenger electric golf cart with lithium battery. Factory direct supply with customizable seats, colors, and battery capacity. Exported to 200+ countries with CE certification and 24\/7 after-sales support.","breadcrumb":{"@id":"https:\/\/www.campgolfcart.com\/product\/6-seat-electric-golf-cart-for-sale-in-usa-from-china-factory-camp\/#breadcrumb"},"inLanguage":"es","potentialAction":[{"@type":"ReadAction","target":["https:\/\/www.campgolfcart.com\/product\/6-seat-electric-golf-cart-for-sale-in-usa-from-china-factory-camp\/"]}]},{"@type":"ImageObject","inLanguage":"es","@id":"https:\/\/www.campgolfcart.com\/product\/6-seat-electric-golf-cart-for-sale-in-usa-from-china-factory-camp\/#primaryimage","url":"https:\/\/www.campgolfcart.com\/wp-content\/uploads\/2026\/04\/\u753b\u677f-1-\u62f7\u8d1d-3.jpg","contentUrl":"https:\/\/www.campgolfcart.com\/wp-content\/uploads\/2026\/04\/\u753b\u677f-1-\u62f7\u8d1d-3.jpg","width":800,"height":800},{"@type":"BreadcrumbList","@id":"https:\/\/www.campgolfcart.com\/product\/6-seat-electric-golf-cart-for-sale-in-usa-from-china-factory-camp\/#breadcrumb","itemListElement":[{"@type":"ListItem","position":1,"name":"Home","item":"https:\/\/www.campgolfcart.com\/"},{"@type":"ListItem","position":2,"name":"\u5546\u5e97","item":"https:\/\/www.campgolfcart.com\/shop\/"},{"@type":"ListItem","position":3,"name":"Custom 6 Seat Electric Golf Carts for Sale in USA"}]},{"@type":"WebSite","@id":"https:\/\/www.campgolfcart.com\/#website","url":"https:\/\/www.campgolfcart.com\/","name":"Camp golfcart","description":"","publisher":{"@id":"https:\/\/www.campgolfcart.com\/#organization"},"potentialAction":[{"@type":"SearchAction","target":{"@type":"EntryPoint","urlTemplate":"https:\/\/www.campgolfcart.com\/?s={search_term_string}"},"query-input":{"@type":"PropertyValueSpecification","valueRequired":true,"valueName":"search_term_string"}}],"inLanguage":"es"},{"@type":["Organization","Place"],"@id":"https:\/\/www.campgolfcart.com\/#organization","name":"Camp golfcart","url":"https:\/\/www.campgolfcart.com\/","logo":{"@id":"https:\/\/www.campgolfcart.com\/product\/6-seat-electric-golf-cart-for-sale-in-usa-from-china-factory-camp\/#local-main-organization-logo"},"image":{"@id":"https:\/\/www.campgolfcart.com\/product\/6-seat-electric-golf-cart-for-sale-in-usa-from-china-factory-camp\/#local-main-organization-logo"},"telephone":[],"openingHoursSpecification":[{"@type":"OpeningHoursSpecification","dayOfWeek":["Monday","Tuesday","Wednesday","Thursday","Friday","Saturday","Sunday"],"opens":"09:00","closes":"17:00"}]},{"@type":"ImageObject","inLanguage":"es","@id":"https:\/\/www.campgolfcart.com\/product\/6-seat-electric-golf-cart-for-sale-in-usa-from-china-factory-camp\/#local-main-organization-logo","url":"https:\/\/www.campgolfcart.com\/wp-content\/uploads\/2024\/11\/henan-camp-logo.png","contentUrl":"https:\/\/www.campgolfcart.com\/wp-content\/uploads\/2024\/11\/henan-camp-logo.png","width":50,"height":48,"caption":"Camp golfcart"}]}},"jetpack_sharing_enabled":true,"_links":{"self":[{"href":"https:\/\/www.campgolfcart.com\/es\/wp-json\/wp\/v2\/product\/4928","targetHints":{"allow":["GET"]}}],"collection":[{"href":"https:\/\/www.campgolfcart.com\/es\/wp-json\/wp\/v2\/product"}],"about":[{"href":"https:\/\/www.campgolfcart.com\/es\/wp-json\/wp\/v2\/types\/product"}],"version-history":[{"count":2,"href":"https:\/\/www.campgolfcart.com\/es\/wp-json\/wp\/v2\/product\/4928\/revisions"}],"predecessor-version":[{"id":4953,"href":"https:\/\/www.campgolfcart.com\/es\/wp-json\/wp\/v2\/product\/4928\/revisions\/4953"}],"wp:featuredmedia":[{"embeddable":true,"href":"https:\/\/www.campgolfcart.com\/es\/wp-json\/wp\/v2\/media\/4932"}],"wp:attachment":[{"href":"https:\/\/www.campgolfcart.com\/es\/wp-json\/wp\/v2\/media?parent=4928"}],"wp:term":[{"taxonomy":"product_brand","embeddable":true,"href":"https:\/\/www.campgolfcart.com\/es\/wp-json\/wp\/v2\/product_brand?post=4928"},{"taxonomy":"product_cat","embeddable":true,"href":"https:\/\/www.campgolfcart.com\/es\/wp-json\/wp\/v2\/product_cat?post=4928"},{"taxonomy":"product_tag","embeddable":true,"href":"https:\/\/www.campgolfcart.com\/es\/wp-json\/wp\/v2\/product_tag?post=4928"}],"curies":[{"name":"wp","href":"https:\/\/api.w.org\/{rel}","templated":true}]}}