{"id":4413,"date":"2026-03-20T18:19:36","date_gmt":"2026-03-20T10:19:36","guid":{"rendered":"https:\/\/www.campgolfcart.com\/?post_type=product&#038;p=4413"},"modified":"2026-04-02T17:11:42","modified_gmt":"2026-04-02T09:11:42","slug":"custom-electric-golf-carts-for-sale-in-usa-2-10-seater-street-legal-fully-customizable","status":"publish","type":"product","link":"https:\/\/www.campgolfcart.com\/fr\/product\/custom-electric-golf-carts-for-sale-in-usa-2-10-seater-street-legal-fully-customizable\/","title":{"rendered":"Voiturettes de golf \u00e9lectriques personnalis\u00e9es \u00e0 vendre aux \u00c9tats-Unis | 2 \u00e0 10 places | L\u00e9gal et enti\u00e8rement personnalisable"},"content":{"rendered":"","protected":false},"excerpt":{"rendered":"<p>Mod\u00e8le : voiturette de golf \u00e9lectrique 4 places<br \/>\nVitesse maximale : 30-50 km\/h<br \/>\nContr\u00f4le \u00e9lectronique : contr\u00f4le \u00e9lectronique intelligent 5 kW AC.<br \/>\nMoteur\u00a0: moteur \u00e0 courant alternatif 3\/4\/5\u00a0KW<\/p>\n<p>Il s'agit d'une voiturette de golf 4+2 places en provenance du Canada. L'ensemble du chariot pr\u00e9sente une finition gris mat sophistiqu\u00e9e et durable, avec un design simple, beau et accrocheur. La couleur, les mat\u00e9riaux, le si\u00e8ge, la capacit\u00e9 de la batterie, les p\u00e9dales et les protections contre la pluie sont tous personnalis\u00e9s selon les exigences du client. Nous fournissons des services portables adapt\u00e9s aux besoins individuels, r\u00e9pondant aux normes nationales des v\u00e9hicules de course du Canada. Nos \u00e9quipements de voiturettes de golf sont export\u00e9s dans le monde entier et poss\u00e8dent de multiples certifications, dont CE. Avec une qualit\u00e9 de produit sup\u00e9rieure et un excellent service, nous proposons des services de personnalisation personnalis\u00e9s pour r\u00e9pondre aux divers besoins des clients, ce qui leur vaut une large reconnaissance. Actuellement, nos voiturettes de golf sont utilis\u00e9es dans plus de 200 pays \u00e0 travers le monde et peuvent \u00eatre vues partout dans les practice de golf, les parcs, les communaut\u00e9s, les rues pittoresques et les usines. Notre excellente \u00e9quipe de service apr\u00e8s-vente est disponible 24h\/24 et 7j\/7 pour r\u00e9soudre tout probl\u00e8me ou urgence apr\u00e8s-vente.<\/p>\n<p>sp\u00e9cial pour les lieux de pratique du golf. En outre, vous pouvez le conduire dans les parcs, les communaut\u00e9s, les rues pittoresques, les usines, etc. Il convient \u00e9galement aux grands parcs \u00e0 th\u00e8me, aux sites pittoresques, aux parcs d'attractions, etc.<br \/>\nOptions de personnalisation\u00a0:<br \/>\nLes couleurs de la carrosserie et des si\u00e8ges peuvent \u00eatre personnalis\u00e9es et vous pouvez \u00e9galement ajouter d'autres accessoires. Si vous \u00eates int\u00e9ress\u00e9, n\u2019h\u00e9sitez pas \u00e0 nous contacter d\u00e8s maintenant !<\/p>","protected":false},"featured_media":4422,"template":"","meta":{"site-sidebar-layout":"no-sidebar","site-content-layout":"page-builder","ast-global-header-display":"","ast-banner-title-visibility":"","ast-main-header-display":"","ast-hfb-above-header-display":"","ast-hfb-below-header-display":"","ast-hfb-mobile-header-display":"","site-post-title":"disabled","ast-breadcrumbs-content":"","ast-featured-img":"disabled","footer-sml-layout":"","theme-transparent-header-meta":"default","adv-header-id-meta":"","stick-header-meta":"","header-above-stick-meta":"","header-main-stick-meta":"","header-below-stick-meta":""},"product_brand":[],"product_cat":[33],"product_tag":[74,71,72,73,103,78,124,52,62,106,112,39,87,104,45,122,69,64,61,65,66,44,68,70,59,51,109,40,37,77,57,58,84,54,115,107,86,118,102,117,113,100,67,41,105,43,99,48,110,111,42,96,92,89,93,97,94,98,91,90,36,38,95,108,75,76,85,114,53,55,50,88,56,47,123,82,63,120,101,121,79,80,116,49,81,83,119,46,60],"class_list":{"0":"post-4413","1":"product","2":"type-product","3":"status-publish","4":"has-post-thumbnail","6":"product_cat-product","7":"product_tag-10-passenger-golf-cart","8":"product_tag-4-seater-golf-cart","9":"product_tag-6-passenger-golf-cart","10":"product_tag-8-passenger-golf-cart","11":"product_tag-affordable-golf-carts-usa","12":"product_tag-airport-shuttle-cart","13":"product_tag-airports","14":"product_tag-battery-powered-golf-cart","15":"product_tag-build-your-golf-cart","16":"product_tag-bulk-golf-cart-price","17":"product_tag-buy-golf-cart-near-me","18":"product_tag-buy-golf-cart-usa","19":"product_tag-campus-electric-vehicle","20":"product_tag-cheap-golf-carts-for-sale","21":"product_tag-commercial-golf-carts-for-sale","22":"product_tag-communities","23":"product_tag-custom-battery-golf-cart","24":"product_tag-custom-electric-golf-cart","25":"product_tag-custom-golf-cart","26":"product_tag-custom-golf-cart-manufacturer","27":"product_tag-custom-golf-cart-supplier","28":"product_tag-custom-golf-carts-usa","29":"product_tag-custom-seats-golf-cart","30":"product_tag-design-your-golf-cart","31":"product_tag-eco-friendly-golf-cart","32":"product_tag-electric-golf-cart","33":"product_tag-electric-golf-cart-near-me","34":"product_tag-electric-golf-cart-usa","35":"product_tag-electric-golf-carts-for-sale","36":"product_tag-electric-shuttle-bus","37":"product_tag-electric-shuttle-vehicle","38":"product_tag-electric-transport-cart","39":"product_tag-electric-utility-cart","40":"product_tag-electric-utility-vehicle","41":"product_tag-ev-charging-stations","42":"product_tag-factory-direct-golf-cart-price","43":"product_tag-factory-transport-cart","44":"product_tag-fleet-management-system","45":"product_tag-get-golf-cart-price","46":"product_tag-golf-cart-accessories-kits","47":"product_tag-golf-cart-batteries","48":"product_tag-golf-cart-cost-usa","49":"product_tag-golf-cart-customization-usa","50":"product_tag-golf-cart-dealers-near-me","51":"product_tag-golf-cart-deals-usa","52":"product_tag-golf-cart-manufacturer","53":"product_tag-golf-cart-price","54":"product_tag-golf-cart-price-usa","55":"product_tag-golf-cart-shop-near-me","56":"product_tag-golf-cart-supplier-near-me","57":"product_tag-golf-cart-supplier-usa","58":"product_tag-golf-carts-for-airports","59":"product_tag-golf-carts-for-campuses","60":"product_tag-golf-carts-for-communities","61":"product_tag-golf-carts-for-factories","62":"product_tag-golf-carts-for-farms","63":"product_tag-golf-carts-for-hotels","64":"product_tag-golf-carts-for-neighborhoods","65":"product_tag-golf-carts-for-parks","66":"product_tag-golf-carts-for-resorts","67":"product_tag-golf-carts-for-sale","68":"product_tag-golf-carts-for-sale-near-me","69":"product_tag-golf-carts-for-theme-parks","70":"product_tag-golf-carts-near-me","71":"product_tag-golf-course-golf-cart","72":"product_tag-golf-driving-range-cart","73":"product_tag-industrial-electric-vehicle","74":"product_tag-lithium-battery-systems","75":"product_tag-lithium-golf-cart","76":"product_tag-low-speed-electric-vehicle","77":"product_tag-lsv-golf-cart-usa","78":"product_tag-maintenance-golf-cart","79":"product_tag-neighborhood-electric-vehicle-nev","80":"product_tag-new-golf-carts-for-sale","81":"product_tag-parks","82":"product_tag-people-mover-electric","83":"product_tag-personalized-golf-cart","84":"product_tag-replacement-parts-golf-cart","85":"product_tag-request-golf-cart-quote","86":"product_tag-request-quote-golf-cart","87":"product_tag-resort-shuttle-vehicle","88":"product_tag-sightseeing-electric-vehicle","89":"product_tag-solar-charging-systems","90":"product_tag-street-legal-golf-cart-usa","91":"product_tag-tour-cart-electric","92":"product_tag-utility-golf-cart","93":"product_tag-vehicle-tracking-system-gps","94":"product_tag-wholesale-golf-carts-usa","95":"product_tag-zero-emission-golf-cart","96":"desktop-align-left","97":"tablet-align-left","98":"mobile-align-left","100":"first","101":"instock","102":"shipping-taxable","103":"product-type-simple"},"yoast_head":"<!-- This site is optimized with the Yoast SEO Premium plugin v27.5 (Yoast SEO v27.5) - https:\/\/yoast.com\/product\/yoast-seo-premium-wordpress\/ -->\n<title>Custom Golf Carts USA | Electric 2\u201310 Passenger Carts with CE Certification<\/title>\n<meta name=\"description\" content=\"Looking for electric golf carts for sale in the USA? We offer fully customizable 2\u201310 seater golf carts with custom seats, colors, battery capacity, and accessories. Ideal for golf courses, parks, resorts, communities, and commercial use. Street-legal options available. 24\/7 after-sales support. Get a quote today\" \/>\n<meta name=\"robots\" content=\"index, follow, max-snippet:-1, max-image-preview:large, max-video-preview:-1\" \/>\n<link rel=\"canonical\" href=\"https:\/\/www.campgolfcart.com\/fr\/product\/custom-electric-golf-carts-for-sale-in-usa-2-10-seater-street-legal-fully-customizable\/\" \/>\n<meta property=\"og:locale\" content=\"fr_FR\" \/>\n<meta property=\"og:type\" content=\"article\" \/>\n<meta property=\"og:title\" content=\"Custom Electric Golf Carts for Sale in USA | 2\u201310 Seater | Street Legal &amp; Fully Customizable\" \/>\n<meta property=\"og:description\" content=\"Looking for electric golf carts for sale in the USA? We offer fully customizable 2\u201310 seater golf carts with custom seats, colors, battery capacity, and accessories. Ideal for golf courses, parks, resorts, communities, and commercial use. Street-legal options available. 24\/7 after-sales support. Get a quote today\" \/>\n<meta property=\"og:url\" content=\"https:\/\/www.campgolfcart.com\/fr\/product\/custom-electric-golf-carts-for-sale-in-usa-2-10-seater-street-legal-fully-customizable\/\" \/>\n<meta property=\"og:site_name\" content=\"Golf Carts Export Worldwide\" \/>\n<meta property=\"article:modified_time\" content=\"2026-04-02T09:11:42+00:00\" \/>\n<meta property=\"og:image\" content=\"https:\/\/www.campgolfcart.com\/wp-content\/uploads\/2026\/03\/\u4e3b\u56fe-1-1024x1024.png\" \/>\n\t<meta property=\"og:image:width\" content=\"1024\" \/>\n\t<meta property=\"og:image:height\" content=\"1024\" \/>\n\t<meta property=\"og:image:type\" content=\"image\/png\" \/>\n<meta name=\"twitter:card\" content=\"summary_large_image\" \/>\n<meta name=\"twitter:label1\" content=\"Est. reading time\" \/>\n\t<meta name=\"twitter:data1\" content=\"1 minute\" \/>\n<script type=\"application\/ld+json\" class=\"yoast-schema-graph\">{\"@context\":\"https:\\\/\\\/schema.org\",\"@graph\":[{\"@type\":\"WebPage\",\"@id\":\"https:\\\/\\\/www.campgolfcart.com\\\/product\\\/custom-electric-golf-carts-for-sale-in-usa-2-10-seater-street-legal-fully-customizable\\\/\",\"url\":\"https:\\\/\\\/www.campgolfcart.com\\\/product\\\/custom-electric-golf-carts-for-sale-in-usa-2-10-seater-street-legal-fully-customizable\\\/\",\"name\":\"Custom Golf Carts USA | Electric 2\u201310 Passenger Carts with CE Certification\",\"isPartOf\":{\"@id\":\"https:\\\/\\\/www.campgolfcart.com\\\/#website\"},\"primaryImageOfPage\":{\"@id\":\"https:\\\/\\\/www.campgolfcart.com\\\/product\\\/custom-electric-golf-carts-for-sale-in-usa-2-10-seater-street-legal-fully-customizable\\\/#primaryimage\"},\"image\":{\"@id\":\"https:\\\/\\\/www.campgolfcart.com\\\/product\\\/custom-electric-golf-carts-for-sale-in-usa-2-10-seater-street-legal-fully-customizable\\\/#primaryimage\"},\"thumbnailUrl\":\"https:\\\/\\\/www.campgolfcart.com\\\/wp-content\\\/uploads\\\/2026\\\/03\\\/\u4e3b\u56fe-1.png\",\"datePublished\":\"2026-03-20T10:19:36+00:00\",\"dateModified\":\"2026-04-02T09:11:42+00:00\",\"description\":\"Looking for electric golf carts for sale in the USA? We offer fully customizable 2\u201310 seater golf carts with custom seats, colors, battery capacity, and accessories. Ideal for golf courses, parks, resorts, communities, and commercial use. Street-legal options available. 24\\\/7 after-sales support. Get a quote today\",\"breadcrumb\":{\"@id\":\"https:\\\/\\\/www.campgolfcart.com\\\/product\\\/custom-electric-golf-carts-for-sale-in-usa-2-10-seater-street-legal-fully-customizable\\\/#breadcrumb\"},\"inLanguage\":\"fr-FR\",\"potentialAction\":[{\"@type\":\"ReadAction\",\"target\":[\"https:\\\/\\\/www.campgolfcart.com\\\/product\\\/custom-electric-golf-carts-for-sale-in-usa-2-10-seater-street-legal-fully-customizable\\\/\"]}]},{\"@type\":\"ImageObject\",\"inLanguage\":\"fr-FR\",\"@id\":\"https:\\\/\\\/www.campgolfcart.com\\\/product\\\/custom-electric-golf-carts-for-sale-in-usa-2-10-seater-street-legal-fully-customizable\\\/#primaryimage\",\"url\":\"https:\\\/\\\/www.campgolfcart.com\\\/wp-content\\\/uploads\\\/2026\\\/03\\\/\u4e3b\u56fe-1.png\",\"contentUrl\":\"https:\\\/\\\/www.campgolfcart.com\\\/wp-content\\\/uploads\\\/2026\\\/03\\\/\u4e3b\u56fe-1.png\",\"width\":1200,\"height\":1200},{\"@type\":\"BreadcrumbList\",\"@id\":\"https:\\\/\\\/www.campgolfcart.com\\\/product\\\/custom-electric-golf-carts-for-sale-in-usa-2-10-seater-street-legal-fully-customizable\\\/#breadcrumb\",\"itemListElement\":[{\"@type\":\"ListItem\",\"position\":1,\"name\":\"Home\",\"item\":\"https:\\\/\\\/www.campgolfcart.com\\\/\"},{\"@type\":\"ListItem\",\"position\":2,\"name\":\"\u5546\u5e97\",\"item\":\"https:\\\/\\\/www.campgolfcart.com\\\/shop\\\/\"},{\"@type\":\"ListItem\",\"position\":3,\"name\":\"Custom Electric Golf Carts for Sale in USA | 2\u201310 Seater | Street Legal &#038; Fully Customizable\"}]},{\"@type\":\"WebSite\",\"@id\":\"https:\\\/\\\/www.campgolfcart.com\\\/#website\",\"url\":\"https:\\\/\\\/www.campgolfcart.com\\\/\",\"name\":\"Camp golfcart\",\"description\":\"\",\"publisher\":{\"@id\":\"https:\\\/\\\/www.campgolfcart.com\\\/#organization\"},\"potentialAction\":[{\"@type\":\"SearchAction\",\"target\":{\"@type\":\"EntryPoint\",\"urlTemplate\":\"https:\\\/\\\/www.campgolfcart.com\\\/?s={search_term_string}\"},\"query-input\":{\"@type\":\"PropertyValueSpecification\",\"valueRequired\":true,\"valueName\":\"search_term_string\"}}],\"inLanguage\":\"fr-FR\"},{\"@type\":[\"Organization\",\"Place\"],\"@id\":\"https:\\\/\\\/www.campgolfcart.com\\\/#organization\",\"name\":\"Camp golfcart\",\"url\":\"https:\\\/\\\/www.campgolfcart.com\\\/\",\"logo\":{\"@id\":\"https:\\\/\\\/www.campgolfcart.com\\\/product\\\/custom-electric-golf-carts-for-sale-in-usa-2-10-seater-street-legal-fully-customizable\\\/#local-main-organization-logo\"},\"image\":{\"@id\":\"https:\\\/\\\/www.campgolfcart.com\\\/product\\\/custom-electric-golf-carts-for-sale-in-usa-2-10-seater-street-legal-fully-customizable\\\/#local-main-organization-logo\"},\"telephone\":[],\"openingHoursSpecification\":[{\"@type\":\"OpeningHoursSpecification\",\"dayOfWeek\":[\"Monday\",\"Tuesday\",\"Wednesday\",\"Thursday\",\"Friday\",\"Saturday\",\"Sunday\"],\"opens\":\"09:00\",\"closes\":\"17:00\"}]},{\"@type\":\"ImageObject\",\"inLanguage\":\"fr-FR\",\"@id\":\"https:\\\/\\\/www.campgolfcart.com\\\/product\\\/custom-electric-golf-carts-for-sale-in-usa-2-10-seater-street-legal-fully-customizable\\\/#local-main-organization-logo\",\"url\":\"https:\\\/\\\/www.campgolfcart.com\\\/wp-content\\\/uploads\\\/2024\\\/11\\\/henan-camp-logo.png\",\"contentUrl\":\"https:\\\/\\\/www.campgolfcart.com\\\/wp-content\\\/uploads\\\/2024\\\/11\\\/henan-camp-logo.png\",\"width\":50,\"height\":48,\"caption\":\"Camp golfcart\"}]}<\/script>\n<!-- \/ Yoast SEO Premium plugin. -->","yoast_head_json":{"title":"Voiturettes de golf personnalis\u00e9es \u00c9tats-Unis | Chariots \u00e9lectriques de 2 \u00e0 10 passagers avec certification CE","description":"Vous recherchez des voiturettes de golf \u00e9lectriques \u00e0 vendre aux \u00c9tats-Unis\u00a0? Nous proposons des voiturettes de golf de 2 \u00e0 10 places enti\u00e8rement personnalisables avec des si\u00e8ges, des couleurs, une capacit\u00e9 de batterie et des accessoires personnalis\u00e9s. Id\u00e9al pour les terrains de golf, les parcs, les centres de vill\u00e9giature, les communaut\u00e9s et pour un usage commercial. Options l\u00e9gales de rue disponibles. Assistance apr\u00e8s-vente 24h\/24 et 7j\/7. Obtenez un devis aujourd'hui","robots":{"index":"index","follow":"follow","max-snippet":"max-snippet:-1","max-image-preview":"max-image-preview:large","max-video-preview":"max-video-preview:-1"},"canonical":"https:\/\/www.campgolfcart.com\/fr\/product\/custom-electric-golf-carts-for-sale-in-usa-2-10-seater-street-legal-fully-customizable\/","og_locale":"fr_FR","og_type":"article","og_title":"Custom Electric Golf Carts for Sale in USA | 2\u201310 Seater | Street Legal & Fully Customizable","og_description":"Looking for electric golf carts for sale in the USA? We offer fully customizable 2\u201310 seater golf carts with custom seats, colors, battery capacity, and accessories. Ideal for golf courses, parks, resorts, communities, and commercial use. Street-legal options available. 24\/7 after-sales support. Get a quote today","og_url":"https:\/\/www.campgolfcart.com\/fr\/product\/custom-electric-golf-carts-for-sale-in-usa-2-10-seater-street-legal-fully-customizable\/","og_site_name":"Golf Carts Export Worldwide","article_modified_time":"2026-04-02T09:11:42+00:00","og_image":[{"width":1024,"height":1024,"url":"https:\/\/www.campgolfcart.com\/wp-content\/uploads\/2026\/03\/\u4e3b\u56fe-1-1024x1024.png","type":"image\/png"}],"twitter_card":"summary_large_image","twitter_misc":{"Est. reading time":"1 minute"},"schema":{"@context":"https:\/\/schema.org","@graph":[{"@type":"WebPage","@id":"https:\/\/www.campgolfcart.com\/product\/custom-electric-golf-carts-for-sale-in-usa-2-10-seater-street-legal-fully-customizable\/","url":"https:\/\/www.campgolfcart.com\/product\/custom-electric-golf-carts-for-sale-in-usa-2-10-seater-street-legal-fully-customizable\/","name":"Voiturettes de golf personnalis\u00e9es \u00c9tats-Unis | Chariots \u00e9lectriques de 2 \u00e0 10 passagers avec certification CE","isPartOf":{"@id":"https:\/\/www.campgolfcart.com\/#website"},"primaryImageOfPage":{"@id":"https:\/\/www.campgolfcart.com\/product\/custom-electric-golf-carts-for-sale-in-usa-2-10-seater-street-legal-fully-customizable\/#primaryimage"},"image":{"@id":"https:\/\/www.campgolfcart.com\/product\/custom-electric-golf-carts-for-sale-in-usa-2-10-seater-street-legal-fully-customizable\/#primaryimage"},"thumbnailUrl":"https:\/\/www.campgolfcart.com\/wp-content\/uploads\/2026\/03\/\u4e3b\u56fe-1.png","datePublished":"2026-03-20T10:19:36+00:00","dateModified":"2026-04-02T09:11:42+00:00","description":"Vous recherchez des voiturettes de golf \u00e9lectriques \u00e0 vendre aux \u00c9tats-Unis\u00a0? Nous proposons des voiturettes de golf de 2 \u00e0 10 places enti\u00e8rement personnalisables avec des si\u00e8ges, des couleurs, une capacit\u00e9 de batterie et des accessoires personnalis\u00e9s. Id\u00e9al pour les terrains de golf, les parcs, les centres de vill\u00e9giature, les communaut\u00e9s et pour un usage commercial. Options l\u00e9gales de rue disponibles. Assistance apr\u00e8s-vente 24h\/24 et 7j\/7. Obtenez un devis aujourd'hui","breadcrumb":{"@id":"https:\/\/www.campgolfcart.com\/product\/custom-electric-golf-carts-for-sale-in-usa-2-10-seater-street-legal-fully-customizable\/#breadcrumb"},"inLanguage":"fr-FR","potentialAction":[{"@type":"ReadAction","target":["https:\/\/www.campgolfcart.com\/product\/custom-electric-golf-carts-for-sale-in-usa-2-10-seater-street-legal-fully-customizable\/"]}]},{"@type":"ImageObject","inLanguage":"fr-FR","@id":"https:\/\/www.campgolfcart.com\/product\/custom-electric-golf-carts-for-sale-in-usa-2-10-seater-street-legal-fully-customizable\/#primaryimage","url":"https:\/\/www.campgolfcart.com\/wp-content\/uploads\/2026\/03\/\u4e3b\u56fe-1.png","contentUrl":"https:\/\/www.campgolfcart.com\/wp-content\/uploads\/2026\/03\/\u4e3b\u56fe-1.png","width":1200,"height":1200},{"@type":"BreadcrumbList","@id":"https:\/\/www.campgolfcart.com\/product\/custom-electric-golf-carts-for-sale-in-usa-2-10-seater-street-legal-fully-customizable\/#breadcrumb","itemListElement":[{"@type":"ListItem","position":1,"name":"Home","item":"https:\/\/www.campgolfcart.com\/"},{"@type":"ListItem","position":2,"name":"\u5546\u5e97","item":"https:\/\/www.campgolfcart.com\/shop\/"},{"@type":"ListItem","position":3,"name":"Custom Electric Golf Carts for Sale in USA | 2\u201310 Seater | Street Legal &#038; Fully Customizable"}]},{"@type":"WebSite","@id":"https:\/\/www.campgolfcart.com\/#website","url":"https:\/\/www.campgolfcart.com\/","name":"Voiturette de golf du camp","description":"","publisher":{"@id":"https:\/\/www.campgolfcart.com\/#organization"},"potentialAction":[{"@type":"SearchAction","target":{"@type":"EntryPoint","urlTemplate":"https:\/\/www.campgolfcart.com\/?s={search_term_string}"},"query-input":{"@type":"PropertyValueSpecification","valueRequired":true,"valueName":"search_term_string"}}],"inLanguage":"fr-FR"},{"@type":["Organization","Place"],"@id":"https:\/\/www.campgolfcart.com\/#organization","name":"Voiturette de golf du camp","url":"https:\/\/www.campgolfcart.com\/","logo":{"@id":"https:\/\/www.campgolfcart.com\/product\/custom-electric-golf-carts-for-sale-in-usa-2-10-seater-street-legal-fully-customizable\/#local-main-organization-logo"},"image":{"@id":"https:\/\/www.campgolfcart.com\/product\/custom-electric-golf-carts-for-sale-in-usa-2-10-seater-street-legal-fully-customizable\/#local-main-organization-logo"},"telephone":[],"openingHoursSpecification":[{"@type":"OpeningHoursSpecification","dayOfWeek":["Monday","Tuesday","Wednesday","Thursday","Friday","Saturday","Sunday"],"opens":"09:00","closes":"17:00"}]},{"@type":"ImageObject","inLanguage":"fr-FR","@id":"https:\/\/www.campgolfcart.com\/product\/custom-electric-golf-carts-for-sale-in-usa-2-10-seater-street-legal-fully-customizable\/#local-main-organization-logo","url":"https:\/\/www.campgolfcart.com\/wp-content\/uploads\/2024\/11\/henan-camp-logo.png","contentUrl":"https:\/\/www.campgolfcart.com\/wp-content\/uploads\/2024\/11\/henan-camp-logo.png","width":50,"height":48,"caption":"Camp golfcart"}]}},"jetpack_sharing_enabled":true,"_links":{"self":[{"href":"https:\/\/www.campgolfcart.com\/fr\/wp-json\/wp\/v2\/product\/4413","targetHints":{"allow":["GET"]}}],"collection":[{"href":"https:\/\/www.campgolfcart.com\/fr\/wp-json\/wp\/v2\/product"}],"about":[{"href":"https:\/\/www.campgolfcart.com\/fr\/wp-json\/wp\/v2\/types\/product"}],"version-history":[{"count":2,"href":"https:\/\/www.campgolfcart.com\/fr\/wp-json\/wp\/v2\/product\/4413\/revisions"}],"predecessor-version":[{"id":4547,"href":"https:\/\/www.campgolfcart.com\/fr\/wp-json\/wp\/v2\/product\/4413\/revisions\/4547"}],"wp:featuredmedia":[{"embeddable":true,"href":"https:\/\/www.campgolfcart.com\/fr\/wp-json\/wp\/v2\/media\/4422"}],"wp:attachment":[{"href":"https:\/\/www.campgolfcart.com\/fr\/wp-json\/wp\/v2\/media?parent=4413"}],"wp:term":[{"taxonomy":"product_brand","embeddable":true,"href":"https:\/\/www.campgolfcart.com\/fr\/wp-json\/wp\/v2\/product_brand?post=4413"},{"taxonomy":"product_cat","embeddable":true,"href":"https:\/\/www.campgolfcart.com\/fr\/wp-json\/wp\/v2\/product_cat?post=4413"},{"taxonomy":"product_tag","embeddable":true,"href":"https:\/\/www.campgolfcart.com\/fr\/wp-json\/wp\/v2\/product_tag?post=4413"}],"curies":[{"name":"wp","href":"https:\/\/api.w.org\/{rel}","templated":true}]}}