{"id":4551,"date":"2026-04-02T17:23:21","date_gmt":"2026-04-02T09:23:21","guid":{"rendered":"https:\/\/www.campgolfcart.com\/?post_type=product&#038;p=4551"},"modified":"2026-04-02T18:37:01","modified_gmt":"2026-04-02T10:37:01","slug":"42-passenger-golf-cart-for-sale-in-canada-custom-electric-utility-cartcustom","status":"publish","type":"product","link":"https:\/\/www.campgolfcart.com\/fr\/product\/42-passenger-golf-cart-for-sale-in-canada-custom-electric-utility-cartcustom\/","title":{"rendered":"Voiturettes de golf \u00e9lectriques \u00e0 vendre au Canada \u2013 Mod\u00e8les personnalis\u00e9s de 2 \u00e0 10 places"},"content":{"rendered":"","protected":false},"excerpt":{"rendered":"<p>Mod\u00e8le : voiturette de golf \u00e9lectrique 4 places<br \/>\nVitesse maximale : 30-50 km\/h<br \/>\nContr\u00f4le \u00e9lectronique : contr\u00f4le \u00e9lectronique intelligent 5 kW AC.<br \/>\nMoteur\u00a0: moteur \u00e0 courant alternatif 3\/4\/5\u00a0KW<\/p>\n<p>Il s'agit d'une voiturette de golf 4+2 places en provenance du Canada. L'ensemble du chariot pr\u00e9sente une finition gris mat sophistiqu\u00e9e et durable, avec un design simple, beau et accrocheur. La couleur, les mat\u00e9riaux, le si\u00e8ge, la capacit\u00e9 de la batterie, les p\u00e9dales et les protections contre la pluie sont tous personnalis\u00e9s selon les exigences du client. Nous fournissons des services portables adapt\u00e9s aux besoins individuels, r\u00e9pondant aux normes nationales des v\u00e9hicules de course du Canada. Nos \u00e9quipements de voiturettes de golf sont export\u00e9s dans le monde entier et poss\u00e8dent de multiples certifications, dont CE. Avec une qualit\u00e9 de produit sup\u00e9rieure et un excellent service, nous proposons des services de personnalisation personnalis\u00e9s pour r\u00e9pondre aux divers besoins des clients, ce qui leur vaut une large reconnaissance. Actuellement, nos voiturettes de golf sont utilis\u00e9es dans plus de 200 pays \u00e0 travers le monde et peuvent \u00eatre vues partout dans les practice de golf, les parcs, les communaut\u00e9s, les rues pittoresques et les usines. Notre excellente \u00e9quipe de service apr\u00e8s-vente est disponible 24h\/24 et 7j\/7 pour r\u00e9soudre tout probl\u00e8me ou urgence apr\u00e8s-vente.<\/p>\n<p>sp\u00e9cial pour les lieux de pratique du golf. En outre, vous pouvez le conduire dans les parcs, les communaut\u00e9s, les rues pittoresques, les usines, etc. Il convient \u00e9galement aux grands parcs \u00e0 th\u00e8me, aux sites pittoresques, aux parcs d'attractions, etc.<br \/>\nOptions de personnalisation\u00a0:<br \/>\nLes couleurs de la carrosserie et des si\u00e8ges peuvent \u00eatre personnalis\u00e9es et vous pouvez \u00e9galement ajouter d'autres accessoires. Si vous \u00eates int\u00e9ress\u00e9, n\u2019h\u00e9sitez pas \u00e0 nous contacter d\u00e8s maintenant !<\/p>","protected":false},"featured_media":4555,"template":"","meta":{"site-sidebar-layout":"no-sidebar","site-content-layout":"page-builder","ast-global-header-display":"","ast-banner-title-visibility":"","ast-main-header-display":"","ast-hfb-above-header-display":"","ast-hfb-below-header-display":"","ast-hfb-mobile-header-display":"","site-post-title":"disabled","ast-breadcrumbs-content":"","ast-featured-img":"disabled","footer-sml-layout":"","theme-transparent-header-meta":"default","adv-header-id-meta":"","stick-header-meta":"","header-above-stick-meta":"","header-main-stick-meta":"","header-below-stick-meta":""},"product_brand":[],"product_cat":[33],"product_tag":[133,129,130,131,132,181,146,144,182,142,165,156,143,168,149,171,184,128,176,210,155,206,127,180,137,209,145,208,152,147,203,198,199,167,169,172,193,185,113,194,179,196,177,187,202,140,139,178,201,141,135,195,126,183,160,158,159,161,170,157,174,134,191,154,200,190,153,207,189,163,162,151,186,188,166,173,164,148,205,150,192,138,136,204,197,175],"class_list":{"0":"post-4551","1":"product","2":"type-product","3":"status-publish","4":"has-post-thumbnail","6":"product_cat-product","7":"product_tag-10-seat-golf-cart","8":"product_tag-2-seat-golf-cart-canada","9":"product_tag-4-seat-golf-cart-canada","10":"product_tag-6-seat-golf-cart","11":"product_tag-8-seat-golf-cart","12":"product_tag-affordable-golf-carts-canada","13":"product_tag-airport-shuttle-cart-canada","14":"product_tag-best-golf-cart-canada","15":"product_tag-best-price-golf-cart-canada","16":"product_tag-buy-golf-carts-canada","17":"product_tag-campground-transportation-carts","18":"product_tag-campus-shuttle-cart-canada","19":"product_tag-canada-golf-cart-quotes","20":"product_tag-commercial-golf-carts-canada","21":"product_tag-community-electric-cart-canada","22":"product_tag-community-transport-carts-canada","23":"product_tag-custom-colour-golf-carts","24":"product_tag-custom-golf-cart-canada","25":"product_tag-custom-golf-carts-quote","26":"product_tag-electric-buggy-cart-canada","27":"product_tag-electric-courtesy-cart-canada","28":"product_tag-electric-golf-buggy-canada","29":"product_tag-electric-golf-cart-canada","30":"product_tag-electric-golf-cart-specs","31":"product_tag-electric-golf-carts-dealer-canada","32":"product_tag-electric-ride-on-vehicle-canada","33":"product_tag-electric-shuttle-cart-canada","34":"product_tag-electric-sightseeing-buggy","35":"product_tag-electric-transport-cart-canada","36":"product_tag-electric-utility-vehicle-canada","37":"product_tag-electric-utv-canada","38":"product_tag-electric-vehicle-fleet-management","39":"product_tag-ev-charging-stations-canada","40":"product_tag-festival-utility-cart","41":"product_tag-fleet-golf-carts-for-business","42":"product_tag-gated-community-electric-carts","43":"product_tag-golf-cart-accessories","44":"product_tag-golf-cart-accessories-canada","45":"product_tag-golf-cart-batteries","46":"product_tag-golf-cart-charger-canada","47":"product_tag-golf-cart-cost-estimate","48":"product_tag-golf-cart-covers","49":"product_tag-golf-cart-customization-canada","50":"product_tag-golf-cart-dealers-near-canada","51":"product_tag-golf-cart-enclosure","52":"product_tag-golf-cart-export-canada","53":"product_tag-golf-cart-manufacturer-canada","54":"product_tag-golf-cart-price-canada","55":"product_tag-golf-cart-roof-kits","56":"product_tag-golf-cart-sale-price-canada","57":"product_tag-golf-cart-supplier-canada","58":"product_tag-golf-cart-tires-canada","59":"product_tag-golf-carts-for-sale-canada","60":"product_tag-golf-carts-with-battery-options","61":"product_tag-golf-course-transportation-carts","62":"product_tag-golf-course-utility-vehicle-canada","63":"product_tag-golf-resort-electric-cart-canada","64":"product_tag-golf-training-cart","65":"product_tag-hotel-and-resort-golf-carts","66":"product_tag-hotel-shuttle-cart-canada","67":"product_tag-industrial-electric-cart","68":"product_tag-lithium-battery-golf-cart-canada","69":"product_tag-lithium-golf-cart-battery","70":"product_tag-low-speed-vehicle-canada","71":"product_tag-low-speed-vehicle-parts","72":"product_tag-made-to-order-golf-cart","73":"product_tag-neighbourhood-electric-vehicle-canada","74":"product_tag-neighbourhood-ev-canada","75":"product_tag-order-golf-cart-online","76":"product_tag-outdoor-utility-vehicles","77":"product_tag-park-sightseeing-vehicle","78":"product_tag-park-utility-vehicle-canada","79":"product_tag-personalized-golf-carts","80":"product_tag-quoting-golf-carts-canada","81":"product_tag-recreational-area-electric-cart","82":"product_tag-residential-electric-cart","83":"product_tag-resort-guest-transport-carts","84":"product_tag-resort-transportation-cart-canada","85":"product_tag-side-by-side-utility-vehicle-electric","86":"product_tag-sightseeing-electric-cart-canada","87":"product_tag-spare-parts-for-golf-cart","88":"product_tag-street-legal-golf-cart-canada","89":"product_tag-utility-golf-carts-canada","90":"product_tag-utility-task-vehicle-canada","91":"product_tag-utility-vehicle-parts","92":"product_tag-warehouse-electric-vehicle","93":"desktop-align-left","94":"tablet-align-left","95":"mobile-align-left","97":"first","98":"instock","99":"shipping-taxable","100":"product-type-simple"},"yoast_head":"<!-- This site is optimized with the Yoast SEO Premium plugin v27.5 (Yoast SEO v27.5) - https:\/\/yoast.com\/product\/yoast-seo-premium-wordpress\/ -->\n<title>Custom Electric Golf Carts for Sale in Canada | 4+2 Seat Utility Golf Cart<\/title>\n<meta name=\"description\" content=\"Custom electric golf carts for sale in Canada. 2\u201310 seat models with fully customizable seats, colors, and battery capacity. Perfect for golf courses, parks, resorts, and communities.\" \/>\n<meta name=\"robots\" content=\"index, follow, max-snippet:-1, max-image-preview:large, max-video-preview:-1\" \/>\n<link rel=\"canonical\" href=\"https:\/\/www.campgolfcart.com\/fr\/product\/42-passenger-golf-cart-for-sale-in-canada-custom-electric-utility-cartcustom\/\" \/>\n<meta property=\"og:locale\" content=\"fr_FR\" \/>\n<meta property=\"og:type\" content=\"article\" \/>\n<meta property=\"og:title\" content=\"Electric Golf Carts for Sale in Canada \u2013 Custom 2 to 10 Seat Models\" \/>\n<meta property=\"og:description\" content=\"Custom electric golf carts for sale in Canada. 2\u201310 seat models with fully customizable seats, colors, and battery capacity. Perfect for golf courses, parks, resorts, and communities.\" \/>\n<meta property=\"og:url\" content=\"https:\/\/www.campgolfcart.com\/fr\/product\/42-passenger-golf-cart-for-sale-in-canada-custom-electric-utility-cartcustom\/\" \/>\n<meta property=\"og:site_name\" content=\"Golf Carts Export Worldwide\" \/>\n<meta property=\"article:modified_time\" content=\"2026-04-02T10:37:01+00:00\" \/>\n<meta property=\"og:image\" content=\"https:\/\/www.campgolfcart.com\/wp-content\/uploads\/2026\/04\/\u4e3b\u56fe-\u62f7\u8d1d.jpg\" \/>\n\t<meta property=\"og:image:width\" content=\"800\" \/>\n\t<meta property=\"og:image:height\" content=\"800\" \/>\n\t<meta property=\"og:image:type\" content=\"image\/jpeg\" \/>\n<meta name=\"twitter:card\" content=\"summary_large_image\" \/>\n<meta name=\"twitter:label1\" content=\"Est. reading time\" \/>\n\t<meta name=\"twitter:data1\" content=\"1 minute\" \/>\n<script type=\"application\/ld+json\" class=\"yoast-schema-graph\">{\"@context\":\"https:\\\/\\\/schema.org\",\"@graph\":[{\"@type\":\"WebPage\",\"@id\":\"https:\\\/\\\/www.campgolfcart.com\\\/product\\\/42-passenger-golf-cart-for-sale-in-canada-custom-electric-utility-cartcustom\\\/\",\"url\":\"https:\\\/\\\/www.campgolfcart.com\\\/product\\\/42-passenger-golf-cart-for-sale-in-canada-custom-electric-utility-cartcustom\\\/\",\"name\":\"Custom Electric Golf Carts for Sale in Canada | 4+2 Seat Utility Golf Cart\",\"isPartOf\":{\"@id\":\"https:\\\/\\\/www.campgolfcart.com\\\/#website\"},\"primaryImageOfPage\":{\"@id\":\"https:\\\/\\\/www.campgolfcart.com\\\/product\\\/42-passenger-golf-cart-for-sale-in-canada-custom-electric-utility-cartcustom\\\/#primaryimage\"},\"image\":{\"@id\":\"https:\\\/\\\/www.campgolfcart.com\\\/product\\\/42-passenger-golf-cart-for-sale-in-canada-custom-electric-utility-cartcustom\\\/#primaryimage\"},\"thumbnailUrl\":\"https:\\\/\\\/www.campgolfcart.com\\\/wp-content\\\/uploads\\\/2026\\\/04\\\/\u4e3b\u56fe-\u62f7\u8d1d.jpg\",\"datePublished\":\"2026-04-02T09:23:21+00:00\",\"dateModified\":\"2026-04-02T10:37:01+00:00\",\"description\":\"Custom electric golf carts for sale in Canada. 2\u201310 seat models with fully customizable seats, colors, and battery capacity. Perfect for golf courses, parks, resorts, and communities.\",\"breadcrumb\":{\"@id\":\"https:\\\/\\\/www.campgolfcart.com\\\/product\\\/42-passenger-golf-cart-for-sale-in-canada-custom-electric-utility-cartcustom\\\/#breadcrumb\"},\"inLanguage\":\"fr-FR\",\"potentialAction\":[{\"@type\":\"ReadAction\",\"target\":[\"https:\\\/\\\/www.campgolfcart.com\\\/product\\\/42-passenger-golf-cart-for-sale-in-canada-custom-electric-utility-cartcustom\\\/\"]}]},{\"@type\":\"ImageObject\",\"inLanguage\":\"fr-FR\",\"@id\":\"https:\\\/\\\/www.campgolfcart.com\\\/product\\\/42-passenger-golf-cart-for-sale-in-canada-custom-electric-utility-cartcustom\\\/#primaryimage\",\"url\":\"https:\\\/\\\/www.campgolfcart.com\\\/wp-content\\\/uploads\\\/2026\\\/04\\\/\u4e3b\u56fe-\u62f7\u8d1d.jpg\",\"contentUrl\":\"https:\\\/\\\/www.campgolfcart.com\\\/wp-content\\\/uploads\\\/2026\\\/04\\\/\u4e3b\u56fe-\u62f7\u8d1d.jpg\",\"width\":800,\"height\":800},{\"@type\":\"BreadcrumbList\",\"@id\":\"https:\\\/\\\/www.campgolfcart.com\\\/product\\\/42-passenger-golf-cart-for-sale-in-canada-custom-electric-utility-cartcustom\\\/#breadcrumb\",\"itemListElement\":[{\"@type\":\"ListItem\",\"position\":1,\"name\":\"Home\",\"item\":\"https:\\\/\\\/www.campgolfcart.com\\\/\"},{\"@type\":\"ListItem\",\"position\":2,\"name\":\"\u5546\u5e97\",\"item\":\"https:\\\/\\\/www.campgolfcart.com\\\/shop\\\/\"},{\"@type\":\"ListItem\",\"position\":3,\"name\":\"Electric Golf Carts for Sale in Canada \u2013 Custom 2 to 10 Seat Models\"}]},{\"@type\":\"WebSite\",\"@id\":\"https:\\\/\\\/www.campgolfcart.com\\\/#website\",\"url\":\"https:\\\/\\\/www.campgolfcart.com\\\/\",\"name\":\"Camp golfcart\",\"description\":\"\",\"publisher\":{\"@id\":\"https:\\\/\\\/www.campgolfcart.com\\\/#organization\"},\"potentialAction\":[{\"@type\":\"SearchAction\",\"target\":{\"@type\":\"EntryPoint\",\"urlTemplate\":\"https:\\\/\\\/www.campgolfcart.com\\\/?s={search_term_string}\"},\"query-input\":{\"@type\":\"PropertyValueSpecification\",\"valueRequired\":true,\"valueName\":\"search_term_string\"}}],\"inLanguage\":\"fr-FR\"},{\"@type\":[\"Organization\",\"Place\"],\"@id\":\"https:\\\/\\\/www.campgolfcart.com\\\/#organization\",\"name\":\"Camp golfcart\",\"url\":\"https:\\\/\\\/www.campgolfcart.com\\\/\",\"logo\":{\"@id\":\"https:\\\/\\\/www.campgolfcart.com\\\/product\\\/42-passenger-golf-cart-for-sale-in-canada-custom-electric-utility-cartcustom\\\/#local-main-organization-logo\"},\"image\":{\"@id\":\"https:\\\/\\\/www.campgolfcart.com\\\/product\\\/42-passenger-golf-cart-for-sale-in-canada-custom-electric-utility-cartcustom\\\/#local-main-organization-logo\"},\"telephone\":[],\"openingHoursSpecification\":[{\"@type\":\"OpeningHoursSpecification\",\"dayOfWeek\":[\"Monday\",\"Tuesday\",\"Wednesday\",\"Thursday\",\"Friday\",\"Saturday\",\"Sunday\"],\"opens\":\"09:00\",\"closes\":\"17:00\"}]},{\"@type\":\"ImageObject\",\"inLanguage\":\"fr-FR\",\"@id\":\"https:\\\/\\\/www.campgolfcart.com\\\/product\\\/42-passenger-golf-cart-for-sale-in-canada-custom-electric-utility-cartcustom\\\/#local-main-organization-logo\",\"url\":\"https:\\\/\\\/www.campgolfcart.com\\\/wp-content\\\/uploads\\\/2024\\\/11\\\/henan-camp-logo.png\",\"contentUrl\":\"https:\\\/\\\/www.campgolfcart.com\\\/wp-content\\\/uploads\\\/2024\\\/11\\\/henan-camp-logo.png\",\"width\":50,\"height\":48,\"caption\":\"Camp golfcart\"}]}<\/script>\n<!-- \/ Yoast SEO Premium plugin. -->","yoast_head_json":{"title":"Voiturettes de golf \u00e9lectriques personnalis\u00e9es \u00e0 vendre au Canada | Chariot de golf utilitaire 4+2 places","description":"Voiturettes de golf \u00e9lectriques personnalis\u00e9es \u00e0 vendre au Canada. Mod\u00e8les de 2 \u00e0 10 places avec si\u00e8ges, couleurs et capacit\u00e9 de batterie enti\u00e8rement personnalisables. Parfait pour les terrains de golf, les parcs, les centres de vill\u00e9giature et les communaut\u00e9s.","robots":{"index":"index","follow":"follow","max-snippet":"max-snippet:-1","max-image-preview":"max-image-preview:large","max-video-preview":"max-video-preview:-1"},"canonical":"https:\/\/www.campgolfcart.com\/fr\/product\/42-passenger-golf-cart-for-sale-in-canada-custom-electric-utility-cartcustom\/","og_locale":"fr_FR","og_type":"article","og_title":"Electric Golf Carts for Sale in Canada \u2013 Custom 2 to 10 Seat Models","og_description":"Custom electric golf carts for sale in Canada. 2\u201310 seat models with fully customizable seats, colors, and battery capacity. Perfect for golf courses, parks, resorts, and communities.","og_url":"https:\/\/www.campgolfcart.com\/fr\/product\/42-passenger-golf-cart-for-sale-in-canada-custom-electric-utility-cartcustom\/","og_site_name":"Golf Carts Export Worldwide","article_modified_time":"2026-04-02T10:37:01+00:00","og_image":[{"width":800,"height":800,"url":"https:\/\/www.campgolfcart.com\/wp-content\/uploads\/2026\/04\/\u4e3b\u56fe-\u62f7\u8d1d.jpg","type":"image\/jpeg"}],"twitter_card":"summary_large_image","twitter_misc":{"Est. reading time":"1 minute"},"schema":{"@context":"https:\/\/schema.org","@graph":[{"@type":"WebPage","@id":"https:\/\/www.campgolfcart.com\/product\/42-passenger-golf-cart-for-sale-in-canada-custom-electric-utility-cartcustom\/","url":"https:\/\/www.campgolfcart.com\/product\/42-passenger-golf-cart-for-sale-in-canada-custom-electric-utility-cartcustom\/","name":"Voiturettes de golf \u00e9lectriques personnalis\u00e9es \u00e0 vendre au Canada | Chariot de golf utilitaire 4+2 places","isPartOf":{"@id":"https:\/\/www.campgolfcart.com\/#website"},"primaryImageOfPage":{"@id":"https:\/\/www.campgolfcart.com\/product\/42-passenger-golf-cart-for-sale-in-canada-custom-electric-utility-cartcustom\/#primaryimage"},"image":{"@id":"https:\/\/www.campgolfcart.com\/product\/42-passenger-golf-cart-for-sale-in-canada-custom-electric-utility-cartcustom\/#primaryimage"},"thumbnailUrl":"https:\/\/www.campgolfcart.com\/wp-content\/uploads\/2026\/04\/\u4e3b\u56fe-\u62f7\u8d1d.jpg","datePublished":"2026-04-02T09:23:21+00:00","dateModified":"2026-04-02T10:37:01+00:00","description":"Voiturettes de golf \u00e9lectriques personnalis\u00e9es \u00e0 vendre au Canada. Mod\u00e8les de 2 \u00e0 10 places avec si\u00e8ges, couleurs et capacit\u00e9 de batterie enti\u00e8rement personnalisables. Parfait pour les terrains de golf, les parcs, les centres de vill\u00e9giature et les communaut\u00e9s.","breadcrumb":{"@id":"https:\/\/www.campgolfcart.com\/product\/42-passenger-golf-cart-for-sale-in-canada-custom-electric-utility-cartcustom\/#breadcrumb"},"inLanguage":"fr-FR","potentialAction":[{"@type":"ReadAction","target":["https:\/\/www.campgolfcart.com\/product\/42-passenger-golf-cart-for-sale-in-canada-custom-electric-utility-cartcustom\/"]}]},{"@type":"ImageObject","inLanguage":"fr-FR","@id":"https:\/\/www.campgolfcart.com\/product\/42-passenger-golf-cart-for-sale-in-canada-custom-electric-utility-cartcustom\/#primaryimage","url":"https:\/\/www.campgolfcart.com\/wp-content\/uploads\/2026\/04\/\u4e3b\u56fe-\u62f7\u8d1d.jpg","contentUrl":"https:\/\/www.campgolfcart.com\/wp-content\/uploads\/2026\/04\/\u4e3b\u56fe-\u62f7\u8d1d.jpg","width":800,"height":800},{"@type":"BreadcrumbList","@id":"https:\/\/www.campgolfcart.com\/product\/42-passenger-golf-cart-for-sale-in-canada-custom-electric-utility-cartcustom\/#breadcrumb","itemListElement":[{"@type":"ListItem","position":1,"name":"Home","item":"https:\/\/www.campgolfcart.com\/"},{"@type":"ListItem","position":2,"name":"\u5546\u5e97","item":"https:\/\/www.campgolfcart.com\/shop\/"},{"@type":"ListItem","position":3,"name":"Electric Golf Carts for Sale in Canada \u2013 Custom 2 to 10 Seat Models"}]},{"@type":"WebSite","@id":"https:\/\/www.campgolfcart.com\/#website","url":"https:\/\/www.campgolfcart.com\/","name":"Voiturette de golf du camp","description":"","publisher":{"@id":"https:\/\/www.campgolfcart.com\/#organization"},"potentialAction":[{"@type":"SearchAction","target":{"@type":"EntryPoint","urlTemplate":"https:\/\/www.campgolfcart.com\/?s={search_term_string}"},"query-input":{"@type":"PropertyValueSpecification","valueRequired":true,"valueName":"search_term_string"}}],"inLanguage":"fr-FR"},{"@type":["Organization","Place"],"@id":"https:\/\/www.campgolfcart.com\/#organization","name":"Voiturette de golf du camp","url":"https:\/\/www.campgolfcart.com\/","logo":{"@id":"https:\/\/www.campgolfcart.com\/product\/42-passenger-golf-cart-for-sale-in-canada-custom-electric-utility-cartcustom\/#local-main-organization-logo"},"image":{"@id":"https:\/\/www.campgolfcart.com\/product\/42-passenger-golf-cart-for-sale-in-canada-custom-electric-utility-cartcustom\/#local-main-organization-logo"},"telephone":[],"openingHoursSpecification":[{"@type":"OpeningHoursSpecification","dayOfWeek":["Monday","Tuesday","Wednesday","Thursday","Friday","Saturday","Sunday"],"opens":"09:00","closes":"17:00"}]},{"@type":"ImageObject","inLanguage":"fr-FR","@id":"https:\/\/www.campgolfcart.com\/product\/42-passenger-golf-cart-for-sale-in-canada-custom-electric-utility-cartcustom\/#local-main-organization-logo","url":"https:\/\/www.campgolfcart.com\/wp-content\/uploads\/2024\/11\/henan-camp-logo.png","contentUrl":"https:\/\/www.campgolfcart.com\/wp-content\/uploads\/2024\/11\/henan-camp-logo.png","width":50,"height":48,"caption":"Camp golfcart"}]}},"jetpack_sharing_enabled":true,"_links":{"self":[{"href":"https:\/\/www.campgolfcart.com\/fr\/wp-json\/wp\/v2\/product\/4551","targetHints":{"allow":["GET"]}}],"collection":[{"href":"https:\/\/www.campgolfcart.com\/fr\/wp-json\/wp\/v2\/product"}],"about":[{"href":"https:\/\/www.campgolfcart.com\/fr\/wp-json\/wp\/v2\/types\/product"}],"version-history":[{"count":4,"href":"https:\/\/www.campgolfcart.com\/fr\/wp-json\/wp\/v2\/product\/4551\/revisions"}],"predecessor-version":[{"id":4586,"href":"https:\/\/www.campgolfcart.com\/fr\/wp-json\/wp\/v2\/product\/4551\/revisions\/4586"}],"wp:featuredmedia":[{"embeddable":true,"href":"https:\/\/www.campgolfcart.com\/fr\/wp-json\/wp\/v2\/media\/4555"}],"wp:attachment":[{"href":"https:\/\/www.campgolfcart.com\/fr\/wp-json\/wp\/v2\/media?parent=4551"}],"wp:term":[{"taxonomy":"product_brand","embeddable":true,"href":"https:\/\/www.campgolfcart.com\/fr\/wp-json\/wp\/v2\/product_brand?post=4551"},{"taxonomy":"product_cat","embeddable":true,"href":"https:\/\/www.campgolfcart.com\/fr\/wp-json\/wp\/v2\/product_cat?post=4551"},{"taxonomy":"product_tag","embeddable":true,"href":"https:\/\/www.campgolfcart.com\/fr\/wp-json\/wp\/v2\/product_tag?post=4551"}],"curies":[{"name":"wp","href":"https:\/\/api.w.org\/{rel}","templated":true}]}}