{"id":4626,"date":"2026-04-03T17:05:28","date_gmt":"2026-04-03T09:05:28","guid":{"rendered":"https:\/\/www.campgolfcart.com\/?post_type=product&#038;p=4626"},"modified":"2026-04-08T11:11:51","modified_gmt":"2026-04-08T03:11:51","slug":"golf-carts-for-sale-mexico-custom-62-seat-golf-buggy-manufacturer","status":"publish","type":"product","link":"https:\/\/www.campgolfcart.com\/fr\/product\/golf-carts-for-sale-mexico-custom-62-seat-golf-buggy-manufacturer\/","title":{"rendered":"Fabricant de voiturettes de golf personnalis\u00e9es Mexique | Voiturette de golf \u00e9lectrique 6+2 places"},"content":{"rendered":"","protected":false},"excerpt":{"rendered":"<p>Mod\u00e8le : voiturette de golf \u00e9lectrique 4 places<br \/>\nVitesse maximale : 30-50 km\/h<br \/>\nContr\u00f4le \u00e9lectronique : contr\u00f4le \u00e9lectronique intelligent 5 kW AC.<br \/>\nMoteur\u00a0: moteur \u00e0 courant alternatif 3\/4\/5\u00a0KW<\/p>\n<p>Il s'agit d'une voiturette de golf 6+2 places en provenance du Canada. L'ensemble du chariot pr\u00e9sente une finition gris mat sophistiqu\u00e9e et durable, avec un design simple, beau et accrocheur. La couleur, les mat\u00e9riaux, le si\u00e8ge, la capacit\u00e9 de la batterie, les p\u00e9dales et les protections contre la pluie sont tous personnalis\u00e9s selon les exigences du client. Nous fournissons des services portables adapt\u00e9s aux besoins individuels, r\u00e9pondant aux normes nationales des v\u00e9hicules de course du Canada. Nos \u00e9quipements de voiturettes de golf sont export\u00e9s dans le monde entier et poss\u00e8dent de multiples certifications, dont CE. Avec une qualit\u00e9 de produit sup\u00e9rieure et un excellent service, nous proposons des services de personnalisation personnalis\u00e9s pour r\u00e9pondre aux divers besoins des clients, ce qui leur vaut une large reconnaissance. Actuellement, nos voiturettes de golf sont utilis\u00e9es dans plus de 200 pays \u00e0 travers le monde et peuvent \u00eatre vues partout dans les practice de golf, les parcs, les communaut\u00e9s, les rues pittoresques et les usines. Notre excellente \u00e9quipe de service apr\u00e8s-vente est disponible 24h\/24 et 7j\/7 pour r\u00e9soudre tout probl\u00e8me ou urgence apr\u00e8s-vente.<\/p>\n<p>sp\u00e9cial pour les lieux de pratique du golf. En outre, vous pouvez le conduire dans les parcs, les communaut\u00e9s, les rues pittoresques, les usines, etc. Il convient \u00e9galement aux grands parcs \u00e0 th\u00e8me, aux sites pittoresques, aux parcs d'attractions, etc.<br \/>\nOptions de personnalisation\u00a0:<br \/>\nLes couleurs de la carrosserie et des si\u00e8ges peuvent \u00eatre personnalis\u00e9es et vous pouvez \u00e9galement ajouter d'autres accessoires. Si vous \u00eates int\u00e9ress\u00e9, n\u2019h\u00e9sitez pas \u00e0 nous contacter d\u00e8s maintenant !<\/p>","protected":false},"featured_media":4628,"template":"","meta":{"site-sidebar-layout":"no-sidebar","site-content-layout":"page-builder","ast-global-header-display":"","ast-banner-title-visibility":"","ast-main-header-display":"","ast-hfb-above-header-display":"","ast-hfb-below-header-display":"","ast-hfb-mobile-header-display":"","site-post-title":"disabled","ast-breadcrumbs-content":"","ast-featured-img":"disabled","footer-sml-layout":"","theme-transparent-header-meta":"default","adv-header-id-meta":"","stick-header-meta":"","header-above-stick-meta":"","header-main-stick-meta":"","header-below-stick-meta":""},"product_brand":[376],"product_cat":[33],"product_tag":[74,260,261,72,73,78,214,253,235,236,237,245,247,231,240,233,238,239,243,244,232,246,228,252,234,65,215,268,269,265,219,227,229,211,213,291,220,256,262,292,263,224,223,264,242,254,271,113,290,280,287,230,286,279,217,288,221,284,285,283,281,289,216,282,274,275,273,272,212,75,76,249,255,278,266,226,270,55,267,276,222,277,250,225,241,248,259,257,258,251,218],"class_list":{"0":"post-4626","1":"product","2":"type-product","3":"status-publish","4":"has-post-thumbnail","6":"product_brand-camp","7":"product_cat-product","8":"product_tag-10-passenger-golf-cart","9":"product_tag-2-seat-golf-cart","10":"product_tag-4-seat-golf-cart","11":"product_tag-6-passenger-golf-cart","12":"product_tag-8-passenger-golf-cart","13":"product_tag-airport-shuttle-cart","14":"product_tag-buy-golf-cart-mexico","15":"product_tag-campus-electric-cart","16":"product_tag-carrito-de-golf-4-pasajeros","17":"product_tag-carrito-de-golf-6-pasajeros","18":"product_tag-carrito-de-golf-8-pasajeros","19":"product_tag-carrito-de-golf-bateria-litio","20":"product_tag-carrito-de-golf-comercia","21":"product_tag-carrito-de-golf-electrico","22":"product_tag-carrito-de-golf-electrico-personalizado","23":"product_tag-carrito-de-golf-electrico-precio","24":"product_tag-carrito-de-golf-para-campo-de-golf","25":"product_tag-carrito-de-golf-para-resort","26":"product_tag-carrito-electrico-de-transporte","27":"product_tag-carrito-electrico-utilitario","28":"product_tag-carritos-de-golf-en-venta-mexico","29":"product_tag-carros-de-golf-electricos","30":"product_tag-commercial-golf-carts-mexico","31":"product_tag-community-shuttle-cart","32":"product_tag-comprar-carrito-de-golf-mexico","33":"product_tag-custom-golf-cart-manufacturer","34":"product_tag-custom-golf-cart-mexico","35":"product_tag-custom-golf-carts","36":"product_tag-customized-electric-golf-cart","37":"product_tag-electric-cargo-cart","38":"product_tag-electric-golf-buggy-mexico","39":"product_tag-electric-golf-buggy-supplier-mexico","40":"product_tag-electric-golf-cart-factory-mexico","41":"product_tag-electric-golf-cart-mexico","42":"product_tag-electric-golf-carts-for-sale-mexico","43":"product_tag-electric-golf-carts-mexico","44":"product_tag-electric-golf-vehicle-mexico","45":"product_tag-electric-patrol-cart","46":"product_tag-electric-shuttle-cart","47":"product_tag-electric-sightseeing-cart","48":"product_tag-electric-sightseeing-vehicle","49":"product_tag-electric-transport-cart-mexico","50":"product_tag-electric-utility-cart-mexico","51":"product_tag-electric-utility-golf-cart","52":"product_tag-fabricante-de-carritos-de-golf","53":"product_tag-factory-electric-transport-cart","54":"product_tag-fast-charging-golf-cart","55":"product_tag-golf-cart-batteries","56":"product_tag-golf-cart-battery-upgrade","57":"product_tag-golf-cart-charger","58":"product_tag-golf-cart-controller","59":"product_tag-golf-cart-export-supplier","60":"product_tag-golf-cart-led-lights-kit","61":"product_tag-golf-cart-lithium-battery","62":"product_tag-golf-cart-manufacturer-mexico","63":"product_tag-golf-cart-motor-kit","64":"product_tag-golf-cart-price-mexico","65":"product_tag-golf-cart-rain-enclosure","66":"product_tag-golf-cart-roof-canopy","67":"product_tag-golf-cart-seats","68":"product_tag-golf-cart-solar-panel-kit","69":"product_tag-golf-cart-spare-parts","70":"product_tag-golf-cart-supplier-mexico","71":"product_tag-golf-cart-tires-and-wheels","72":"product_tag-golf-cart-with-bluetooth-speaker","73":"product_tag-golf-cart-with-led-lights","74":"product_tag-golf-cart-with-rain-cover","75":"product_tag-golf-cart-with-roof","76":"product_tag-golf-carts-for-sale-mexico","77":"product_tag-golf-course-golf-cart","78":"product_tag-golf-driving-range-cart","79":"product_tag-hotel-golf-carts","80":"product_tag-industrial-utility-cart","81":"product_tag-lifted-golf-cart","82":"product_tag-lithium-battery-golf-cart","83":"product_tag-lithium-battery-golf-cart-mexico","84":"product_tag-long-range-golf-cart","85":"product_tag-low-speed-electric-vehicle","86":"product_tag-lsv-electric-vehicle","87":"product_tag-luxury-golf-cart","88":"product_tag-new-golf-carts-mexico","89":"product_tag-off-road-golf-cart","90":"product_tag-park-sightseeing-cart","91":"product_tag-passenger-golf-cart-mexico","92":"product_tag-proveedor-de-carritos-de-golf","93":"product_tag-resort-golf-carts","94":"product_tag-scenic-area-sightseeing-cart","95":"product_tag-security-patrol-golf-cart","96":"product_tag-theme-park-electric-cart","97":"product_tag-tourist-electric-cart","98":"product_tag-wholesale-golf-carts-mexico","99":"desktop-align-left","100":"tablet-align-left","101":"mobile-align-left","103":"first","104":"instock","105":"shipping-taxable","106":"product-type-simple"},"yoast_head":"<!-- This site is optimized with the Yoast SEO Premium plugin v27.5 (Yoast SEO v27.5) - https:\/\/yoast.com\/product\/yoast-seo-premium-wordpress\/ -->\n<title>6+2 Seater Electric Golf Cart for Sale in Mexico | Custom Golf Cart Supplier<\/title>\n<meta name=\"description\" content=\"Professional electric golf cart manufacturer supplying Mexico and global markets. Custom 2-10 seat electric golf carts with CE certification, lithium battery options, and personalized design. Ideal for golf courses, parks, resorts, factories, and tourist attractions. Exported to 192+ countries with 24\/7 after-sales support.\" \/>\n<meta name=\"robots\" content=\"index, follow, max-snippet:-1, max-image-preview:large, max-video-preview:-1\" \/>\n<link rel=\"canonical\" href=\"https:\/\/www.campgolfcart.com\/fr\/product\/golf-carts-for-sale-mexico-custom-62-seat-golf-buggy-manufacturer\/\" \/>\n<meta property=\"og:locale\" content=\"fr_FR\" \/>\n<meta property=\"og:type\" content=\"article\" \/>\n<meta property=\"og:title\" content=\"Custom Golf Cart Manufacturer Mexico | 6+2 Seat Electric Golf Cart\" \/>\n<meta property=\"og:description\" content=\"Professional electric golf cart manufacturer supplying Mexico and global markets. Custom 2-10 seat electric golf carts with CE certification, lithium battery options, and personalized design. Ideal for golf courses, parks, resorts, factories, and tourist attractions. Exported to 192+ countries with 24\/7 after-sales support.\" \/>\n<meta property=\"og:url\" content=\"https:\/\/www.campgolfcart.com\/fr\/product\/golf-carts-for-sale-mexico-custom-62-seat-golf-buggy-manufacturer\/\" \/>\n<meta property=\"og:site_name\" content=\"Golf Carts Export Worldwide\" \/>\n<meta property=\"article:modified_time\" content=\"2026-04-08T03:11:51+00:00\" \/>\n<meta property=\"og:image\" content=\"https:\/\/www.campgolfcart.com\/wp-content\/uploads\/2026\/04\/04047-\u62f7\u8d1d-3.jpg\" \/>\n\t<meta property=\"og:image:width\" content=\"800\" \/>\n\t<meta property=\"og:image:height\" content=\"800\" \/>\n\t<meta property=\"og:image:type\" content=\"image\/jpeg\" \/>\n<meta name=\"twitter:card\" content=\"summary_large_image\" \/>\n<meta name=\"twitter:label1\" content=\"Est. reading time\" \/>\n\t<meta name=\"twitter:data1\" content=\"1 minute\" \/>\n<script type=\"application\/ld+json\" class=\"yoast-schema-graph\">{\"@context\":\"https:\\\/\\\/schema.org\",\"@graph\":[{\"@type\":\"WebPage\",\"@id\":\"https:\\\/\\\/www.campgolfcart.com\\\/product\\\/golf-carts-for-sale-mexico-custom-62-seat-golf-buggy-manufacturer\\\/\",\"url\":\"https:\\\/\\\/www.campgolfcart.com\\\/product\\\/golf-carts-for-sale-mexico-custom-62-seat-golf-buggy-manufacturer\\\/\",\"name\":\"6+2 Seater Electric Golf Cart for Sale in Mexico | Custom Golf Cart Supplier\",\"isPartOf\":{\"@id\":\"https:\\\/\\\/www.campgolfcart.com\\\/#website\"},\"primaryImageOfPage\":{\"@id\":\"https:\\\/\\\/www.campgolfcart.com\\\/product\\\/golf-carts-for-sale-mexico-custom-62-seat-golf-buggy-manufacturer\\\/#primaryimage\"},\"image\":{\"@id\":\"https:\\\/\\\/www.campgolfcart.com\\\/product\\\/golf-carts-for-sale-mexico-custom-62-seat-golf-buggy-manufacturer\\\/#primaryimage\"},\"thumbnailUrl\":\"https:\\\/\\\/www.campgolfcart.com\\\/wp-content\\\/uploads\\\/2026\\\/04\\\/04047-\u62f7\u8d1d-3.jpg\",\"datePublished\":\"2026-04-03T09:05:28+00:00\",\"dateModified\":\"2026-04-08T03:11:51+00:00\",\"description\":\"Professional electric golf cart manufacturer supplying Mexico and global markets. Custom 2-10 seat electric golf carts with CE certification, lithium battery options, and personalized design. Ideal for golf courses, parks, resorts, factories, and tourist attractions. Exported to 192+ countries with 24\\\/7 after-sales support.\",\"breadcrumb\":{\"@id\":\"https:\\\/\\\/www.campgolfcart.com\\\/product\\\/golf-carts-for-sale-mexico-custom-62-seat-golf-buggy-manufacturer\\\/#breadcrumb\"},\"inLanguage\":\"fr-FR\",\"potentialAction\":[{\"@type\":\"ReadAction\",\"target\":[\"https:\\\/\\\/www.campgolfcart.com\\\/product\\\/golf-carts-for-sale-mexico-custom-62-seat-golf-buggy-manufacturer\\\/\"]}]},{\"@type\":\"ImageObject\",\"inLanguage\":\"fr-FR\",\"@id\":\"https:\\\/\\\/www.campgolfcart.com\\\/product\\\/golf-carts-for-sale-mexico-custom-62-seat-golf-buggy-manufacturer\\\/#primaryimage\",\"url\":\"https:\\\/\\\/www.campgolfcart.com\\\/wp-content\\\/uploads\\\/2026\\\/04\\\/04047-\u62f7\u8d1d-3.jpg\",\"contentUrl\":\"https:\\\/\\\/www.campgolfcart.com\\\/wp-content\\\/uploads\\\/2026\\\/04\\\/04047-\u62f7\u8d1d-3.jpg\",\"width\":800,\"height\":800},{\"@type\":\"BreadcrumbList\",\"@id\":\"https:\\\/\\\/www.campgolfcart.com\\\/product\\\/golf-carts-for-sale-mexico-custom-62-seat-golf-buggy-manufacturer\\\/#breadcrumb\",\"itemListElement\":[{\"@type\":\"ListItem\",\"position\":1,\"name\":\"Home\",\"item\":\"https:\\\/\\\/www.campgolfcart.com\\\/\"},{\"@type\":\"ListItem\",\"position\":2,\"name\":\"\u5546\u5e97\",\"item\":\"https:\\\/\\\/www.campgolfcart.com\\\/shop\\\/\"},{\"@type\":\"ListItem\",\"position\":3,\"name\":\"Custom Golf Cart Manufacturer Mexico | 6+2 Seat Electric Golf Cart\"}]},{\"@type\":\"WebSite\",\"@id\":\"https:\\\/\\\/www.campgolfcart.com\\\/#website\",\"url\":\"https:\\\/\\\/www.campgolfcart.com\\\/\",\"name\":\"Camp golfcart\",\"description\":\"\",\"publisher\":{\"@id\":\"https:\\\/\\\/www.campgolfcart.com\\\/#organization\"},\"potentialAction\":[{\"@type\":\"SearchAction\",\"target\":{\"@type\":\"EntryPoint\",\"urlTemplate\":\"https:\\\/\\\/www.campgolfcart.com\\\/?s={search_term_string}\"},\"query-input\":{\"@type\":\"PropertyValueSpecification\",\"valueRequired\":true,\"valueName\":\"search_term_string\"}}],\"inLanguage\":\"fr-FR\"},{\"@type\":[\"Organization\",\"Place\"],\"@id\":\"https:\\\/\\\/www.campgolfcart.com\\\/#organization\",\"name\":\"Camp golfcart\",\"url\":\"https:\\\/\\\/www.campgolfcart.com\\\/\",\"logo\":{\"@id\":\"https:\\\/\\\/www.campgolfcart.com\\\/product\\\/golf-carts-for-sale-mexico-custom-62-seat-golf-buggy-manufacturer\\\/#local-main-organization-logo\"},\"image\":{\"@id\":\"https:\\\/\\\/www.campgolfcart.com\\\/product\\\/golf-carts-for-sale-mexico-custom-62-seat-golf-buggy-manufacturer\\\/#local-main-organization-logo\"},\"telephone\":[],\"openingHoursSpecification\":[{\"@type\":\"OpeningHoursSpecification\",\"dayOfWeek\":[\"Monday\",\"Tuesday\",\"Wednesday\",\"Thursday\",\"Friday\",\"Saturday\",\"Sunday\"],\"opens\":\"09:00\",\"closes\":\"17:00\"}]},{\"@type\":\"ImageObject\",\"inLanguage\":\"fr-FR\",\"@id\":\"https:\\\/\\\/www.campgolfcart.com\\\/product\\\/golf-carts-for-sale-mexico-custom-62-seat-golf-buggy-manufacturer\\\/#local-main-organization-logo\",\"url\":\"https:\\\/\\\/www.campgolfcart.com\\\/wp-content\\\/uploads\\\/2024\\\/11\\\/henan-camp-logo.png\",\"contentUrl\":\"https:\\\/\\\/www.campgolfcart.com\\\/wp-content\\\/uploads\\\/2024\\\/11\\\/henan-camp-logo.png\",\"width\":50,\"height\":48,\"caption\":\"Camp golfcart\"}]}<\/script>\n<!-- \/ Yoast SEO Premium plugin. -->","yoast_head_json":{"title":"Voiturette de golf \u00e9lectrique 6+2 places \u00e0 vendre au Mexique | Fournisseur de voiturettes de golf personnalis\u00e9es","description":"Fabricant professionnel de voiturettes de golf \u00e9lectriques approvisionnant le Mexique et les march\u00e9s mondiaux. Voiturettes de golf \u00e9lectriques personnalis\u00e9es de 2 \u00e0 10 places avec certification CE, options de batterie au lithium et design personnalis\u00e9. Id\u00e9al pour les terrains de golf, les parcs, les centres de vill\u00e9giature, les usines et les attractions touristiques. Export\u00e9 dans plus de 192 pays avec un service apr\u00e8s-vente 24h\/24 et 7j\/7.","robots":{"index":"index","follow":"follow","max-snippet":"max-snippet:-1","max-image-preview":"max-image-preview:large","max-video-preview":"max-video-preview:-1"},"canonical":"https:\/\/www.campgolfcart.com\/fr\/product\/golf-carts-for-sale-mexico-custom-62-seat-golf-buggy-manufacturer\/","og_locale":"fr_FR","og_type":"article","og_title":"Custom Golf Cart Manufacturer Mexico | 6+2 Seat Electric Golf Cart","og_description":"Professional electric golf cart manufacturer supplying Mexico and global markets. Custom 2-10 seat electric golf carts with CE certification, lithium battery options, and personalized design. Ideal for golf courses, parks, resorts, factories, and tourist attractions. Exported to 192+ countries with 24\/7 after-sales support.","og_url":"https:\/\/www.campgolfcart.com\/fr\/product\/golf-carts-for-sale-mexico-custom-62-seat-golf-buggy-manufacturer\/","og_site_name":"Golf Carts Export Worldwide","article_modified_time":"2026-04-08T03:11:51+00:00","og_image":[{"width":800,"height":800,"url":"https:\/\/www.campgolfcart.com\/wp-content\/uploads\/2026\/04\/04047-\u62f7\u8d1d-3.jpg","type":"image\/jpeg"}],"twitter_card":"summary_large_image","twitter_misc":{"Est. reading time":"1 minute"},"schema":{"@context":"https:\/\/schema.org","@graph":[{"@type":"WebPage","@id":"https:\/\/www.campgolfcart.com\/product\/golf-carts-for-sale-mexico-custom-62-seat-golf-buggy-manufacturer\/","url":"https:\/\/www.campgolfcart.com\/product\/golf-carts-for-sale-mexico-custom-62-seat-golf-buggy-manufacturer\/","name":"Voiturette de golf \u00e9lectrique 6+2 places \u00e0 vendre au Mexique | Fournisseur de voiturettes de golf personnalis\u00e9es","isPartOf":{"@id":"https:\/\/www.campgolfcart.com\/#website"},"primaryImageOfPage":{"@id":"https:\/\/www.campgolfcart.com\/product\/golf-carts-for-sale-mexico-custom-62-seat-golf-buggy-manufacturer\/#primaryimage"},"image":{"@id":"https:\/\/www.campgolfcart.com\/product\/golf-carts-for-sale-mexico-custom-62-seat-golf-buggy-manufacturer\/#primaryimage"},"thumbnailUrl":"https:\/\/www.campgolfcart.com\/wp-content\/uploads\/2026\/04\/04047-\u62f7\u8d1d-3.jpg","datePublished":"2026-04-03T09:05:28+00:00","dateModified":"2026-04-08T03:11:51+00:00","description":"Fabricant professionnel de voiturettes de golf \u00e9lectriques approvisionnant le Mexique et les march\u00e9s mondiaux. Voiturettes de golf \u00e9lectriques personnalis\u00e9es de 2 \u00e0 10 places avec certification CE, options de batterie au lithium et design personnalis\u00e9. Id\u00e9al pour les terrains de golf, les parcs, les centres de vill\u00e9giature, les usines et les attractions touristiques. Export\u00e9 dans plus de 192 pays avec un service apr\u00e8s-vente 24h\/24 et 7j\/7.","breadcrumb":{"@id":"https:\/\/www.campgolfcart.com\/product\/golf-carts-for-sale-mexico-custom-62-seat-golf-buggy-manufacturer\/#breadcrumb"},"inLanguage":"fr-FR","potentialAction":[{"@type":"ReadAction","target":["https:\/\/www.campgolfcart.com\/product\/golf-carts-for-sale-mexico-custom-62-seat-golf-buggy-manufacturer\/"]}]},{"@type":"ImageObject","inLanguage":"fr-FR","@id":"https:\/\/www.campgolfcart.com\/product\/golf-carts-for-sale-mexico-custom-62-seat-golf-buggy-manufacturer\/#primaryimage","url":"https:\/\/www.campgolfcart.com\/wp-content\/uploads\/2026\/04\/04047-\u62f7\u8d1d-3.jpg","contentUrl":"https:\/\/www.campgolfcart.com\/wp-content\/uploads\/2026\/04\/04047-\u62f7\u8d1d-3.jpg","width":800,"height":800},{"@type":"BreadcrumbList","@id":"https:\/\/www.campgolfcart.com\/product\/golf-carts-for-sale-mexico-custom-62-seat-golf-buggy-manufacturer\/#breadcrumb","itemListElement":[{"@type":"ListItem","position":1,"name":"Home","item":"https:\/\/www.campgolfcart.com\/"},{"@type":"ListItem","position":2,"name":"\u5546\u5e97","item":"https:\/\/www.campgolfcart.com\/shop\/"},{"@type":"ListItem","position":3,"name":"Custom Golf Cart Manufacturer Mexico | 6+2 Seat Electric Golf Cart"}]},{"@type":"WebSite","@id":"https:\/\/www.campgolfcart.com\/#website","url":"https:\/\/www.campgolfcart.com\/","name":"Voiturette de golf du camp","description":"","publisher":{"@id":"https:\/\/www.campgolfcart.com\/#organization"},"potentialAction":[{"@type":"SearchAction","target":{"@type":"EntryPoint","urlTemplate":"https:\/\/www.campgolfcart.com\/?s={search_term_string}"},"query-input":{"@type":"PropertyValueSpecification","valueRequired":true,"valueName":"search_term_string"}}],"inLanguage":"fr-FR"},{"@type":["Organization","Place"],"@id":"https:\/\/www.campgolfcart.com\/#organization","name":"Voiturette de golf du camp","url":"https:\/\/www.campgolfcart.com\/","logo":{"@id":"https:\/\/www.campgolfcart.com\/product\/golf-carts-for-sale-mexico-custom-62-seat-golf-buggy-manufacturer\/#local-main-organization-logo"},"image":{"@id":"https:\/\/www.campgolfcart.com\/product\/golf-carts-for-sale-mexico-custom-62-seat-golf-buggy-manufacturer\/#local-main-organization-logo"},"telephone":[],"openingHoursSpecification":[{"@type":"OpeningHoursSpecification","dayOfWeek":["Monday","Tuesday","Wednesday","Thursday","Friday","Saturday","Sunday"],"opens":"09:00","closes":"17:00"}]},{"@type":"ImageObject","inLanguage":"fr-FR","@id":"https:\/\/www.campgolfcart.com\/product\/golf-carts-for-sale-mexico-custom-62-seat-golf-buggy-manufacturer\/#local-main-organization-logo","url":"https:\/\/www.campgolfcart.com\/wp-content\/uploads\/2024\/11\/henan-camp-logo.png","contentUrl":"https:\/\/www.campgolfcart.com\/wp-content\/uploads\/2024\/11\/henan-camp-logo.png","width":50,"height":48,"caption":"Camp golfcart"}]}},"jetpack_sharing_enabled":true,"_links":{"self":[{"href":"https:\/\/www.campgolfcart.com\/fr\/wp-json\/wp\/v2\/product\/4626","targetHints":{"allow":["GET"]}}],"collection":[{"href":"https:\/\/www.campgolfcart.com\/fr\/wp-json\/wp\/v2\/product"}],"about":[{"href":"https:\/\/www.campgolfcart.com\/fr\/wp-json\/wp\/v2\/types\/product"}],"version-history":[{"count":2,"href":"https:\/\/www.campgolfcart.com\/fr\/wp-json\/wp\/v2\/product\/4626\/revisions"}],"predecessor-version":[{"id":4659,"href":"https:\/\/www.campgolfcart.com\/fr\/wp-json\/wp\/v2\/product\/4626\/revisions\/4659"}],"wp:featuredmedia":[{"embeddable":true,"href":"https:\/\/www.campgolfcart.com\/fr\/wp-json\/wp\/v2\/media\/4628"}],"wp:attachment":[{"href":"https:\/\/www.campgolfcart.com\/fr\/wp-json\/wp\/v2\/media?parent=4626"}],"wp:term":[{"taxonomy":"product_brand","embeddable":true,"href":"https:\/\/www.campgolfcart.com\/fr\/wp-json\/wp\/v2\/product_brand?post=4626"},{"taxonomy":"product_cat","embeddable":true,"href":"https:\/\/www.campgolfcart.com\/fr\/wp-json\/wp\/v2\/product_cat?post=4626"},{"taxonomy":"product_tag","embeddable":true,"href":"https:\/\/www.campgolfcart.com\/fr\/wp-json\/wp\/v2\/product_tag?post=4626"}],"curies":[{"name":"wp","href":"https:\/\/api.w.org\/{rel}","templated":true}]}}