{"id":4660,"date":"2026-04-07T16:34:55","date_gmt":"2026-04-07T08:34:55","guid":{"rendered":"https:\/\/www.campgolfcart.com\/?post_type=product&#038;p=4660"},"modified":"2026-04-09T15:48:22","modified_gmt":"2026-04-09T07:48:22","slug":"custom-electric-golf-cart-for-sale-australia-22-seater-street-legal-fully-customizable","status":"publish","type":"product","link":"https:\/\/www.campgolfcart.com\/fr\/product\/custom-electric-golf-cart-for-sale-australia-22-seater-street-legal-fully-customizable\/","title":{"rendered":"Voiturettes de golf \u00e9lectriques personnalis\u00e9es Australie | Fabricant de voiturettes de golf 2 \u00e0 10 places"},"content":{"rendered":"","protected":false},"excerpt":{"rendered":"<p>Mod\u00e8le : voiturette de golf \u00e9lectrique 2+2 places<br \/>\nVitesse maximale : 30-50 km\/h<br \/>\nContr\u00f4le \u00e9lectronique : contr\u00f4le \u00e9lectronique intelligent 5 kW AC.<br \/>\nMoteur\u00a0: moteur \u00e0 courant alternatif 3\/4\/5\u00a0KW<\/p>\n<p>&nbsp;<\/p>\n<p>Il s'agit d'une voiturette de golf 4+2 places en provenance du Canada. L'ensemble du chariot pr\u00e9sente une finition gris mat sophistiqu\u00e9e et durable, avec un design simple, beau et accrocheur. La couleur, les mat\u00e9riaux, le si\u00e8ge, la capacit\u00e9 de la batterie, les p\u00e9dales et les protections contre la pluie sont tous personnalis\u00e9s selon les exigences du client. Nous fournissons des services portables adapt\u00e9s aux besoins individuels, r\u00e9pondant aux normes nationales des v\u00e9hicules de course du Canada. Nos \u00e9quipements de voiturettes de golf sont export\u00e9s dans le monde entier et poss\u00e8dent de multiples certifications, dont CE. Avec une qualit\u00e9 de produit sup\u00e9rieure et un excellent service, nous proposons des services de personnalisation personnalis\u00e9s pour r\u00e9pondre aux divers besoins des clients, ce qui leur vaut une large reconnaissance. Actuellement, nos voiturettes de golf sont utilis\u00e9es dans plus de 200 pays \u00e0 travers le monde et peuvent \u00eatre vues partout dans les practice de golf, les parcs, les communaut\u00e9s, les rues pittoresques et les usines. Notre excellente \u00e9quipe de service apr\u00e8s-vente est disponible 24h\/24 et 7j\/7 pour r\u00e9soudre tout probl\u00e8me ou urgence apr\u00e8s-vente.<\/p>\n<p>sp\u00e9cial pour les lieux de pratique du golf. En outre, vous pouvez le conduire dans les parcs, les communaut\u00e9s, les rues pittoresques, les usines, etc. Il convient \u00e9galement aux grands parcs \u00e0 th\u00e8me, aux sites pittoresques, aux parcs d'attractions, etc.<br \/>\nOptions de personnalisation\u00a0:<br \/>\nLes couleurs de la carrosserie et des si\u00e8ges peuvent \u00eatre personnalis\u00e9es et vous pouvez \u00e9galement ajouter d'autres accessoires. Si vous \u00eates int\u00e9ress\u00e9, n\u2019h\u00e9sitez pas \u00e0 nous contacter d\u00e8s maintenant !<\/p>","protected":false},"featured_media":4663,"template":"","meta":{"site-sidebar-layout":"no-sidebar","site-content-layout":"page-builder","ast-global-header-display":"","ast-banner-title-visibility":"","ast-main-header-display":"","ast-hfb-above-header-display":"","ast-hfb-below-header-display":"","ast-hfb-mobile-header-display":"","site-post-title":"disabled","ast-breadcrumbs-content":"","ast-featured-img":"disabled","footer-sml-layout":"","theme-transparent-header-meta":"default","adv-header-id-meta":"","stick-header-meta":"","header-above-stick-meta":"","header-main-stick-meta":"","header-below-stick-meta":""},"product_brand":[],"product_cat":[33],"product_tag":[74,133,260,306,261,72,131,73,132,311,78,298,362,329,301,317,87,309,300,330,372,315,366,340,61,65,66,297,337,375,344,367,331,303,295,364,51,347,346,342,345,348,304,305,369,77,262,57,292,349,58,84,54,335,332,86,294,363,193,368,113,350,355,352,280,287,336,327,333,338,325,293,357,354,43,359,334,99,339,284,283,360,358,361,296,351,356,326,353,324,374,299,75,310,76,321,314,174,278,266,191,55,341,328,277,371,250,365,313,308,316,323,343,370,320,307,258,312,373,319,322,302,318],"class_list":{"0":"post-4660","1":"product","2":"type-product","3":"status-publish","4":"has-post-thumbnail","6":"product_cat-product","7":"product_tag-10-passenger-golf-cart","8":"product_tag-10-seat-golf-cart","9":"product_tag-2-seat-golf-cart","10":"product_tag-22-golf-cart","11":"product_tag-4-seat-golf-cart","12":"product_tag-6-passenger-golf-cart","13":"product_tag-6-seat-golf-cart","14":"product_tag-8-passenger-golf-cart","15":"product_tag-8-seat-golf-cart","16":"product_tag-airport-electric-cart","17":"product_tag-airport-shuttle-cart","18":"product_tag-battery-golf-cart","19":"product_tag-buggy-for-sale","20":"product_tag-bulk-golf-carts-for-sale","21":"product_tag-buy-golf-cart","22":"product_tag-campus-electric-shuttle","23":"product_tag-campus-electric-vehicle","24":"product_tag-cargo-golf-cart","25":"product_tag-commercial-golf-cart","26":"product_tag-commercial-golf-carts-supplier","27":"product_tag-community-electric-cart","28":"product_tag-community-electric-vehicle","29":"product_tag-course-buggy","30":"product_tag-custom-electric-vehicle-manufacturer","31":"product_tag-custom-golf-cart","32":"product_tag-custom-golf-cart-manufacturer","33":"product_tag-custom-golf-cart-supplier","34":"product_tag-electric-buggy","35":"product_tag-electric-buggy-manufacturer","36":"product_tag-electric-buggy-supplier","37":"product_tag-electric-campus-vehicle","38":"product_tag-electric-cart-australia","39":"product_tag-electric-cart-manufacturer","40":"product_tag-electric-cart-vehicle","41":"product_tag-electric-golf-buggy","42":"product_tag-electric-golf-buggy-australia","43":"product_tag-electric-golf-cart","44":"product_tag-electric-industrial-vehicle","45":"product_tag-electric-micro-car","46":"product_tag-electric-mini-truck","47":"product_tag-electric-mobility-cart","48":"product_tag-electric-patrol-vehicle","49":"product_tag-electric-people-mover","50":"product_tag-electric-resort-cart","51":"product_tag-electric-shuttle-buggy","52":"product_tag-electric-shuttle-bus","53":"product_tag-electric-shuttle-cart","54":"product_tag-electric-shuttle-vehicle","55":"product_tag-electric-sightseeing-cart","56":"product_tag-electric-tour-vehicle","57":"product_tag-electric-transport-cart","58":"product_tag-electric-utility-cart","59":"product_tag-electric-utility-vehicle","60":"product_tag-electric-utility-vehicle-supplier","61":"product_tag-electric-vehicle-supplier","62":"product_tag-factory-transport-cart","63":"product_tag-golf-buggy","64":"product_tag-golf-buggy-australia","65":"product_tag-golf-cart-accessories","66":"product_tag-golf-cart-australia","67":"product_tag-golf-cart-batteries","68":"product_tag-golf-cart-battery","69":"product_tag-golf-cart-bluetooth-speaker","70":"product_tag-golf-cart-canopy","71":"product_tag-golf-cart-charger","72":"product_tag-golf-cart-controller","73":"product_tag-golf-cart-dealer","74":"product_tag-golf-cart-distributor","75":"product_tag-golf-cart-export-company","76":"product_tag-golf-cart-exporters","77":"product_tag-golf-cart-factory","78":"product_tag-golf-cart-for-sale","79":"product_tag-golf-cart-lift-kit","80":"product_tag-golf-cart-light-kit","81":"product_tag-golf-cart-manufacturer","82":"product_tag-golf-cart-motor","83":"product_tag-golf-cart-oem-factory","84":"product_tag-golf-cart-price","85":"product_tag-golf-cart-production-factory","86":"product_tag-golf-cart-rain-enclosure","87":"product_tag-golf-cart-seats","88":"product_tag-golf-cart-solar-roof","89":"product_tag-golf-cart-steering-wheel","90":"product_tag-golf-cart-storage-cover","91":"product_tag-golf-cart-supplier","92":"product_tag-golf-cart-tires","93":"product_tag-golf-cart-trailer","94":"product_tag-golf-cart-wholesale","95":"product_tag-golf-cart-windshield","96":"product_tag-golf-club-buggy","97":"product_tag-golf-course-buggy","98":"product_tag-golf-course-cart","99":"product_tag-golf-course-golf-cart","100":"product_tag-golf-course-maintenance-cart","101":"product_tag-golf-driving-range-cart","102":"product_tag-hospital-electric-cart","103":"product_tag-hotel-shuttle-cart","104":"product_tag-industrial-electric-cart","105":"product_tag-lifted-golf-cart","106":"product_tag-lithium-battery-golf-cart","107":"product_tag-lithium-golf-cart-battery","108":"product_tag-low-speed-electric-vehicle","109":"product_tag-neighborhood-electric-vehicle","110":"product_tag-oem-golf-cart-manufacturer","111":"product_tag-off-road-golf-cart","112":"product_tag-park-electric-vehicle","113":"product_tag-park-sightseeing-cart","114":"product_tag-resort-buggy","115":"product_tag-resort-golf-cart","116":"product_tag-resort-shuttle-cart","117":"product_tag-retirement-community-golf-cart","118":"product_tag-scenic-area-electric-vehicle","119":"product_tag-sightseeing-electric-bus","120":"product_tag-sightseeing-electric-cart","121":"product_tag-stadium-transport-cart","122":"product_tag-street-legal-golf-cart","123":"product_tag-theme-park-electric-cart","124":"product_tag-tourist-sightseeing-cart","125":"product_tag-utility-electric-vehicle","126":"product_tag-vineyard-electric-cart","127":"product_tag-warehouse-utility-cart","128":"product_tag-wholesale-golf-cart","129":"product_tag-zoo-electric-cart","130":"desktop-align-left","131":"tablet-align-left","132":"mobile-align-left","134":"first","135":"instock","136":"shipping-taxable","137":"product-type-simple"},"yoast_head":"<!-- This site is optimized with the Yoast SEO Premium plugin v27.5 (Yoast SEO v27.5) - https:\/\/yoast.com\/product\/yoast-seo-premium-wordpress\/ -->\n<title>Electric Golf Cart for Sale Australia | Custom 2-10 Seat Golf Carts Manufacturerr<\/title>\n<meta name=\"description\" content=\"High-quality electric golf carts for sale in Australia. Custom 2-10 seat golf carts with CE certification. Ideal for golf courses, parks, resorts, and communities. Global export to 192 countries. Get a quote today.\" \/>\n<meta name=\"robots\" content=\"index, follow, max-snippet:-1, max-image-preview:large, max-video-preview:-1\" \/>\n<link rel=\"canonical\" href=\"https:\/\/www.campgolfcart.com\/fr\/product\/custom-electric-golf-cart-for-sale-australia-22-seater-street-legal-fully-customizable\/\" \/>\n<meta property=\"og:locale\" content=\"fr_FR\" \/>\n<meta property=\"og:type\" content=\"article\" \/>\n<meta property=\"og:title\" content=\"Custom Electric Golf Carts Australia | 2-10 Seat Golf Cart Manufacturer\" \/>\n<meta property=\"og:description\" content=\"High-quality electric golf carts for sale in Australia. Custom 2-10 seat golf carts with CE certification. Ideal for golf courses, parks, resorts, and communities. Global export to 192 countries. Get a quote today.\" \/>\n<meta property=\"og:url\" content=\"https:\/\/www.campgolfcart.com\/fr\/product\/custom-electric-golf-cart-for-sale-australia-22-seater-street-legal-fully-customizable\/\" \/>\n<meta property=\"og:site_name\" content=\"Golf Carts Export Worldwide\" \/>\n<meta property=\"article:modified_time\" content=\"2026-04-09T07:48:22+00:00\" \/>\n<meta property=\"og:image\" content=\"https:\/\/www.campgolfcart.com\/wp-content\/uploads\/2026\/04\/\u4e3b\u56fe-1-1024x1024.png\" \/>\n\t<meta property=\"og:image:width\" content=\"1024\" \/>\n\t<meta property=\"og:image:height\" content=\"1024\" \/>\n\t<meta property=\"og:image:type\" content=\"image\/png\" \/>\n<meta name=\"twitter:card\" content=\"summary_large_image\" \/>\n<meta name=\"twitter:label1\" content=\"Est. reading time\" \/>\n\t<meta name=\"twitter:data1\" content=\"1 minute\" \/>\n<script type=\"application\/ld+json\" class=\"yoast-schema-graph\">{\"@context\":\"https:\\\/\\\/schema.org\",\"@graph\":[{\"@type\":\"WebPage\",\"@id\":\"https:\\\/\\\/www.campgolfcart.com\\\/product\\\/custom-electric-golf-cart-for-sale-australia-22-seater-street-legal-fully-customizable\\\/\",\"url\":\"https:\\\/\\\/www.campgolfcart.com\\\/product\\\/custom-electric-golf-cart-for-sale-australia-22-seater-street-legal-fully-customizable\\\/\",\"name\":\"Electric Golf Cart for Sale Australia | Custom 2-10 Seat Golf Carts Manufacturerr\",\"isPartOf\":{\"@id\":\"https:\\\/\\\/www.campgolfcart.com\\\/#website\"},\"primaryImageOfPage\":{\"@id\":\"https:\\\/\\\/www.campgolfcart.com\\\/product\\\/custom-electric-golf-cart-for-sale-australia-22-seater-street-legal-fully-customizable\\\/#primaryimage\"},\"image\":{\"@id\":\"https:\\\/\\\/www.campgolfcart.com\\\/product\\\/custom-electric-golf-cart-for-sale-australia-22-seater-street-legal-fully-customizable\\\/#primaryimage\"},\"thumbnailUrl\":\"https:\\\/\\\/www.campgolfcart.com\\\/wp-content\\\/uploads\\\/2026\\\/04\\\/\u4e3b\u56fe-1.png\",\"datePublished\":\"2026-04-07T08:34:55+00:00\",\"dateModified\":\"2026-04-09T07:48:22+00:00\",\"description\":\"High-quality electric golf carts for sale in Australia. Custom 2-10 seat golf carts with CE certification. Ideal for golf courses, parks, resorts, and communities. Global export to 192 countries. Get a quote today.\",\"breadcrumb\":{\"@id\":\"https:\\\/\\\/www.campgolfcart.com\\\/product\\\/custom-electric-golf-cart-for-sale-australia-22-seater-street-legal-fully-customizable\\\/#breadcrumb\"},\"inLanguage\":\"fr-FR\",\"potentialAction\":[{\"@type\":\"ReadAction\",\"target\":[\"https:\\\/\\\/www.campgolfcart.com\\\/product\\\/custom-electric-golf-cart-for-sale-australia-22-seater-street-legal-fully-customizable\\\/\"]}]},{\"@type\":\"ImageObject\",\"inLanguage\":\"fr-FR\",\"@id\":\"https:\\\/\\\/www.campgolfcart.com\\\/product\\\/custom-electric-golf-cart-for-sale-australia-22-seater-street-legal-fully-customizable\\\/#primaryimage\",\"url\":\"https:\\\/\\\/www.campgolfcart.com\\\/wp-content\\\/uploads\\\/2026\\\/04\\\/\u4e3b\u56fe-1.png\",\"contentUrl\":\"https:\\\/\\\/www.campgolfcart.com\\\/wp-content\\\/uploads\\\/2026\\\/04\\\/\u4e3b\u56fe-1.png\",\"width\":1200,\"height\":1200},{\"@type\":\"BreadcrumbList\",\"@id\":\"https:\\\/\\\/www.campgolfcart.com\\\/product\\\/custom-electric-golf-cart-for-sale-australia-22-seater-street-legal-fully-customizable\\\/#breadcrumb\",\"itemListElement\":[{\"@type\":\"ListItem\",\"position\":1,\"name\":\"Home\",\"item\":\"https:\\\/\\\/www.campgolfcart.com\\\/\"},{\"@type\":\"ListItem\",\"position\":2,\"name\":\"\u5546\u5e97\",\"item\":\"https:\\\/\\\/www.campgolfcart.com\\\/shop\\\/\"},{\"@type\":\"ListItem\",\"position\":3,\"name\":\"Custom Electric Golf Carts Australia | 2-10 Seat Golf Cart Manufacturer\"}]},{\"@type\":\"WebSite\",\"@id\":\"https:\\\/\\\/www.campgolfcart.com\\\/#website\",\"url\":\"https:\\\/\\\/www.campgolfcart.com\\\/\",\"name\":\"Camp golfcart\",\"description\":\"\",\"publisher\":{\"@id\":\"https:\\\/\\\/www.campgolfcart.com\\\/#organization\"},\"potentialAction\":[{\"@type\":\"SearchAction\",\"target\":{\"@type\":\"EntryPoint\",\"urlTemplate\":\"https:\\\/\\\/www.campgolfcart.com\\\/?s={search_term_string}\"},\"query-input\":{\"@type\":\"PropertyValueSpecification\",\"valueRequired\":true,\"valueName\":\"search_term_string\"}}],\"inLanguage\":\"fr-FR\"},{\"@type\":[\"Organization\",\"Place\"],\"@id\":\"https:\\\/\\\/www.campgolfcart.com\\\/#organization\",\"name\":\"Camp golfcart\",\"url\":\"https:\\\/\\\/www.campgolfcart.com\\\/\",\"logo\":{\"@id\":\"https:\\\/\\\/www.campgolfcart.com\\\/product\\\/custom-electric-golf-cart-for-sale-australia-22-seater-street-legal-fully-customizable\\\/#local-main-organization-logo\"},\"image\":{\"@id\":\"https:\\\/\\\/www.campgolfcart.com\\\/product\\\/custom-electric-golf-cart-for-sale-australia-22-seater-street-legal-fully-customizable\\\/#local-main-organization-logo\"},\"telephone\":[],\"openingHoursSpecification\":[{\"@type\":\"OpeningHoursSpecification\",\"dayOfWeek\":[\"Monday\",\"Tuesday\",\"Wednesday\",\"Thursday\",\"Friday\",\"Saturday\",\"Sunday\"],\"opens\":\"09:00\",\"closes\":\"17:00\"}]},{\"@type\":\"ImageObject\",\"inLanguage\":\"fr-FR\",\"@id\":\"https:\\\/\\\/www.campgolfcart.com\\\/product\\\/custom-electric-golf-cart-for-sale-australia-22-seater-street-legal-fully-customizable\\\/#local-main-organization-logo\",\"url\":\"https:\\\/\\\/www.campgolfcart.com\\\/wp-content\\\/uploads\\\/2024\\\/11\\\/henan-camp-logo.png\",\"contentUrl\":\"https:\\\/\\\/www.campgolfcart.com\\\/wp-content\\\/uploads\\\/2024\\\/11\\\/henan-camp-logo.png\",\"width\":50,\"height\":48,\"caption\":\"Camp golfcart\"}]}<\/script>\n<!-- \/ Yoast SEO Premium plugin. -->","yoast_head_json":{"title":"Voiturette de golf \u00e9lectrique \u00e0 vendre Australie | Fabricant de voiturettes de golf personnalis\u00e9es de 2 \u00e0 10 places","description":"Voiturettes de golf \u00e9lectriques de haute qualit\u00e9 \u00e0 vendre en Australie. Voiturettes de golf personnalis\u00e9es de 2 \u00e0 10 places avec certification CE. Id\u00e9al pour les terrains de golf, les parcs, les centres de vill\u00e9giature et les communaut\u00e9s. Exportation mondiale vers 192 pays. Obtenez un devis aujourd'hui.","robots":{"index":"index","follow":"follow","max-snippet":"max-snippet:-1","max-image-preview":"max-image-preview:large","max-video-preview":"max-video-preview:-1"},"canonical":"https:\/\/www.campgolfcart.com\/fr\/product\/custom-electric-golf-cart-for-sale-australia-22-seater-street-legal-fully-customizable\/","og_locale":"fr_FR","og_type":"article","og_title":"Custom Electric Golf Carts Australia | 2-10 Seat Golf Cart Manufacturer","og_description":"High-quality electric golf carts for sale in Australia. Custom 2-10 seat golf carts with CE certification. Ideal for golf courses, parks, resorts, and communities. Global export to 192 countries. Get a quote today.","og_url":"https:\/\/www.campgolfcart.com\/fr\/product\/custom-electric-golf-cart-for-sale-australia-22-seater-street-legal-fully-customizable\/","og_site_name":"Golf Carts Export Worldwide","article_modified_time":"2026-04-09T07:48:22+00:00","og_image":[{"width":1024,"height":1024,"url":"https:\/\/www.campgolfcart.com\/wp-content\/uploads\/2026\/04\/\u4e3b\u56fe-1-1024x1024.png","type":"image\/png"}],"twitter_card":"summary_large_image","twitter_misc":{"Est. reading time":"1 minute"},"schema":{"@context":"https:\/\/schema.org","@graph":[{"@type":"WebPage","@id":"https:\/\/www.campgolfcart.com\/product\/custom-electric-golf-cart-for-sale-australia-22-seater-street-legal-fully-customizable\/","url":"https:\/\/www.campgolfcart.com\/product\/custom-electric-golf-cart-for-sale-australia-22-seater-street-legal-fully-customizable\/","name":"Voiturette de golf \u00e9lectrique \u00e0 vendre Australie | Fabricant de voiturettes de golf personnalis\u00e9es de 2 \u00e0 10 places","isPartOf":{"@id":"https:\/\/www.campgolfcart.com\/#website"},"primaryImageOfPage":{"@id":"https:\/\/www.campgolfcart.com\/product\/custom-electric-golf-cart-for-sale-australia-22-seater-street-legal-fully-customizable\/#primaryimage"},"image":{"@id":"https:\/\/www.campgolfcart.com\/product\/custom-electric-golf-cart-for-sale-australia-22-seater-street-legal-fully-customizable\/#primaryimage"},"thumbnailUrl":"https:\/\/www.campgolfcart.com\/wp-content\/uploads\/2026\/04\/\u4e3b\u56fe-1.png","datePublished":"2026-04-07T08:34:55+00:00","dateModified":"2026-04-09T07:48:22+00:00","description":"Voiturettes de golf \u00e9lectriques de haute qualit\u00e9 \u00e0 vendre en Australie. Voiturettes de golf personnalis\u00e9es de 2 \u00e0 10 places avec certification CE. Id\u00e9al pour les terrains de golf, les parcs, les centres de vill\u00e9giature et les communaut\u00e9s. Exportation mondiale vers 192 pays. Obtenez un devis aujourd'hui.","breadcrumb":{"@id":"https:\/\/www.campgolfcart.com\/product\/custom-electric-golf-cart-for-sale-australia-22-seater-street-legal-fully-customizable\/#breadcrumb"},"inLanguage":"fr-FR","potentialAction":[{"@type":"ReadAction","target":["https:\/\/www.campgolfcart.com\/product\/custom-electric-golf-cart-for-sale-australia-22-seater-street-legal-fully-customizable\/"]}]},{"@type":"ImageObject","inLanguage":"fr-FR","@id":"https:\/\/www.campgolfcart.com\/product\/custom-electric-golf-cart-for-sale-australia-22-seater-street-legal-fully-customizable\/#primaryimage","url":"https:\/\/www.campgolfcart.com\/wp-content\/uploads\/2026\/04\/\u4e3b\u56fe-1.png","contentUrl":"https:\/\/www.campgolfcart.com\/wp-content\/uploads\/2026\/04\/\u4e3b\u56fe-1.png","width":1200,"height":1200},{"@type":"BreadcrumbList","@id":"https:\/\/www.campgolfcart.com\/product\/custom-electric-golf-cart-for-sale-australia-22-seater-street-legal-fully-customizable\/#breadcrumb","itemListElement":[{"@type":"ListItem","position":1,"name":"Home","item":"https:\/\/www.campgolfcart.com\/"},{"@type":"ListItem","position":2,"name":"\u5546\u5e97","item":"https:\/\/www.campgolfcart.com\/shop\/"},{"@type":"ListItem","position":3,"name":"Custom Electric Golf Carts Australia | 2-10 Seat Golf Cart Manufacturer"}]},{"@type":"WebSite","@id":"https:\/\/www.campgolfcart.com\/#website","url":"https:\/\/www.campgolfcart.com\/","name":"Voiturette de golf du camp","description":"","publisher":{"@id":"https:\/\/www.campgolfcart.com\/#organization"},"potentialAction":[{"@type":"SearchAction","target":{"@type":"EntryPoint","urlTemplate":"https:\/\/www.campgolfcart.com\/?s={search_term_string}"},"query-input":{"@type":"PropertyValueSpecification","valueRequired":true,"valueName":"search_term_string"}}],"inLanguage":"fr-FR"},{"@type":["Organization","Place"],"@id":"https:\/\/www.campgolfcart.com\/#organization","name":"Voiturette de golf du camp","url":"https:\/\/www.campgolfcart.com\/","logo":{"@id":"https:\/\/www.campgolfcart.com\/product\/custom-electric-golf-cart-for-sale-australia-22-seater-street-legal-fully-customizable\/#local-main-organization-logo"},"image":{"@id":"https:\/\/www.campgolfcart.com\/product\/custom-electric-golf-cart-for-sale-australia-22-seater-street-legal-fully-customizable\/#local-main-organization-logo"},"telephone":[],"openingHoursSpecification":[{"@type":"OpeningHoursSpecification","dayOfWeek":["Monday","Tuesday","Wednesday","Thursday","Friday","Saturday","Sunday"],"opens":"09:00","closes":"17:00"}]},{"@type":"ImageObject","inLanguage":"fr-FR","@id":"https:\/\/www.campgolfcart.com\/product\/custom-electric-golf-cart-for-sale-australia-22-seater-street-legal-fully-customizable\/#local-main-organization-logo","url":"https:\/\/www.campgolfcart.com\/wp-content\/uploads\/2024\/11\/henan-camp-logo.png","contentUrl":"https:\/\/www.campgolfcart.com\/wp-content\/uploads\/2024\/11\/henan-camp-logo.png","width":50,"height":48,"caption":"Camp golfcart"}]}},"jetpack_sharing_enabled":true,"_links":{"self":[{"href":"https:\/\/www.campgolfcart.com\/fr\/wp-json\/wp\/v2\/product\/4660","targetHints":{"allow":["GET"]}}],"collection":[{"href":"https:\/\/www.campgolfcart.com\/fr\/wp-json\/wp\/v2\/product"}],"about":[{"href":"https:\/\/www.campgolfcart.com\/fr\/wp-json\/wp\/v2\/types\/product"}],"version-history":[{"count":4,"href":"https:\/\/www.campgolfcart.com\/fr\/wp-json\/wp\/v2\/product\/4660\/revisions"}],"predecessor-version":[{"id":4690,"href":"https:\/\/www.campgolfcart.com\/fr\/wp-json\/wp\/v2\/product\/4660\/revisions\/4690"}],"wp:featuredmedia":[{"embeddable":true,"href":"https:\/\/www.campgolfcart.com\/fr\/wp-json\/wp\/v2\/media\/4663"}],"wp:attachment":[{"href":"https:\/\/www.campgolfcart.com\/fr\/wp-json\/wp\/v2\/media?parent=4660"}],"wp:term":[{"taxonomy":"product_brand","embeddable":true,"href":"https:\/\/www.campgolfcart.com\/fr\/wp-json\/wp\/v2\/product_brand?post=4660"},{"taxonomy":"product_cat","embeddable":true,"href":"https:\/\/www.campgolfcart.com\/fr\/wp-json\/wp\/v2\/product_cat?post=4660"},{"taxonomy":"product_tag","embeddable":true,"href":"https:\/\/www.campgolfcart.com\/fr\/wp-json\/wp\/v2\/product_tag?post=4660"}],"curies":[{"name":"wp","href":"https:\/\/api.w.org\/{rel}","templated":true}]}}