{"id":4954,"date":"2026-04-23T11:12:57","date_gmt":"2026-04-23T03:12:57","guid":{"rendered":"https:\/\/www.campgolfcart.com\/?post_type=product&#038;p=4954"},"modified":"2026-04-23T15:13:35","modified_gmt":"2026-04-23T07:13:35","slug":"custom-electric-golf-carts-for-sale-in-belize-4-seater-from-camp","status":"publish","type":"product","link":"https:\/\/www.campgolfcart.com\/fr\/product\/custom-electric-golf-carts-for-sale-in-belize-4-seater-from-camp\/","title":{"rendered":"Voiturette de golf personnalis\u00e9e \u00e0 4 passagers au Belize | Chariot \u00e9lectrique pour complexe et parcours de golf"},"content":{"rendered":"","protected":false},"excerpt":{"rendered":"<p>Mod\u00e8le : voiturette de golf \u00e9lectrique 4 places<br \/>\nVitesse maximale : 30-50 km\/h<br \/>\nContr\u00f4le \u00e9lectronique : contr\u00f4le \u00e9lectronique intelligent 5 kW AC.<br \/>\nMoteur\u00a0: moteur \u00e0 courant alternatif 3\/4\/5\u00a0KW<\/p>\n<p>Ce <strong data-start=\"47\" data-end=\"76\">Voiturette de golf \u00e9lectrique 4 places<\/strong> est con\u00e7u pour les terrains de golf, les centres de vill\u00e9giature, les parcs, les communaut\u00e9s et les lieux commerciaux. Aliment\u00e9 par un syst\u00e8me \u00e9lectrique \u00e0 haut rendement avec une batterie au lithium en option, il offre des performances fluides, une longue autonomie et un faible co\u00fbt d'exploitation. Le chariot prend en charge <strong data-start=\"327\" data-end=\"349\">personnalisation compl\u00e8te<\/strong>, y compris la couleur, les si\u00e8ges, la capacit\u00e9 de la batterie et les accessoires tels que les housses de pluie, les p\u00e9dales et les haut-parleurs Bluetooth. Certifi\u00e9 avec <strong data-start=\"475\" data-end=\"516\">Normes CE et internationales d'exportation<\/strong>, nos voiturettes de golf sont export\u00e9es vers <strong data-start=\"549\" data-end=\"579\">Plus de 200 pays et r\u00e9gions<\/strong> et jouissent d'une grande confiance aupr\u00e8s des clients du monde entier. UN <strong data-start=\"629\" data-end=\"675\">\u00c9quipe de service apr\u00e8s-vente professionnelle 24h\/24 et 7j\/7<\/strong> garantit un support fiable et une exp\u00e9rience sans souci.<\/p>","protected":false},"featured_media":4961,"template":"","meta":{"site-sidebar-layout":"no-sidebar","site-content-layout":"page-builder","ast-global-header-display":"","ast-banner-title-visibility":"","ast-main-header-display":"","ast-hfb-above-header-display":"","ast-hfb-below-header-display":"","ast-hfb-mobile-header-display":"","site-post-title":"disabled","ast-breadcrumbs-content":"","ast-featured-img":"disabled","footer-sml-layout":"","theme-transparent-header-meta":"default","adv-header-id-meta":"","stick-header-meta":"","header-above-stick-meta":"","header-main-stick-meta":"","header-below-stick-meta":""},"product_brand":[376],"product_cat":[33],"product_tag":[555,261,558,564,567,51,556,573,570,562,569,557,43,99,568,75,574,572,560,563,565,313,559,571,561,566],"class_list":{"0":"post-4954","1":"product","2":"type-product","3":"status-publish","4":"has-post-thumbnail","6":"product_brand-camp","7":"product_cat-product","8":"product_tag-4-seat-electric-golf-cart","9":"product_tag-4-seat-golf-cart","10":"product_tag-belize-golf-cart-supplier","11":"product_tag-custom-golf-cart-belize","12":"product_tag-electric-buggy-belize","13":"product_tag-electric-golf-cart","14":"product_tag-electric-golf-cart-belize","15":"product_tag-electric-park-vehicle-belize","16":"product_tag-electric-resort-vehicle-belize","17":"product_tag-electric-shuttle-cart-belize","18":"product_tag-electric-transport-cart-belize","19":"product_tag-golf-cart-for-sale-belize","20":"product_tag-golf-cart-manufacturer","21":"product_tag-golf-cart-price","22":"product_tag-golf-course-cart-belize","23":"product_tag-golf-course-golf-cart","24":"product_tag-golf-driving-range-cart-belize","25":"product_tag-hotel-shuttle-cart-belize","26":"product_tag-island-golf-cart-belize","27":"product_tag-lithium-golf-cart-belize","28":"product_tag-passenger-golf-cart-belize","29":"product_tag-resort-golf-cart","30":"product_tag-resort-golf-cart-belize","31":"product_tag-sightseeing-golf-cart-belize","32":"product_tag-tourist-golf-cart-belize","33":"product_tag-utility-golf-cart-belize","34":"desktop-align-left","35":"tablet-align-left","36":"mobile-align-left","38":"first","39":"instock","40":"shipping-taxable","41":"product-type-simple"},"yoast_head":"<!-- This site is optimized with the Yoast SEO Premium plugin v27.5 (Yoast SEO v27.5) - https:\/\/yoast.com\/product\/yoast-seo-premium-wordpress\/ -->\n<title>Electric Golf Carts for Sale in Belize | 2-10 Seat Custom Golf Cart Manufacturer<\/title>\n<meta name=\"description\" content=\"4-seat electric golf cart for sale in Belize with custom colors, seats, and lithium battery options. CE-certified manufacturer exporting golf carts worldwide. Ideal for golf courses, resorts, parks, and communities. Factory direct price with 24\/7 after-sales service. Contact us today.\" \/>\n<meta name=\"robots\" content=\"index, follow, max-snippet:-1, max-image-preview:large, max-video-preview:-1\" \/>\n<link rel=\"canonical\" href=\"https:\/\/www.campgolfcart.com\/fr\/product\/custom-electric-golf-carts-for-sale-in-belize-4-seater-from-camp\/\" \/>\n<meta property=\"og:locale\" content=\"fr_FR\" \/>\n<meta property=\"og:type\" content=\"article\" \/>\n<meta property=\"og:title\" content=\"Custom 4 Passenger Golf Cart in Belize | Electric Resort &amp; Golf Course Cart\" \/>\n<meta property=\"og:description\" content=\"4-seat electric golf cart for sale in Belize with custom colors, seats, and lithium battery options. CE-certified manufacturer exporting golf carts worldwide. Ideal for golf courses, resorts, parks, and communities. Factory direct price with 24\/7 after-sales service. Contact us today.\" \/>\n<meta property=\"og:url\" content=\"https:\/\/www.campgolfcart.com\/fr\/product\/custom-electric-golf-carts-for-sale-in-belize-4-seater-from-camp\/\" \/>\n<meta property=\"og:site_name\" content=\"Golf Carts Export Worldwide\" \/>\n<meta property=\"article:modified_time\" content=\"2026-04-23T07:13:35+00:00\" \/>\n<meta property=\"og:image\" content=\"https:\/\/www.campgolfcart.com\/wp-content\/uploads\/2026\/04\/\u4e3b\u56fe-\u62f7\u8d1d-7-3.jpg\" \/>\n\t<meta property=\"og:image:width\" content=\"800\" \/>\n\t<meta property=\"og:image:height\" content=\"800\" \/>\n\t<meta property=\"og:image:type\" content=\"image\/jpeg\" \/>\n<meta name=\"twitter:card\" content=\"summary_large_image\" \/>\n<meta name=\"twitter:label1\" content=\"Est. reading time\" \/>\n\t<meta name=\"twitter:data1\" content=\"1 minute\" \/>\n<script type=\"application\/ld+json\" class=\"yoast-schema-graph\">{\"@context\":\"https:\\\/\\\/schema.org\",\"@graph\":[{\"@type\":\"WebPage\",\"@id\":\"https:\\\/\\\/www.campgolfcart.com\\\/product\\\/custom-electric-golf-carts-for-sale-in-belize-4-seater-from-camp\\\/\",\"url\":\"https:\\\/\\\/www.campgolfcart.com\\\/product\\\/custom-electric-golf-carts-for-sale-in-belize-4-seater-from-camp\\\/\",\"name\":\"Electric Golf Carts for Sale in Belize | 2-10 Seat Custom Golf Cart Manufacturer\",\"isPartOf\":{\"@id\":\"https:\\\/\\\/www.campgolfcart.com\\\/#website\"},\"primaryImageOfPage\":{\"@id\":\"https:\\\/\\\/www.campgolfcart.com\\\/product\\\/custom-electric-golf-carts-for-sale-in-belize-4-seater-from-camp\\\/#primaryimage\"},\"image\":{\"@id\":\"https:\\\/\\\/www.campgolfcart.com\\\/product\\\/custom-electric-golf-carts-for-sale-in-belize-4-seater-from-camp\\\/#primaryimage\"},\"thumbnailUrl\":\"https:\\\/\\\/www.campgolfcart.com\\\/wp-content\\\/uploads\\\/2026\\\/04\\\/\u4e3b\u56fe-\u62f7\u8d1d-7-3.jpg\",\"datePublished\":\"2026-04-23T03:12:57+00:00\",\"dateModified\":\"2026-04-23T07:13:35+00:00\",\"description\":\"4-seat electric golf cart for sale in Belize with custom colors, seats, and lithium battery options. CE-certified manufacturer exporting golf carts worldwide. Ideal for golf courses, resorts, parks, and communities. Factory direct price with 24\\\/7 after-sales service. Contact us today.\",\"breadcrumb\":{\"@id\":\"https:\\\/\\\/www.campgolfcart.com\\\/product\\\/custom-electric-golf-carts-for-sale-in-belize-4-seater-from-camp\\\/#breadcrumb\"},\"inLanguage\":\"fr-FR\",\"potentialAction\":[{\"@type\":\"ReadAction\",\"target\":[\"https:\\\/\\\/www.campgolfcart.com\\\/product\\\/custom-electric-golf-carts-for-sale-in-belize-4-seater-from-camp\\\/\"]}]},{\"@type\":\"ImageObject\",\"inLanguage\":\"fr-FR\",\"@id\":\"https:\\\/\\\/www.campgolfcart.com\\\/product\\\/custom-electric-golf-carts-for-sale-in-belize-4-seater-from-camp\\\/#primaryimage\",\"url\":\"https:\\\/\\\/www.campgolfcart.com\\\/wp-content\\\/uploads\\\/2026\\\/04\\\/\u4e3b\u56fe-\u62f7\u8d1d-7-3.jpg\",\"contentUrl\":\"https:\\\/\\\/www.campgolfcart.com\\\/wp-content\\\/uploads\\\/2026\\\/04\\\/\u4e3b\u56fe-\u62f7\u8d1d-7-3.jpg\",\"width\":800,\"height\":800},{\"@type\":\"BreadcrumbList\",\"@id\":\"https:\\\/\\\/www.campgolfcart.com\\\/product\\\/custom-electric-golf-carts-for-sale-in-belize-4-seater-from-camp\\\/#breadcrumb\",\"itemListElement\":[{\"@type\":\"ListItem\",\"position\":1,\"name\":\"Home\",\"item\":\"https:\\\/\\\/www.campgolfcart.com\\\/\"},{\"@type\":\"ListItem\",\"position\":2,\"name\":\"\u5546\u5e97\",\"item\":\"https:\\\/\\\/www.campgolfcart.com\\\/shop\\\/\"},{\"@type\":\"ListItem\",\"position\":3,\"name\":\"Custom 4 Passenger Golf Cart in Belize | Electric Resort &#038; Golf Course Cart\"}]},{\"@type\":\"WebSite\",\"@id\":\"https:\\\/\\\/www.campgolfcart.com\\\/#website\",\"url\":\"https:\\\/\\\/www.campgolfcart.com\\\/\",\"name\":\"Camp golfcart\",\"description\":\"\",\"publisher\":{\"@id\":\"https:\\\/\\\/www.campgolfcart.com\\\/#organization\"},\"potentialAction\":[{\"@type\":\"SearchAction\",\"target\":{\"@type\":\"EntryPoint\",\"urlTemplate\":\"https:\\\/\\\/www.campgolfcart.com\\\/?s={search_term_string}\"},\"query-input\":{\"@type\":\"PropertyValueSpecification\",\"valueRequired\":true,\"valueName\":\"search_term_string\"}}],\"inLanguage\":\"fr-FR\"},{\"@type\":[\"Organization\",\"Place\"],\"@id\":\"https:\\\/\\\/www.campgolfcart.com\\\/#organization\",\"name\":\"Camp golfcart\",\"url\":\"https:\\\/\\\/www.campgolfcart.com\\\/\",\"logo\":{\"@id\":\"https:\\\/\\\/www.campgolfcart.com\\\/product\\\/custom-electric-golf-carts-for-sale-in-belize-4-seater-from-camp\\\/#local-main-organization-logo\"},\"image\":{\"@id\":\"https:\\\/\\\/www.campgolfcart.com\\\/product\\\/custom-electric-golf-carts-for-sale-in-belize-4-seater-from-camp\\\/#local-main-organization-logo\"},\"telephone\":[],\"openingHoursSpecification\":[{\"@type\":\"OpeningHoursSpecification\",\"dayOfWeek\":[\"Monday\",\"Tuesday\",\"Wednesday\",\"Thursday\",\"Friday\",\"Saturday\",\"Sunday\"],\"opens\":\"09:00\",\"closes\":\"17:00\"}]},{\"@type\":\"ImageObject\",\"inLanguage\":\"fr-FR\",\"@id\":\"https:\\\/\\\/www.campgolfcart.com\\\/product\\\/custom-electric-golf-carts-for-sale-in-belize-4-seater-from-camp\\\/#local-main-organization-logo\",\"url\":\"https:\\\/\\\/www.campgolfcart.com\\\/wp-content\\\/uploads\\\/2024\\\/11\\\/henan-camp-logo.png\",\"contentUrl\":\"https:\\\/\\\/www.campgolfcart.com\\\/wp-content\\\/uploads\\\/2024\\\/11\\\/henan-camp-logo.png\",\"width\":50,\"height\":48,\"caption\":\"Camp golfcart\"}]}<\/script>\n<!-- \/ Yoast SEO Premium plugin. -->","yoast_head_json":{"title":"Voiturettes de golf \u00e9lectriques \u00e0 vendre au Belize | Fabricant de voiturettes de golf personnalis\u00e9es de 2 \u00e0 10 places","description":"Voiturette de golf \u00e9lectrique 4 places \u00e0 vendre au Belize avec des couleurs, des si\u00e8ges et des options de batterie au lithium personnalis\u00e9s. Fabricant certifi\u00e9 CE exportant des voiturettes de golf dans le monde entier. Id\u00e9al pour les terrains de golf, les centres de vill\u00e9giature, les parcs et les communaut\u00e9s. Prix \u200b\u200bdirect usine avec service apr\u00e8s-vente 24h\/24 et 7j\/7. Contactez-nous aujourd'hui.","robots":{"index":"index","follow":"follow","max-snippet":"max-snippet:-1","max-image-preview":"max-image-preview:large","max-video-preview":"max-video-preview:-1"},"canonical":"https:\/\/www.campgolfcart.com\/fr\/product\/custom-electric-golf-carts-for-sale-in-belize-4-seater-from-camp\/","og_locale":"fr_FR","og_type":"article","og_title":"Custom 4 Passenger Golf Cart in Belize | Electric Resort & Golf Course Cart","og_description":"4-seat electric golf cart for sale in Belize with custom colors, seats, and lithium battery options. CE-certified manufacturer exporting golf carts worldwide. Ideal for golf courses, resorts, parks, and communities. Factory direct price with 24\/7 after-sales service. Contact us today.","og_url":"https:\/\/www.campgolfcart.com\/fr\/product\/custom-electric-golf-carts-for-sale-in-belize-4-seater-from-camp\/","og_site_name":"Golf Carts Export Worldwide","article_modified_time":"2026-04-23T07:13:35+00:00","og_image":[{"width":800,"height":800,"url":"https:\/\/www.campgolfcart.com\/wp-content\/uploads\/2026\/04\/\u4e3b\u56fe-\u62f7\u8d1d-7-3.jpg","type":"image\/jpeg"}],"twitter_card":"summary_large_image","twitter_misc":{"Est. reading time":"1 minute"},"schema":{"@context":"https:\/\/schema.org","@graph":[{"@type":"WebPage","@id":"https:\/\/www.campgolfcart.com\/product\/custom-electric-golf-carts-for-sale-in-belize-4-seater-from-camp\/","url":"https:\/\/www.campgolfcart.com\/product\/custom-electric-golf-carts-for-sale-in-belize-4-seater-from-camp\/","name":"Voiturettes de golf \u00e9lectriques \u00e0 vendre au Belize | Fabricant de voiturettes de golf personnalis\u00e9es de 2 \u00e0 10 places","isPartOf":{"@id":"https:\/\/www.campgolfcart.com\/#website"},"primaryImageOfPage":{"@id":"https:\/\/www.campgolfcart.com\/product\/custom-electric-golf-carts-for-sale-in-belize-4-seater-from-camp\/#primaryimage"},"image":{"@id":"https:\/\/www.campgolfcart.com\/product\/custom-electric-golf-carts-for-sale-in-belize-4-seater-from-camp\/#primaryimage"},"thumbnailUrl":"https:\/\/www.campgolfcart.com\/wp-content\/uploads\/2026\/04\/\u4e3b\u56fe-\u62f7\u8d1d-7-3.jpg","datePublished":"2026-04-23T03:12:57+00:00","dateModified":"2026-04-23T07:13:35+00:00","description":"Voiturette de golf \u00e9lectrique 4 places \u00e0 vendre au Belize avec des couleurs, des si\u00e8ges et des options de batterie au lithium personnalis\u00e9s. Fabricant certifi\u00e9 CE exportant des voiturettes de golf dans le monde entier. Id\u00e9al pour les terrains de golf, les centres de vill\u00e9giature, les parcs et les communaut\u00e9s. Prix \u200b\u200bdirect usine avec service apr\u00e8s-vente 24h\/24 et 7j\/7. Contactez-nous aujourd'hui.","breadcrumb":{"@id":"https:\/\/www.campgolfcart.com\/product\/custom-electric-golf-carts-for-sale-in-belize-4-seater-from-camp\/#breadcrumb"},"inLanguage":"fr-FR","potentialAction":[{"@type":"ReadAction","target":["https:\/\/www.campgolfcart.com\/product\/custom-electric-golf-carts-for-sale-in-belize-4-seater-from-camp\/"]}]},{"@type":"ImageObject","inLanguage":"fr-FR","@id":"https:\/\/www.campgolfcart.com\/product\/custom-electric-golf-carts-for-sale-in-belize-4-seater-from-camp\/#primaryimage","url":"https:\/\/www.campgolfcart.com\/wp-content\/uploads\/2026\/04\/\u4e3b\u56fe-\u62f7\u8d1d-7-3.jpg","contentUrl":"https:\/\/www.campgolfcart.com\/wp-content\/uploads\/2026\/04\/\u4e3b\u56fe-\u62f7\u8d1d-7-3.jpg","width":800,"height":800},{"@type":"BreadcrumbList","@id":"https:\/\/www.campgolfcart.com\/product\/custom-electric-golf-carts-for-sale-in-belize-4-seater-from-camp\/#breadcrumb","itemListElement":[{"@type":"ListItem","position":1,"name":"Home","item":"https:\/\/www.campgolfcart.com\/"},{"@type":"ListItem","position":2,"name":"\u5546\u5e97","item":"https:\/\/www.campgolfcart.com\/shop\/"},{"@type":"ListItem","position":3,"name":"Custom 4 Passenger Golf Cart in Belize | Electric Resort &#038; Golf Course Cart"}]},{"@type":"WebSite","@id":"https:\/\/www.campgolfcart.com\/#website","url":"https:\/\/www.campgolfcart.com\/","name":"Voiturette de golf du camp","description":"","publisher":{"@id":"https:\/\/www.campgolfcart.com\/#organization"},"potentialAction":[{"@type":"SearchAction","target":{"@type":"EntryPoint","urlTemplate":"https:\/\/www.campgolfcart.com\/?s={search_term_string}"},"query-input":{"@type":"PropertyValueSpecification","valueRequired":true,"valueName":"search_term_string"}}],"inLanguage":"fr-FR"},{"@type":["Organization","Place"],"@id":"https:\/\/www.campgolfcart.com\/#organization","name":"Voiturette de golf du camp","url":"https:\/\/www.campgolfcart.com\/","logo":{"@id":"https:\/\/www.campgolfcart.com\/product\/custom-electric-golf-carts-for-sale-in-belize-4-seater-from-camp\/#local-main-organization-logo"},"image":{"@id":"https:\/\/www.campgolfcart.com\/product\/custom-electric-golf-carts-for-sale-in-belize-4-seater-from-camp\/#local-main-organization-logo"},"telephone":[],"openingHoursSpecification":[{"@type":"OpeningHoursSpecification","dayOfWeek":["Monday","Tuesday","Wednesday","Thursday","Friday","Saturday","Sunday"],"opens":"09:00","closes":"17:00"}]},{"@type":"ImageObject","inLanguage":"fr-FR","@id":"https:\/\/www.campgolfcart.com\/product\/custom-electric-golf-carts-for-sale-in-belize-4-seater-from-camp\/#local-main-organization-logo","url":"https:\/\/www.campgolfcart.com\/wp-content\/uploads\/2024\/11\/henan-camp-logo.png","contentUrl":"https:\/\/www.campgolfcart.com\/wp-content\/uploads\/2024\/11\/henan-camp-logo.png","width":50,"height":48,"caption":"Camp golfcart"}]}},"jetpack_sharing_enabled":true,"_links":{"self":[{"href":"https:\/\/www.campgolfcart.com\/fr\/wp-json\/wp\/v2\/product\/4954","targetHints":{"allow":["GET"]}}],"collection":[{"href":"https:\/\/www.campgolfcart.com\/fr\/wp-json\/wp\/v2\/product"}],"about":[{"href":"https:\/\/www.campgolfcart.com\/fr\/wp-json\/wp\/v2\/types\/product"}],"version-history":[{"count":2,"href":"https:\/\/www.campgolfcart.com\/fr\/wp-json\/wp\/v2\/product\/4954\/revisions"}],"predecessor-version":[{"id":4979,"href":"https:\/\/www.campgolfcart.com\/fr\/wp-json\/wp\/v2\/product\/4954\/revisions\/4979"}],"wp:featuredmedia":[{"embeddable":true,"href":"https:\/\/www.campgolfcart.com\/fr\/wp-json\/wp\/v2\/media\/4961"}],"wp:attachment":[{"href":"https:\/\/www.campgolfcart.com\/fr\/wp-json\/wp\/v2\/media?parent=4954"}],"wp:term":[{"taxonomy":"product_brand","embeddable":true,"href":"https:\/\/www.campgolfcart.com\/fr\/wp-json\/wp\/v2\/product_brand?post=4954"},{"taxonomy":"product_cat","embeddable":true,"href":"https:\/\/www.campgolfcart.com\/fr\/wp-json\/wp\/v2\/product_cat?post=4954"},{"taxonomy":"product_tag","embeddable":true,"href":"https:\/\/www.campgolfcart.com\/fr\/wp-json\/wp\/v2\/product_tag?post=4954"}],"curies":[{"name":"wp","href":"https:\/\/api.w.org\/{rel}","templated":true}]}}